{"id":99,"date":"2019-05-02T11:20:16","date_gmt":"2019-05-02T09:20:16","guid":{"rendered":"https:\/\/www.braunavigatoren.de\/?page_id=99"},"modified":"2021-12-11T16:34:01","modified_gmt":"2021-12-11T15:34:01","slug":"no-9","status":"publish","type":"page","link":"https:\/\/www.braunavigatoren.de\/?page_id=99","title":{"rendered":"Unser &#8222;Mobile 13&#8220;"},"content":{"rendered":"\n<figure class=\"wp-block-image\"><img loading=\"lazy\" decoding=\"async\" width=\"1024\" height=\"613\" src=\"https:\/\/www.braunavigatoren.de\/wp-content\/uploads\/2019\/10\/Bier-mobil13b-1024x613.jpg\" alt=\"\" class=\"wp-image-304\" srcset=\"https:\/\/www.braunavigatoren.de\/wp-content\/uploads\/2019\/10\/Bier-mobil13b-1024x613.jpg 1024w, https:\/\/www.braunavigatoren.de\/wp-content\/uploads\/2019\/10\/Bier-mobil13b-300x180.jpg 300w, https:\/\/www.braunavigatoren.de\/wp-content\/uploads\/2019\/10\/Bier-mobil13b-768x460.jpg 768w, https:\/\/www.braunavigatoren.de\/wp-content\/uploads\/2019\/10\/Bier-mobil13b-1200x719.jpg 1200w\" sizes=\"auto, (max-width: 709px) 85vw, (max-width: 909px) 67vw, (max-width: 1362px) 62vw, 840px\" \/><\/figure>\n\n\n\n<p><strong>MOBILE 13<\/strong><br><strong>Datum:<\/strong> 10.11.2012<br><strong>Verfahren:<\/strong> aufsteigende Infusion<br><strong>Biersorte:<\/strong> Pilsner<br><strong>Hauptguss:<\/strong>  16 Liter<br><strong>Nachguss:<\/strong> 14 Liter<br><strong>Sch\u00fcttung:<\/strong> 5000 gr Pilsner Malz, 5 gr. Braugips<br><strong>Einmaischen:<\/strong> 50\u00b0 C<br><strong>Eiweissrast:<\/strong>  15 Min. bei 55\u00b0 C<br><strong>Maltoserast<\/strong>:  40 Min. bei 64\u00b0 C<br><strong>Verzuckerungsrast:<\/strong>  20 Min. bei 70\u00b0 C, 20 min. bei 78\u00b0 C<br><strong>Abmaischen:<\/strong> bei 78\u00b0 C<br><strong>Kochzeit W\u00fcrze:<\/strong>  90Min.<br><strong>Hopfen:<\/strong> Hallertauer Tradition und Saphyr, 2\/3 f\u00fcr 90 min., 1\/3 f\u00fcr 10 min.<br><strong>Speise:<\/strong> 2 Liter<br><strong>Stammw\u00fcrze:<\/strong>  15,7 %<br><strong>Hefe:<\/strong> Wyeast Czech Pils, unterg\u00e4rig<br><strong>G\u00e4rtemperatur:<\/strong> 11-12\u00b0 C<br><strong>G\u00e4rdauer:<\/strong> 10 Tage<br><strong>Abgef\u00fcllte Menge:<\/strong>  18,5 Liter<br><\/p>\n\n\n\n<p><strong>Ergebnis\/Bewertung:<br><\/strong>Vor dem Abf\u00fcllen gab es leider einen kleinen Unfall und ein Gro\u00dfteil des Bieres wurde versch\u00fcttet. Da hat Ottmar schnell nochmal nachgebraut &#8211; daher die lange G\u00e4rdauer \ud83d\ude09<br>Das Ergebnis ist ein gutes, selbstgebrautes Pils mit ausgepr\u00e4gtem Hopfengeschmack und ungewohnt stark (etwa 5,3 % alc.)<\/p>\n\n\n\n<p><\/p>\n","protected":false},"excerpt":{"rendered":"<p>MOBILE 13Datum: 10.11.2012Verfahren: aufsteigende InfusionBiersorte: PilsnerHauptguss: 16 LiterNachguss: 14 LiterSch\u00fcttung: 5000 gr Pilsner Malz, 5 gr. BraugipsEinmaischen: 50\u00b0 CEiweissrast: 15 Min. bei 55\u00b0 CMaltoserast: 40 Min. bei 64\u00b0 CVerzuckerungsrast: 20 Min. bei 70\u00b0 C, 20 min. bei 78\u00b0 CAbmaischen: bei 78\u00b0 CKochzeit W\u00fcrze: 90Min.Hopfen: Hallertauer Tradition und Saphyr, 2\/3 f\u00fcr 90 min., 1\/3 f\u00fcr 10 &hellip; <a href=\"https:\/\/www.braunavigatoren.de\/?page_id=99\" class=\"more-link\"><span class=\"screen-reader-text\">\u201eUnser &#8222;Mobile 13&#8220;\u201c <\/span>weiterlesen<\/a><\/p>\n","protected":false},"author":2,"featured_media":0,"parent":59,"menu_order":2,"comment_status":"closed","ping_status":"closed","template":"","meta":{"footnotes":""},"class_list":["post-99","page","type-page","status-publish","hentry"],"_links":{"self":[{"href":"https:\/\/www.braunavigatoren.de\/index.php?rest_route=\/wp\/v2\/pages\/99","targetHints":{"allow":["GET"]}}],"collection":[{"href":"https:\/\/www.braunavigatoren.de\/index.php?rest_route=\/wp\/v2\/pages"}],"about":[{"href":"https:\/\/www.braunavigatoren.de\/index.php?rest_route=\/wp\/v2\/types\/page"}],"author":[{"embeddable":true,"href":"https:\/\/www.braunavigatoren.de\/index.php?rest_route=\/wp\/v2\/users\/2"}],"replies":[{"embeddable":true,"href":"https:\/\/www.braunavigatoren.de\/index.php?rest_route=%2Fwp%2Fv2%2Fcomments&post=99"}],"version-history":[{"count":7,"href":"https:\/\/www.braunavigatoren.de\/index.php?rest_route=\/wp\/v2\/pages\/99\/revisions"}],"predecessor-version":[{"id":652,"href":"https:\/\/www.braunavigatoren.de\/index.php?rest_route=\/wp\/v2\/pages\/99\/revisions\/652"}],"up":[{"embeddable":true,"href":"https:\/\/www.braunavigatoren.de\/index.php?rest_route=\/wp\/v2\/pages\/59"}],"wp:attachment":[{"href":"https:\/\/www.braunavigatoren.de\/index.php?rest_route=%2Fwp%2Fv2%2Fmedia&parent=99"}],"curies":[{"name":"wp","href":"https:\/\/api.w.org\/{rel}","templated":true}]}}