{"id":96,"date":"2019-05-02T11:19:29","date_gmt":"2019-05-02T09:19:29","guid":{"rendered":"https:\/\/www.braunavigatoren.de\/?page_id=96"},"modified":"2021-12-11T17:35:24","modified_gmt":"2021-12-11T16:35:24","slug":"no-8","status":"publish","type":"page","link":"https:\/\/www.braunavigatoren.de\/?page_id=96","title":{"rendered":"Unser &#8222;Valentinus&#8220;"},"content":{"rendered":"\n<figure class=\"wp-block-image size-full\"><img loading=\"lazy\" decoding=\"async\" width=\"404\" height=\"400\" src=\"https:\/\/www.braunavigatoren.de\/wp-content\/uploads\/2021\/12\/g879.png\" alt=\"\" class=\"wp-image-656\" srcset=\"https:\/\/www.braunavigatoren.de\/wp-content\/uploads\/2021\/12\/g879.png 404w, https:\/\/www.braunavigatoren.de\/wp-content\/uploads\/2021\/12\/g879-300x297.png 300w, https:\/\/www.braunavigatoren.de\/wp-content\/uploads\/2021\/12\/g879-150x150.png 150w\" sizes=\"auto, (max-width: 404px) 85vw, 404px\" \/><\/figure>\n\n\n\n<p><strong>V<\/strong>ALENTINUS<br><strong>Datum:<\/strong> 14.2.2015<br><strong>Verfahren:<\/strong> aufsteigende Infusion<br><strong>Biersorte:<\/strong> M\u00e4rzen<br><strong>Hauptguss:<\/strong> 15 Liter<br><strong>Nachguss:<\/strong>  15 Liter<br><strong>Sch\u00fcttung:<\/strong> 2000 gr. Wiener Malz, 2000 gr. Pilsner Malz, 850 gr. Farbmalz<br><strong>Einmaischen:<\/strong> 60\u00b0 C<br><strong>Eiweissrast:<\/strong>  10 Min. bei 57\u00b0 C<br><strong>Maltoserast<\/strong>:  45 Min. bei 63\u00b0 C<br><strong>Verzuckerungsrast:<\/strong>  20 Min. bei 77\u00b0 C<br><strong>Abmaischen:<\/strong> bei 78\u00b0 C<br><strong>Kochzeit W\u00fcrze:<\/strong>  90 Min.<br><strong>Hopfen:<\/strong> Perle f\u00fcr 90 min., Hallertauer Tradition f\u00fcr 70 min., Saazer f\u00fcr 5 min. (Mengen und alpha wurden leider nicht notiert)<br><strong>Speise:<\/strong>  1,5 Liter<br><strong>Stammw\u00fcrze:<\/strong> 13,5 %<br><strong>Hefe:<\/strong> Wyeast Pilsner, unterg\u00e4rig<br><strong>G\u00e4rtemperatur:<\/strong> 14-15\u00b0 C<br><strong>G\u00e4rdauer:<\/strong>  5 Tage<br><strong>Abgef\u00fcllte Menge:<\/strong>  18 Liter<br><\/p>\n\n\n\n<p><strong>Ergebnis\/Bewertung:<\/strong><br>keine Notizen<\/p>\n","protected":false},"excerpt":{"rendered":"<p>VALENTINUSDatum: 14.2.2015Verfahren: aufsteigende InfusionBiersorte: M\u00e4rzenHauptguss: 15 LiterNachguss: 15 LiterSch\u00fcttung: 2000 gr. Wiener Malz, 2000 gr. Pilsner Malz, 850 gr. FarbmalzEinmaischen: 60\u00b0 CEiweissrast: 10 Min. bei 57\u00b0 CMaltoserast: 45 Min. bei 63\u00b0 CVerzuckerungsrast: 20 Min. bei 77\u00b0 CAbmaischen: bei 78\u00b0 CKochzeit W\u00fcrze: 90 Min.Hopfen: Perle f\u00fcr 90 min., Hallertauer Tradition f\u00fcr 70 min., Saazer f\u00fcr 5 &hellip; <a href=\"https:\/\/www.braunavigatoren.de\/?page_id=96\" class=\"more-link\"><span class=\"screen-reader-text\">\u201eUnser &#8222;Valentinus&#8220;\u201c <\/span>weiterlesen<\/a><\/p>\n","protected":false},"author":2,"featured_media":0,"parent":59,"menu_order":5,"comment_status":"closed","ping_status":"closed","template":"","meta":{"footnotes":""},"class_list":["post-96","page","type-page","status-publish","hentry"],"_links":{"self":[{"href":"https:\/\/www.braunavigatoren.de\/index.php?rest_route=\/wp\/v2\/pages\/96","targetHints":{"allow":["GET"]}}],"collection":[{"href":"https:\/\/www.braunavigatoren.de\/index.php?rest_route=\/wp\/v2\/pages"}],"about":[{"href":"https:\/\/www.braunavigatoren.de\/index.php?rest_route=\/wp\/v2\/types\/page"}],"author":[{"embeddable":true,"href":"https:\/\/www.braunavigatoren.de\/index.php?rest_route=\/wp\/v2\/users\/2"}],"replies":[{"embeddable":true,"href":"https:\/\/www.braunavigatoren.de\/index.php?rest_route=%2Fwp%2Fv2%2Fcomments&post=96"}],"version-history":[{"count":9,"href":"https:\/\/www.braunavigatoren.de\/index.php?rest_route=\/wp\/v2\/pages\/96\/revisions"}],"predecessor-version":[{"id":657,"href":"https:\/\/www.braunavigatoren.de\/index.php?rest_route=\/wp\/v2\/pages\/96\/revisions\/657"}],"up":[{"embeddable":true,"href":"https:\/\/www.braunavigatoren.de\/index.php?rest_route=\/wp\/v2\/pages\/59"}],"wp:attachment":[{"href":"https:\/\/www.braunavigatoren.de\/index.php?rest_route=%2Fwp%2Fv2%2Fmedia&parent=96"}],"curies":[{"name":"wp","href":"https:\/\/api.w.org\/{rel}","templated":true}]}}