{"id":89,"date":"2019-05-02T11:14:31","date_gmt":"2019-05-02T09:14:31","guid":{"rendered":"https:\/\/www.braunavigatoren.de\/?page_id=89"},"modified":"2021-12-11T18:03:37","modified_gmt":"2021-12-11T17:03:37","slug":"der-navigator","status":"publish","type":"page","link":"https:\/\/www.braunavigatoren.de\/?page_id=89","title":{"rendered":"Unser &#8222;Navigator&#8220;"},"content":{"rendered":"\n<figure class=\"wp-block-image\"><img loading=\"lazy\" decoding=\"async\" width=\"640\" height=\"477\" src=\"https:\/\/www.braunavigatoren.de\/wp-content\/uploads\/2019\/05\/Navigator8.jpg\" alt=\"\" class=\"wp-image-190\" srcset=\"https:\/\/www.braunavigatoren.de\/wp-content\/uploads\/2019\/05\/Navigator8.jpg 640w, https:\/\/www.braunavigatoren.de\/wp-content\/uploads\/2019\/05\/Navigator8-300x224.jpg 300w\" sizes=\"auto, (max-width: 640px) 85vw, 640px\" \/><figcaption>Dieses Irish-Stout war ein echter Hammer!<\/figcaption><\/figure>\n\n\n\n<p class=\"has-text-align-center\"><\/p>\n\n\n\n<p><strong>NAVIGATOR<\/strong><br><strong>Datum:<\/strong> 4.2.2017<br><strong>Verfahren:<\/strong> aufsteigende Infusion<br><strong>Biersorte:<\/strong> Irish Stout<br><strong>Hauptguss:<\/strong>  15 Liter<br><strong>Nachguss:<\/strong>  17 Liter<br><strong>Sch\u00fcttung:<\/strong> 2000 gr. Pilsner Malz, 4000 gr. M\u00fcnchner Malz, 800 gr. Karamellmalz, 250 gr. Sauermalz, 150 gr. Farb-\/R\u00f6stmalz<br><strong>Einmaischen:<\/strong> 35\u00b0 C<br><strong>Eiweissrast:<\/strong>  ohne<br><strong>Maltoserast<\/strong>:  60 Min. bei 65\u00b0 C<br><strong>Verzuckerungsrast:<\/strong>  20 Min. bei 70\u00b0 C, 20 min bei 78\u00b0 C<br><strong>Abmaischen:<\/strong> bei 78\u00b0 C<br><strong>Kochzeit W\u00fcrze:<\/strong>  90 Min.<br><strong>Hopfen:<\/strong> Hallertauer Perle 8,4 %, 33 gr. f\u00fcr 90 min., 11 gr. f\u00fcr 15 min.<br><strong>Speise:<\/strong>  1,5 Liter<br><strong>Stammw\u00fcrze:<\/strong>  18,72 %<br><strong>Hefe:<\/strong> Wyeast Czech Pils<br><strong>G\u00e4rtemperatur:<\/strong> 12-14\u00b0 C<br><strong>G\u00e4rdauer:<\/strong> 8 Tage<br><strong>Abgef\u00fcllte Menge:<\/strong>  20,5 Liter<br><\/p>\n\n\n\n<p><strong>Ergebnis\/Bewertung:<\/strong><br>Ehrlich gesagt, war erst der &#8222;Navigator&#8220; der eigentliche Namensgeber f\u00fcr unser Brau-Team. Wir alle haben als &#8222;Orientierungs- und Mobilit\u00e4tslehrer*innen&#8220; gearbeitet und wissen, was es bedeutet sich durch die Welt zu navigieren. Und wie gut es ist, ein Bier vorzufinden, wenn man dort ankommt, wo man hinwollte.<br>Der &#8222;Navigator&#8220; war eines unserer besten Biere &#8211; kr\u00e4ftig im Geschmack, etwas rauchig im Abgang, dabei s\u00fcffig und anregend. Angestochen wurde er an einem schon recht warmen Fr\u00fchlingsabend, dem 29. M\u00e4rz 2017. <br>Im Garten war der Fr\u00fchling schon in vollem Gange, es blieb bis zur Dunkelheit warm, danach versorgte uns der Lehmbackofen mit els\u00e4ssischem Flammkuchen &#8211; und der n\u00f6tigen W\u00e4rme, um dem &#8222;Navigator&#8220; noch bis in die tiefe Nacht den angemessenen Tribut zu zollen. Herrlich!<\/p>\n","protected":false},"excerpt":{"rendered":"<p>NAVIGATORDatum: 4.2.2017Verfahren: aufsteigende InfusionBiersorte: Irish StoutHauptguss: 15 LiterNachguss: 17 LiterSch\u00fcttung: 2000 gr. Pilsner Malz, 4000 gr. M\u00fcnchner Malz, 800 gr. Karamellmalz, 250 gr. Sauermalz, 150 gr. Farb-\/R\u00f6stmalzEinmaischen: 35\u00b0 CEiweissrast: ohneMaltoserast: 60 Min. bei 65\u00b0 CVerzuckerungsrast: 20 Min. bei 70\u00b0 C, 20 min bei 78\u00b0 CAbmaischen: bei 78\u00b0 CKochzeit W\u00fcrze: 90 Min.Hopfen: Hallertauer Perle 8,4 %, &hellip; <a href=\"https:\/\/www.braunavigatoren.de\/?page_id=89\" class=\"more-link\"><span class=\"screen-reader-text\">\u201eUnser &#8222;Navigator&#8220;\u201c <\/span>weiterlesen<\/a><\/p>\n","protected":false},"author":2,"featured_media":0,"parent":59,"menu_order":7,"comment_status":"closed","ping_status":"closed","template":"","meta":{"footnotes":""},"class_list":["post-89","page","type-page","status-publish","hentry"],"_links":{"self":[{"href":"https:\/\/www.braunavigatoren.de\/index.php?rest_route=\/wp\/v2\/pages\/89","targetHints":{"allow":["GET"]}}],"collection":[{"href":"https:\/\/www.braunavigatoren.de\/index.php?rest_route=\/wp\/v2\/pages"}],"about":[{"href":"https:\/\/www.braunavigatoren.de\/index.php?rest_route=\/wp\/v2\/types\/page"}],"author":[{"embeddable":true,"href":"https:\/\/www.braunavigatoren.de\/index.php?rest_route=\/wp\/v2\/users\/2"}],"replies":[{"embeddable":true,"href":"https:\/\/www.braunavigatoren.de\/index.php?rest_route=%2Fwp%2Fv2%2Fcomments&post=89"}],"version-history":[{"count":9,"href":"https:\/\/www.braunavigatoren.de\/index.php?rest_route=\/wp\/v2\/pages\/89\/revisions"}],"predecessor-version":[{"id":662,"href":"https:\/\/www.braunavigatoren.de\/index.php?rest_route=\/wp\/v2\/pages\/89\/revisions\/662"}],"up":[{"embeddable":true,"href":"https:\/\/www.braunavigatoren.de\/index.php?rest_route=\/wp\/v2\/pages\/59"}],"wp:attachment":[{"href":"https:\/\/www.braunavigatoren.de\/index.php?rest_route=%2Fwp%2Fv2%2Fmedia&parent=89"}],"curies":[{"name":"wp","href":"https:\/\/api.w.org\/{rel}","templated":true}]}}