{"id":882,"date":"2024-10-27T21:44:22","date_gmt":"2024-10-27T20:44:22","guid":{"rendered":"https:\/\/www.braunavigatoren.de\/?page_id=882"},"modified":"2024-11-02T18:51:11","modified_gmt":"2024-11-02T17:51:11","slug":"rapunzels-4-korn-braeu","status":"publish","type":"page","link":"https:\/\/www.braunavigatoren.de\/?page_id=882","title":{"rendered":"Unser &#8222;Rapunzels 4-Korn-Br\u00e4u&#8220;"},"content":{"rendered":"\n<p id=\"block-3029c06b-aa19-460a-a805-6dcc24329bdf\"><\/p>\n\n\n\n<p id=\"block-abc135f9-7362-4587-8962-c48e1e72a3b1\"><strong>Rapunzels 4-Korn-Br\u00e4u &#8211; english Ale<\/strong><br><strong>Hauptguss:<\/strong> 13 Liter<br><strong>Nachguss:<\/strong> 16 Liter<br><strong>Sch\u00fcttung:<\/strong>  1500 gr. B\u00f6hm. Tennenmalz, 450 gr. Cara Hell,  1000 gr. Weizenmalz, 1000 gr. Roggenmalz, 1000 gr. Dinkelmalz <br><strong>Einmaischen:<\/strong>  35\u00b0 C, nur das Roggenmalz &#8211;  diesen auf 40\u00b0 erhitzen, dann 30 Minuten pausieren. Den Rest einmaischen und auf 55\u00b0 bringen.<br><strong>Eiweissrast:<\/strong> 10 Min.,bei 55\u00b0 C<br><strong>Maltoserast<\/strong>: 30 Min. bei 63\u00b0 C<br><strong>Verzuckerungsrast:<\/strong> 35 Min. bei 72 \u00b0 C<br><strong>Abmaischen:<\/strong> bei 78\u00b0 C<br><strong>Kochzeit W\u00fcrze:<\/strong> 75 Min.<br><strong>Hopfen:<\/strong> Northern Brewer 15 %, insg. 75 Min.<br>Hallertauer Mittelfr\u00fch 8 %, f\u00fcr die letzten 5 Min.<br><strong>Speise:<\/strong> 1,5 Liter<br><strong>Stammw\u00fcrze:<\/strong> 14,11 %<br><strong>Hefe:<\/strong> Safale S04, von Fermentis<br><strong>G\u00e4rtemperatur:<\/strong> 16-18\u00b0 C<br><strong>G\u00e4rdauer:<\/strong> 4-5 Tage<br><strong>Abgef\u00fcllte Menge:<\/strong> 18,5 Liter<br><\/p>\n\n\n\n<p><\/p>\n\n\n\n<p id=\"block-abc135f9-7362-4587-8962-c48e1e72a3b1\"><strong>Ergebnis\/Bewertung:<br><\/strong>Das war ein Brauerlebnis der ganz besonderen Art! <\/p>\n\n\n\n<p id=\"block-8f8519bc-bc98-4919-8df2-54b9230b5aa9\"><\/p>\n\n\n\n<figure class=\"wp-block-gallery has-nested-images columns-default is-cropped wp-block-gallery-1 is-layout-flex wp-block-gallery-is-layout-flex\">\n<figure class=\"wp-block-image size-large\"><img loading=\"lazy\" decoding=\"async\" width=\"1024\" height=\"490\" data-id=\"901\" src=\"https:\/\/www.braunavigatoren.de\/wp-content\/uploads\/2024\/10\/IMG_3A9D473DDEDD-1-1024x490.jpeg\" alt=\"\" class=\"wp-image-901\" srcset=\"https:\/\/www.braunavigatoren.de\/wp-content\/uploads\/2024\/10\/IMG_3A9D473DDEDD-1-1024x490.jpeg 1024w, https:\/\/www.braunavigatoren.de\/wp-content\/uploads\/2024\/10\/IMG_3A9D473DDEDD-1-300x144.jpeg 300w, https:\/\/www.braunavigatoren.de\/wp-content\/uploads\/2024\/10\/IMG_3A9D473DDEDD-1-768x368.jpeg 768w, https:\/\/www.braunavigatoren.de\/wp-content\/uploads\/2024\/10\/IMG_3A9D473DDEDD-1-1536x735.jpeg 1536w, https:\/\/www.braunavigatoren.de\/wp-content\/uploads\/2024\/10\/IMG_3A9D473DDEDD-1-1200x574.jpeg 1200w, https:\/\/www.braunavigatoren.de\/wp-content\/uploads\/2024\/10\/IMG_3A9D473DDEDD-1.jpeg 2048w\" sizes=\"auto, (max-width: 709px) 85vw, (max-width: 909px) 67vw, (max-width: 1362px) 62vw, 840px\" \/><\/figure>\n<\/figure>\n\n\n\n<p><\/p>\n\n\n\n<p id=\"block-abc135f9-7362-4587-8962-c48e1e72a3b1\">In <strong>Am\u00f6nau\/Oberhessen<\/strong> wurde von Boris und Armin (lokaler Profi-Hausbrauer) ein umfangreiches Altbier gebraut. Und dies in einem altem <strong>&#8222;Arnold&#8220;-W\u00e4schetopf mit Holzfeuerung.<\/strong> Paralell dazu haben wir unser 4-Korn-Br\u00e4u gemacht. Ein sehr sch\u00f6ner Brautag auf dem Hof von Inge &amp; Boris, der zum Gl\u00fcck von der heimischen <strong>Latzko-Hausbrauerei <\/strong>mit den n\u00f6tigen Rauschmitteln versorgt wurde.<\/p>\n\n\n\n<figure class=\"wp-block-gallery has-nested-images columns-default is-cropped wp-block-gallery-2 is-layout-flex wp-block-gallery-is-layout-flex\">\n<figure class=\"wp-block-image size-large\"><img loading=\"lazy\" decoding=\"async\" width=\"461\" height=\"1024\" data-id=\"923\" src=\"https:\/\/www.braunavigatoren.de\/wp-content\/uploads\/2024\/11\/IMG_3A7CF0FDF3AF-12-461x1024.png\" alt=\"\" class=\"wp-image-923\" srcset=\"https:\/\/www.braunavigatoren.de\/wp-content\/uploads\/2024\/11\/IMG_3A7CF0FDF3AF-12-461x1024.png 461w, https:\/\/www.braunavigatoren.de\/wp-content\/uploads\/2024\/11\/IMG_3A7CF0FDF3AF-12-135x300.png 135w, https:\/\/www.braunavigatoren.de\/wp-content\/uploads\/2024\/11\/IMG_3A7CF0FDF3AF-12-768x1706.png 768w, https:\/\/www.braunavigatoren.de\/wp-content\/uploads\/2024\/11\/IMG_3A7CF0FDF3AF-12-692x1536.png 692w, https:\/\/www.braunavigatoren.de\/wp-content\/uploads\/2024\/11\/IMG_3A7CF0FDF3AF-12.png 922w\" sizes=\"auto, (max-width: 461px) 85vw, 461px\" \/><figcaption class=\"wp-element-caption\"><strong>Schroten von Hand..<\/strong><\/figcaption><\/figure>\n\n\n\n<figure class=\"wp-block-image size-large\"><img loading=\"lazy\" decoding=\"async\" width=\"461\" height=\"1024\" data-id=\"935\" src=\"https:\/\/www.braunavigatoren.de\/wp-content\/uploads\/2024\/11\/JPEG-Bild-4E2E-A80A-8A-0-461x1024.png\" alt=\"\" class=\"wp-image-935\" srcset=\"https:\/\/www.braunavigatoren.de\/wp-content\/uploads\/2024\/11\/JPEG-Bild-4E2E-A80A-8A-0-461x1024.png 461w, https:\/\/www.braunavigatoren.de\/wp-content\/uploads\/2024\/11\/JPEG-Bild-4E2E-A80A-8A-0-135x300.png 135w, https:\/\/www.braunavigatoren.de\/wp-content\/uploads\/2024\/11\/JPEG-Bild-4E2E-A80A-8A-0-768x1706.png 768w, https:\/\/www.braunavigatoren.de\/wp-content\/uploads\/2024\/11\/JPEG-Bild-4E2E-A80A-8A-0-692x1536.png 692w, https:\/\/www.braunavigatoren.de\/wp-content\/uploads\/2024\/11\/JPEG-Bild-4E2E-A80A-8A-0.png 922w\" sizes=\"auto, (max-width: 461px) 85vw, 461px\" \/><figcaption class=\"wp-element-caption\"><strong>.. und maschienell<\/strong><\/figcaption><\/figure>\n\n\n\n<figure class=\"wp-block-image size-large\"><img loading=\"lazy\" decoding=\"async\" width=\"768\" height=\"1024\" data-id=\"933\" src=\"https:\/\/www.braunavigatoren.de\/wp-content\/uploads\/2024\/11\/IMG_3937-768x1024.png\" alt=\"\" class=\"wp-image-933\" srcset=\"https:\/\/www.braunavigatoren.de\/wp-content\/uploads\/2024\/11\/IMG_3937-768x1024.png 768w, https:\/\/www.braunavigatoren.de\/wp-content\/uploads\/2024\/11\/IMG_3937-225x300.png 225w, https:\/\/www.braunavigatoren.de\/wp-content\/uploads\/2024\/11\/IMG_3937-1152x1536.png 1152w, https:\/\/www.braunavigatoren.de\/wp-content\/uploads\/2024\/11\/IMG_3937-1536x2048.png 1536w, https:\/\/www.braunavigatoren.de\/wp-content\/uploads\/2024\/11\/IMG_3937-1200x1600.png 1200w\" sizes=\"auto, (max-width: 768px) 85vw, 768px\" \/><figcaption class=\"wp-element-caption\"><strong>Der Braukessel&#8230;<\/strong><\/figcaption><\/figure>\n\n\n\n<figure class=\"wp-block-image size-large\"><img loading=\"lazy\" decoding=\"async\" width=\"509\" height=\"1024\" data-id=\"894\" src=\"https:\/\/www.braunavigatoren.de\/wp-content\/uploads\/2024\/10\/IMG_3A7CF0FDF3AF-8-509x1024.jpeg\" alt=\"\" class=\"wp-image-894\" srcset=\"https:\/\/www.braunavigatoren.de\/wp-content\/uploads\/2024\/10\/IMG_3A7CF0FDF3AF-8-509x1024.jpeg 509w, https:\/\/www.braunavigatoren.de\/wp-content\/uploads\/2024\/10\/IMG_3A7CF0FDF3AF-8-149x300.jpeg 149w, https:\/\/www.braunavigatoren.de\/wp-content\/uploads\/2024\/10\/IMG_3A7CF0FDF3AF-8-768x1545.jpeg 768w, https:\/\/www.braunavigatoren.de\/wp-content\/uploads\/2024\/10\/IMG_3A7CF0FDF3AF-8-764x1536.jpeg 764w, https:\/\/www.braunavigatoren.de\/wp-content\/uploads\/2024\/10\/IMG_3A7CF0FDF3AF-8.jpeg 1018w\" sizes=\"auto, (max-width: 509px) 85vw, 509px\" \/><figcaption class=\"wp-element-caption\"><strong>..wird mit Holzglut beheizt&#8230;<\/strong><\/figcaption><\/figure>\n\n\n\n<figure class=\"wp-block-image size-large\"><img loading=\"lazy\" decoding=\"async\" width=\"768\" height=\"1024\" data-id=\"934\" src=\"https:\/\/www.braunavigatoren.de\/wp-content\/uploads\/2024\/11\/IMG_3943-768x1024.png\" alt=\"\" class=\"wp-image-934\" srcset=\"https:\/\/www.braunavigatoren.de\/wp-content\/uploads\/2024\/11\/IMG_3943-768x1024.png 768w, https:\/\/www.braunavigatoren.de\/wp-content\/uploads\/2024\/11\/IMG_3943-225x300.png 225w, https:\/\/www.braunavigatoren.de\/wp-content\/uploads\/2024\/11\/IMG_3943-1152x1536.png 1152w, https:\/\/www.braunavigatoren.de\/wp-content\/uploads\/2024\/11\/IMG_3943-1536x2048.png 1536w, https:\/\/www.braunavigatoren.de\/wp-content\/uploads\/2024\/11\/IMG_3943-1200x1600.png 1200w\" sizes=\"auto, (max-width: 768px) 85vw, 768px\" \/><figcaption class=\"wp-element-caption\"><strong>&#8230; die man immer mal wieder rausnehmen muss&#8230;<\/strong><\/figcaption><\/figure>\n\n\n\n<figure class=\"wp-block-image size-large\"><img loading=\"lazy\" decoding=\"async\" width=\"491\" height=\"1024\" data-id=\"932\" src=\"https:\/\/www.braunavigatoren.de\/wp-content\/uploads\/2024\/11\/IMG_8D701BE9E04F-3-1-491x1024.png\" alt=\"\" class=\"wp-image-932\" srcset=\"https:\/\/www.braunavigatoren.de\/wp-content\/uploads\/2024\/11\/IMG_8D701BE9E04F-3-1-491x1024.png 491w, https:\/\/www.braunavigatoren.de\/wp-content\/uploads\/2024\/11\/IMG_8D701BE9E04F-3-1-144x300.png 144w, https:\/\/www.braunavigatoren.de\/wp-content\/uploads\/2024\/11\/IMG_8D701BE9E04F-3-1-768x1602.png 768w, https:\/\/www.braunavigatoren.de\/wp-content\/uploads\/2024\/11\/IMG_8D701BE9E04F-3-1-737x1536.png 737w, https:\/\/www.braunavigatoren.de\/wp-content\/uploads\/2024\/11\/IMG_8D701BE9E04F-3-1.png 982w\" sizes=\"auto, (max-width: 491px) 85vw, 491px\" \/><figcaption class=\"wp-element-caption\"><strong>..damit es nicht&#8230;<\/strong><\/figcaption><\/figure>\n\n\n\n<figure class=\"wp-block-image size-large\"><img loading=\"lazy\" decoding=\"async\" width=\"1024\" height=\"527\" data-id=\"931\" src=\"https:\/\/www.braunavigatoren.de\/wp-content\/uploads\/2024\/11\/IMG_8D701BE9E04F-2-1-1024x527.png\" alt=\"\" class=\"wp-image-931\" srcset=\"https:\/\/www.braunavigatoren.de\/wp-content\/uploads\/2024\/11\/IMG_8D701BE9E04F-2-1-1024x527.png 1024w, https:\/\/www.braunavigatoren.de\/wp-content\/uploads\/2024\/11\/IMG_8D701BE9E04F-2-1-300x154.png 300w, https:\/\/www.braunavigatoren.de\/wp-content\/uploads\/2024\/11\/IMG_8D701BE9E04F-2-1-768x395.png 768w, https:\/\/www.braunavigatoren.de\/wp-content\/uploads\/2024\/11\/IMG_8D701BE9E04F-2-1-1536x791.png 1536w, https:\/\/www.braunavigatoren.de\/wp-content\/uploads\/2024\/11\/IMG_8D701BE9E04F-2-1-1200x618.png 1200w, https:\/\/www.braunavigatoren.de\/wp-content\/uploads\/2024\/11\/IMG_8D701BE9E04F-2-1.png 2048w\" sizes=\"auto, (max-width: 709px) 85vw, (max-width: 909px) 67vw, (max-width: 1362px) 62vw, 840px\" \/><figcaption class=\"wp-element-caption\"><strong>&#8230;\u00fcberkocht.<\/strong><\/figcaption><\/figure>\n\n\n\n<figure class=\"wp-block-image size-large\"><img loading=\"lazy\" decoding=\"async\" width=\"461\" height=\"1024\" data-id=\"928\" src=\"https:\/\/www.braunavigatoren.de\/wp-content\/uploads\/2024\/11\/IMG_3A7CF0FDF3AF-10-461x1024.png\" alt=\"\" class=\"wp-image-928\" srcset=\"https:\/\/www.braunavigatoren.de\/wp-content\/uploads\/2024\/11\/IMG_3A7CF0FDF3AF-10-461x1024.png 461w, https:\/\/www.braunavigatoren.de\/wp-content\/uploads\/2024\/11\/IMG_3A7CF0FDF3AF-10-135x300.png 135w, https:\/\/www.braunavigatoren.de\/wp-content\/uploads\/2024\/11\/IMG_3A7CF0FDF3AF-10-768x1706.png 768w, https:\/\/www.braunavigatoren.de\/wp-content\/uploads\/2024\/11\/IMG_3A7CF0FDF3AF-10-692x1536.png 692w, https:\/\/www.braunavigatoren.de\/wp-content\/uploads\/2024\/11\/IMG_3A7CF0FDF3AF-10.png 922w\" sizes=\"auto, (max-width: 461px) 85vw, 461px\" \/><figcaption class=\"wp-element-caption\"><strong>Insgesamt ist man..<\/strong><\/figcaption><\/figure>\n\n\n<div class=\"wp-block-image\">\n<figure class=\"aligncenter size-large\"><img loading=\"lazy\" decoding=\"async\" width=\"1024\" height=\"559\" data-id=\"926\" src=\"https:\/\/www.braunavigatoren.de\/wp-content\/uploads\/2024\/11\/IMG_3A7CF0FDF3AF-4-1024x559.png\" alt=\"\" class=\"wp-image-926\" srcset=\"https:\/\/www.braunavigatoren.de\/wp-content\/uploads\/2024\/11\/IMG_3A7CF0FDF3AF-4-1024x559.png 1024w, https:\/\/www.braunavigatoren.de\/wp-content\/uploads\/2024\/11\/IMG_3A7CF0FDF3AF-4-300x164.png 300w, https:\/\/www.braunavigatoren.de\/wp-content\/uploads\/2024\/11\/IMG_3A7CF0FDF3AF-4-768x419.png 768w, https:\/\/www.braunavigatoren.de\/wp-content\/uploads\/2024\/11\/IMG_3A7CF0FDF3AF-4-1536x838.png 1536w, https:\/\/www.braunavigatoren.de\/wp-content\/uploads\/2024\/11\/IMG_3A7CF0FDF3AF-4-1200x654.png 1200w, https:\/\/www.braunavigatoren.de\/wp-content\/uploads\/2024\/11\/IMG_3A7CF0FDF3AF-4.png 2048w\" sizes=\"auto, (max-width: 709px) 85vw, (max-width: 909px) 67vw, (max-width: 1362px) 62vw, 840px\" \/><figcaption class=\"wp-element-caption\"><strong>&#8230;aber trotz des Dampfes..<\/strong><\/figcaption><\/figure>\n<\/div>\n\n\n<figure class=\"wp-block-image size-large\"><img loading=\"lazy\" decoding=\"async\" width=\"530\" height=\"1024\" data-id=\"895\" src=\"https:\/\/www.braunavigatoren.de\/wp-content\/uploads\/2024\/10\/IMG_3A7CF0FDF3AF-6-530x1024.jpeg\" alt=\"\" class=\"wp-image-895\" srcset=\"https:\/\/www.braunavigatoren.de\/wp-content\/uploads\/2024\/10\/IMG_3A7CF0FDF3AF-6-530x1024.jpeg 530w, https:\/\/www.braunavigatoren.de\/wp-content\/uploads\/2024\/10\/IMG_3A7CF0FDF3AF-6-155x300.jpeg 155w, https:\/\/www.braunavigatoren.de\/wp-content\/uploads\/2024\/10\/IMG_3A7CF0FDF3AF-6-768x1485.jpeg 768w, https:\/\/www.braunavigatoren.de\/wp-content\/uploads\/2024\/10\/IMG_3A7CF0FDF3AF-6-794x1536.jpeg 794w, https:\/\/www.braunavigatoren.de\/wp-content\/uploads\/2024\/10\/IMG_3A7CF0FDF3AF-6.jpeg 1059w\" sizes=\"auto, (max-width: 530px) 85vw, 530px\" \/><figcaption class=\"wp-element-caption\"><strong>.. entspannt und mit gutem Bier und&#8230;<\/strong><\/figcaption><\/figure>\n\n\n\n<figure class=\"wp-block-image size-large\"><img loading=\"lazy\" decoding=\"async\" width=\"1024\" height=\"461\" data-id=\"897\" src=\"https:\/\/www.braunavigatoren.de\/wp-content\/uploads\/2024\/10\/IMG_8D701BE9E04F-4-1024x461.jpeg\" alt=\"\" class=\"wp-image-897\" srcset=\"https:\/\/www.braunavigatoren.de\/wp-content\/uploads\/2024\/10\/IMG_8D701BE9E04F-4-1024x461.jpeg 1024w, https:\/\/www.braunavigatoren.de\/wp-content\/uploads\/2024\/10\/IMG_8D701BE9E04F-4-300x135.jpeg 300w, https:\/\/www.braunavigatoren.de\/wp-content\/uploads\/2024\/10\/IMG_8D701BE9E04F-4-768x346.jpeg 768w, https:\/\/www.braunavigatoren.de\/wp-content\/uploads\/2024\/10\/IMG_8D701BE9E04F-4-1536x692.jpeg 1536w, https:\/\/www.braunavigatoren.de\/wp-content\/uploads\/2024\/10\/IMG_8D701BE9E04F-4-1200x540.jpeg 1200w, https:\/\/www.braunavigatoren.de\/wp-content\/uploads\/2024\/10\/IMG_8D701BE9E04F-4.jpeg 2048w\" sizes=\"auto, (max-width: 709px) 85vw, (max-width: 909px) 67vw, (max-width: 1362px) 62vw, 840px\" \/><figcaption class=\"wp-element-caption\"><strong>.. Braufr\u00fchst\u00fcck versorgt.<\/strong><\/figcaption><\/figure>\n<\/figure>\n\n\n\n<p><\/p>\n\n\n\n<p>Der Maler <strong>Otto Ubbelohlde<\/strong> (1867-1922) hat seinerzeit die Grimm\u00b4schen M\u00e4rchen illustriert und dazu viele Motive und Inspirationen in der Schwalm und in Oberhessen gefunden. Eine der bekanntesten Zeichnungen zeigt den <strong>&#8222;Rapunzelturm&#8220;<\/strong> in dem Rapunzel eingesperrt war und ihre ewig langen Haare herunterh\u00e4ngen lie\u00df. Ein Prinz, der an den Haaren hochkletterte, konnte sie endlich befreien. <br>Der Turm, der als Vorlage f\u00fcr Ubbelohldes Zeichnung diente, ist noch heute in Am\u00f6nau zu bewundern.<\/p>\n\n\n\n<p>Nichts lag n\u00e4her, als diesem geschichtstr\u00e4chtigen Bauwerk unser Bier zu widmen.<\/p>\n\n\n\n<figure class=\"wp-block-image size-large\"><img loading=\"lazy\" decoding=\"async\" width=\"731\" height=\"1024\" src=\"https:\/\/www.braunavigatoren.de\/wp-content\/uploads\/2024\/10\/g60-731x1024.png\" alt=\"\" class=\"wp-image-889\" srcset=\"https:\/\/www.braunavigatoren.de\/wp-content\/uploads\/2024\/10\/g60-731x1024.png 731w, https:\/\/www.braunavigatoren.de\/wp-content\/uploads\/2024\/10\/g60-214x300.png 214w, https:\/\/www.braunavigatoren.de\/wp-content\/uploads\/2024\/10\/g60.png 750w\" sizes=\"auto, (max-width: 731px) 85vw, 731px\" \/><\/figure>\n\n\n\n<p id=\"block-abc135f9-7362-4587-8962-c48e1e72a3b1\"><\/p>\n\n\n\n<figure class=\"wp-block-image size-large\"><img loading=\"lazy\" decoding=\"async\" width=\"781\" height=\"1024\" src=\"https:\/\/www.braunavigatoren.de\/wp-content\/uploads\/2024\/10\/913px-Otto_Ubbelohde_Rapunzelturm-781x1024.jpg\" alt=\"\" class=\"wp-image-891\" srcset=\"https:\/\/www.braunavigatoren.de\/wp-content\/uploads\/2024\/10\/913px-Otto_Ubbelohde_Rapunzelturm-781x1024.jpg 781w, https:\/\/www.braunavigatoren.de\/wp-content\/uploads\/2024\/10\/913px-Otto_Ubbelohde_Rapunzelturm-229x300.jpg 229w, https:\/\/www.braunavigatoren.de\/wp-content\/uploads\/2024\/10\/913px-Otto_Ubbelohde_Rapunzelturm-768x1007.jpg 768w, https:\/\/www.braunavigatoren.de\/wp-content\/uploads\/2024\/10\/913px-Otto_Ubbelohde_Rapunzelturm.jpg 913w\" sizes=\"auto, (max-width: 781px) 85vw, 781px\" \/><\/figure>\n","protected":false},"excerpt":{"rendered":"<p>Rapunzels 4-Korn-Br\u00e4u &#8211; english AleHauptguss: 13 LiterNachguss: 16 LiterSch\u00fcttung: 1500 gr. B\u00f6hm. Tennenmalz, 450 gr. Cara Hell, 1000 gr. Weizenmalz, 1000 gr. Roggenmalz, 1000 gr. Dinkelmalz Einmaischen: 35\u00b0 C, nur das Roggenmalz &#8211; diesen auf 40\u00b0 erhitzen, dann 30 Minuten pausieren. Den Rest einmaischen und auf 55\u00b0 bringen.Eiweissrast: 10 Min.,bei 55\u00b0 CMaltoserast: 30 Min. bei &hellip; <a href=\"https:\/\/www.braunavigatoren.de\/?page_id=882\" class=\"more-link\"><span class=\"screen-reader-text\">\u201eUnser &#8222;Rapunzels 4-Korn-Br\u00e4u&#8220;\u201c <\/span>weiterlesen<\/a><\/p>\n","protected":false},"author":2,"featured_media":0,"parent":0,"menu_order":-1,"comment_status":"closed","ping_status":"closed","template":"","meta":{"footnotes":""},"class_list":["post-882","page","type-page","status-publish","hentry"],"_links":{"self":[{"href":"https:\/\/www.braunavigatoren.de\/index.php?rest_route=\/wp\/v2\/pages\/882","targetHints":{"allow":["GET"]}}],"collection":[{"href":"https:\/\/www.braunavigatoren.de\/index.php?rest_route=\/wp\/v2\/pages"}],"about":[{"href":"https:\/\/www.braunavigatoren.de\/index.php?rest_route=\/wp\/v2\/types\/page"}],"author":[{"embeddable":true,"href":"https:\/\/www.braunavigatoren.de\/index.php?rest_route=\/wp\/v2\/users\/2"}],"replies":[{"embeddable":true,"href":"https:\/\/www.braunavigatoren.de\/index.php?rest_route=%2Fwp%2Fv2%2Fcomments&post=882"}],"version-history":[{"count":16,"href":"https:\/\/www.braunavigatoren.de\/index.php?rest_route=\/wp\/v2\/pages\/882\/revisions"}],"predecessor-version":[{"id":943,"href":"https:\/\/www.braunavigatoren.de\/index.php?rest_route=\/wp\/v2\/pages\/882\/revisions\/943"}],"wp:attachment":[{"href":"https:\/\/www.braunavigatoren.de\/index.php?rest_route=%2Fwp%2Fv2%2Fmedia&parent=882"}],"curies":[{"name":"wp","href":"https:\/\/api.w.org\/{rel}","templated":true}]}}