{"id":86,"date":"2019-05-02T11:13:49","date_gmt":"2019-05-02T09:13:49","guid":{"rendered":"https:\/\/www.braunavigatoren.de\/?page_id=86"},"modified":"2021-12-11T17:19:35","modified_gmt":"2021-12-11T16:19:35","slug":"der-schwarze-nikolaus","status":"publish","type":"page","link":"https:\/\/www.braunavigatoren.de\/?page_id=86","title":{"rendered":"Unser &#8222;Schwarzer Nikolaus&#8220;"},"content":{"rendered":"\n<p><strong>6.12.2014<\/strong><\/p>\n\n\n\n<figure class=\"wp-block-image\"><img loading=\"lazy\" decoding=\"async\" width=\"270\" height=\"360\" src=\"https:\/\/www.braunavigatoren.de\/wp-content\/uploads\/2019\/05\/UNADJUSTEDNONRAW_thumb_665d.jpg\" alt=\"\" class=\"wp-image-209\" srcset=\"https:\/\/www.braunavigatoren.de\/wp-content\/uploads\/2019\/05\/UNADJUSTEDNONRAW_thumb_665d.jpg 270w, https:\/\/www.braunavigatoren.de\/wp-content\/uploads\/2019\/05\/UNADJUSTEDNONRAW_thumb_665d-225x300.jpg 225w\" sizes=\"auto, (max-width: 270px) 85vw, 270px\" \/><figcaption>Hella l\u00e4utert den &#8222;Schwarzen Nikolaus&#8220; <\/figcaption><\/figure>\n\n\n\n<figure class=\"wp-block-image is-resized\"><img loading=\"lazy\" decoding=\"async\" src=\"https:\/\/www.braunavigatoren.de\/wp-content\/uploads\/2019\/05\/Black-santa-claus.png\" alt=\"\" class=\"wp-image-189\" width=\"344\" height=\"324\"\/><\/figure>\n\n\n\n<figure class=\"wp-block-image is-resized\"><img loading=\"lazy\" decoding=\"async\" src=\"https:\/\/www.braunavigatoren.de\/wp-content\/uploads\/2019\/05\/UNADJUSTEDNONRAW_thumb_7e34-1024x768.jpg\" alt=\"\" class=\"wp-image-196\" width=\"512\" height=\"384\" srcset=\"https:\/\/www.braunavigatoren.de\/wp-content\/uploads\/2019\/05\/UNADJUSTEDNONRAW_thumb_7e34.jpg 1024w, https:\/\/www.braunavigatoren.de\/wp-content\/uploads\/2019\/05\/UNADJUSTEDNONRAW_thumb_7e34-300x225.jpg 300w, https:\/\/www.braunavigatoren.de\/wp-content\/uploads\/2019\/05\/UNADJUSTEDNONRAW_thumb_7e34-768x576.jpg 768w\" sizes=\"auto, (max-width: 512px) 85vw, 512px\" \/><\/figure>\n\n\n\n<p><strong>SCHWARZER  NIKOLAUS<\/strong><br><strong>Datum:<\/strong> 6.12.2014<br><strong>Verfahren:<\/strong> aufsteigende Infusion<br><strong>Biersorte:<\/strong> english Porter<br><strong>Hauptguss:<\/strong>  15 Liter<br><strong>Nachguss:<\/strong>  16 Liter<br><strong>Sch\u00fcttung:<\/strong> 5000 gr Wiener Malz, 400 gr. Karamellmalz, 150 gr. Sauermalz, (300 gr. Farbmalz vor der ersten Verzuckerungsrast).<br><strong>Einmaischen:<\/strong> 70\u00b0 C<br><strong>Eiweissrast:<\/strong>  entf\u00e4llt<br><strong>Maltoserast<\/strong>: 75 Min. bei 70\u00b0 C<br><strong>Verzuckerungsrast:<\/strong>  30 Min. bei 72\u00b0 C<br><strong>Abmaischen:<\/strong> bei 78\u00b0 C<br><strong>Kochzeit W\u00fcrze:<\/strong>  90 Min.<br><strong>Hopfen:<\/strong> Hallertauer Tradition 35 gr. 5,5% alpha, 300 gr. Lakritz f\u00fcr 90 min., 15 gr. Hallertauer Tradition 5,5 % alpha f\u00fcr 15 min.<br><strong>Speise:<\/strong>  1,5 Liter<br><strong>Stammw\u00fcrze:<\/strong>  16,4 %<br><strong>Hefe:<\/strong> Wyeast Irish Ale<br><strong>G\u00e4rtemperatur:<\/strong> 20-21\u00b0 C<br><strong>G\u00e4rdauer:<\/strong>  9 Tage<br><strong>Abgef\u00fcllte Menge:<\/strong>  19,5 Liter<br><\/p>\n\n\n\n<p><strong>Ergebnis\/Bewertung:<\/strong><br>Wir waren richtig scharf auf einen neuen Brautag &#8211; auch wenn Dennis keine Zeit hatte. Also verabredeten wir uns zu dritt f\u00fcr den Nikolaustag mit der Idee ein richtig, richtig dunkles Bier zu brauen. Was lag n\u00e4her, als diesem Gebr\u00e4u den Namen &#8222;Schwarzer Nikolaus&#8220; zu geben, auch wenn es unter diesem Titel diskriminierende Hinweise gibt. Damit hat unser &#8222;Schwarzer Nikolaus&#8220; aber gar nichts gemein &#8211; es ist einfach ein Bier, das kein Lichtstrahl zu durchdringen vermag und einen malzig-runden Geschmack bietet. Etwas W\u00e4rmendes f\u00fcr dunkle Wintertage und f\u00fcr den Sommer v\u00f6llig untauglich &#8211; Nikolaus halt.<\/p>\n","protected":false},"excerpt":{"rendered":"<p>6.12.2014 SCHWARZER NIKOLAUSDatum: 6.12.2014Verfahren: aufsteigende InfusionBiersorte: english PorterHauptguss: 15 LiterNachguss: 16 LiterSch\u00fcttung: 5000 gr Wiener Malz, 400 gr. Karamellmalz, 150 gr. Sauermalz, (300 gr. Farbmalz vor der ersten Verzuckerungsrast).Einmaischen: 70\u00b0 CEiweissrast: entf\u00e4lltMaltoserast: 75 Min. bei 70\u00b0 CVerzuckerungsrast: 30 Min. bei 72\u00b0 CAbmaischen: bei 78\u00b0 CKochzeit W\u00fcrze: 90 Min.Hopfen: Hallertauer Tradition 35 gr. 5,5% alpha, 300 &hellip; <a href=\"https:\/\/www.braunavigatoren.de\/?page_id=86\" class=\"more-link\"><span class=\"screen-reader-text\">\u201eUnser &#8222;Schwarzer Nikolaus&#8220;\u201c <\/span>weiterlesen<\/a><\/p>\n","protected":false},"author":2,"featured_media":0,"parent":59,"menu_order":4,"comment_status":"closed","ping_status":"closed","template":"","meta":{"footnotes":""},"class_list":["post-86","page","type-page","status-publish","hentry"],"_links":{"self":[{"href":"https:\/\/www.braunavigatoren.de\/index.php?rest_route=\/wp\/v2\/pages\/86","targetHints":{"allow":["GET"]}}],"collection":[{"href":"https:\/\/www.braunavigatoren.de\/index.php?rest_route=\/wp\/v2\/pages"}],"about":[{"href":"https:\/\/www.braunavigatoren.de\/index.php?rest_route=\/wp\/v2\/types\/page"}],"author":[{"embeddable":true,"href":"https:\/\/www.braunavigatoren.de\/index.php?rest_route=\/wp\/v2\/users\/2"}],"replies":[{"embeddable":true,"href":"https:\/\/www.braunavigatoren.de\/index.php?rest_route=%2Fwp%2Fv2%2Fcomments&post=86"}],"version-history":[{"count":12,"href":"https:\/\/www.braunavigatoren.de\/index.php?rest_route=\/wp\/v2\/pages\/86\/revisions"}],"predecessor-version":[{"id":654,"href":"https:\/\/www.braunavigatoren.de\/index.php?rest_route=\/wp\/v2\/pages\/86\/revisions\/654"}],"up":[{"embeddable":true,"href":"https:\/\/www.braunavigatoren.de\/index.php?rest_route=\/wp\/v2\/pages\/59"}],"wp:attachment":[{"href":"https:\/\/www.braunavigatoren.de\/index.php?rest_route=%2Fwp%2Fv2%2Fmedia&parent=86"}],"curies":[{"name":"wp","href":"https:\/\/api.w.org\/{rel}","templated":true}]}}