{"id":84,"date":"2019-05-02T11:12:53","date_gmt":"2019-05-02T09:12:53","guid":{"rendered":"https:\/\/www.braunavigatoren.de\/?page_id=84"},"modified":"2021-12-11T17:52:41","modified_gmt":"2021-12-11T16:52:41","slug":"das-doppelblubb","status":"publish","type":"page","link":"https:\/\/www.braunavigatoren.de\/?page_id=84","title":{"rendered":"Unser &#8222;Doppelblubb&#8220;"},"content":{"rendered":"\n<figure class=\"wp-block-image\"><img loading=\"lazy\" decoding=\"async\" width=\"360\" height=\"270\" src=\"https:\/\/www.braunavigatoren.de\/wp-content\/uploads\/2019\/05\/UNADJUSTEDNONRAW_thumb_7611.jpg\" alt=\"\" class=\"wp-image-205\" srcset=\"https:\/\/www.braunavigatoren.de\/wp-content\/uploads\/2019\/05\/UNADJUSTEDNONRAW_thumb_7611.jpg 360w, https:\/\/www.braunavigatoren.de\/wp-content\/uploads\/2019\/05\/UNADJUSTEDNONRAW_thumb_7611-300x225.jpg 300w\" sizes=\"auto, (max-width: 360px) 85vw, 360px\" \/><figcaption>Am Anfang lief noch alles nach Plan&#8230;<\/figcaption><\/figure>\n\n\n\n<p><\/p>\n\n\n\n<p><strong>DOPPELBLUBB<\/strong><br><strong>Datum:<\/strong> 13.2.2016<br><strong>Verfahren:<\/strong> aufsteigende Infusion<br><strong>Biersorte:<\/strong> Dunkler Doppelbock<br><strong>Hauptguss:<\/strong>  15 Liter<br><strong>Nachguss:<\/strong>  15 Liter<br><strong>Sch\u00fcttung:<\/strong> 1800 gr. Pilsner Malz, 4000 gr. M\u00fcnchner Malz, 600 gr. Karamellmalz, 230 gr. Sauermalz, 60 gr. R\u00f6stmalz<br><strong>Einmaischen:<\/strong> 35 \u00b0 C<br><strong>Eiweissrast:<\/strong>  15 Min. bei 55\u00b0 C<br><strong>Maltoserast<\/strong>:  60 Min. bei 64\u00b0 C<br><strong>Verzuckerungsrast:<\/strong>  20 Min. bei 74\u00b0 C<br><strong>Abmaischen:<\/strong> bei 78\u00b0 C<br><strong>Kochzeit W\u00fcrze:<\/strong>  95 Min.<br><strong>Hopfen:<\/strong> Hallertauer Perle 8,2 %, Menge ?<br><strong>Speise:<\/strong>  1,5 Liter<br><strong>Stammw\u00fcrze:<\/strong>  18 %<br><strong>Hefe:<\/strong> Wyeast Czech Pils, unterg\u00e4rig<br><strong>G\u00e4rtemperatur:<\/strong> 11-13\u00b0 C<br><strong>G\u00e4rdauer:<\/strong>  8 Tage<br><strong>Abgef\u00fcllte Menge:<\/strong>  19,5 Liter<br><\/p>\n\n\n\n<p><strong>Ergebnis\/Bewertung:<\/strong><br>Hervorragend duftend und sehr kr\u00e4ftig. Wir hatten durch konzentrierte &#8222;Leergutherstellung&#8220; die zweite Verzuckerungsrast vergessen und kamen dann auf die Idee, mit der W\u00fcrze ein zweites Mal zu l\u00e4utern. <br>So wurde auch noch das letzte Zuckeratom ausgesp\u00fclt und eine hohe Stammw\u00fcrze erreicht.<\/p>\n","protected":false},"excerpt":{"rendered":"<p>DOPPELBLUBBDatum: 13.2.2016Verfahren: aufsteigende InfusionBiersorte: Dunkler DoppelbockHauptguss: 15 LiterNachguss: 15 LiterSch\u00fcttung: 1800 gr. Pilsner Malz, 4000 gr. M\u00fcnchner Malz, 600 gr. Karamellmalz, 230 gr. Sauermalz, 60 gr. R\u00f6stmalzEinmaischen: 35 \u00b0 CEiweissrast: 15 Min. bei 55\u00b0 CMaltoserast: 60 Min. bei 64\u00b0 CVerzuckerungsrast: 20 Min. bei 74\u00b0 CAbmaischen: bei 78\u00b0 CKochzeit W\u00fcrze: 95 Min.Hopfen: Hallertauer Perle 8,2 %, &hellip; <a href=\"https:\/\/www.braunavigatoren.de\/?page_id=84\" class=\"more-link\"><span class=\"screen-reader-text\">\u201eUnser &#8222;Doppelblubb&#8220;\u201c <\/span>weiterlesen<\/a><\/p>\n","protected":false},"author":2,"featured_media":0,"parent":59,"menu_order":6,"comment_status":"closed","ping_status":"closed","template":"","meta":{"footnotes":""},"class_list":["post-84","page","type-page","status-publish","hentry"],"_links":{"self":[{"href":"https:\/\/www.braunavigatoren.de\/index.php?rest_route=\/wp\/v2\/pages\/84","targetHints":{"allow":["GET"]}}],"collection":[{"href":"https:\/\/www.braunavigatoren.de\/index.php?rest_route=\/wp\/v2\/pages"}],"about":[{"href":"https:\/\/www.braunavigatoren.de\/index.php?rest_route=\/wp\/v2\/types\/page"}],"author":[{"embeddable":true,"href":"https:\/\/www.braunavigatoren.de\/index.php?rest_route=\/wp\/v2\/users\/2"}],"replies":[{"embeddable":true,"href":"https:\/\/www.braunavigatoren.de\/index.php?rest_route=%2Fwp%2Fv2%2Fcomments&post=84"}],"version-history":[{"count":7,"href":"https:\/\/www.braunavigatoren.de\/index.php?rest_route=\/wp\/v2\/pages\/84\/revisions"}],"predecessor-version":[{"id":660,"href":"https:\/\/www.braunavigatoren.de\/index.php?rest_route=\/wp\/v2\/pages\/84\/revisions\/660"}],"up":[{"embeddable":true,"href":"https:\/\/www.braunavigatoren.de\/index.php?rest_route=\/wp\/v2\/pages\/59"}],"wp:attachment":[{"href":"https:\/\/www.braunavigatoren.de\/index.php?rest_route=%2Fwp%2Fv2%2Fmedia&parent=84"}],"curies":[{"name":"wp","href":"https:\/\/api.w.org\/{rel}","templated":true}]}}