{"id":81,"date":"2019-05-02T11:11:43","date_gmt":"2019-05-02T09:11:43","guid":{"rendered":"https:\/\/www.braunavigatoren.de\/?page_id=81"},"modified":"2021-12-11T15:54:34","modified_gmt":"2021-12-11T14:54:34","slug":"der-lakritzator","status":"publish","type":"page","link":"https:\/\/www.braunavigatoren.de\/?page_id=81","title":{"rendered":"Unser &#8222;Lakritzator&#8220;"},"content":{"rendered":"\n<figure class=\"wp-block-image\"><img loading=\"lazy\" decoding=\"async\" width=\"701\" height=\"496\" src=\"https:\/\/www.braunavigatoren.de\/wp-content\/uploads\/2019\/10\/Coreletikett2013a.jpg\" alt=\"\" class=\"wp-image-305\" srcset=\"https:\/\/www.braunavigatoren.de\/wp-content\/uploads\/2019\/10\/Coreletikett2013a.jpg 701w, https:\/\/www.braunavigatoren.de\/wp-content\/uploads\/2019\/10\/Coreletikett2013a-300x212.jpg 300w\" sizes=\"auto, (max-width: 701px) 85vw, 701px\" \/><figcaption>Mehrere Stangen Lakritz wurden kleingeschnitten und mit dem Hopfen der W\u00fcrze zugegeben.<br>Etikett des &#8222;Lakritzators&#8220;<\/figcaption><\/figure>\n\n\n\n<p><strong>LAKRITZATOR<\/strong><br><strong>Datum:<\/strong> 30.11.2013<br><strong>Verfahren:<\/strong> aufsteigende Infusion<br><strong>Biersorte:<\/strong> english Porter<br><strong>Hauptguss:<\/strong>  15 Liter<br><strong>Nachguss:<\/strong>  16 Liter<br><strong>Sch\u00fcttung:<\/strong> 4000 gr. Wiener Malz, 300 gr. Caramelmalz, 130 gr. Sauermalz <br><strong>Einmaischen:<\/strong> 70\u00b0 C<br><strong>Eiweissrast:<\/strong>  ohne<br><strong>Maltoserast<\/strong>:  75 Min. bei 67-68\u00b0 C<br><strong>Verzuckerungsrast:<\/strong>  20 Min. bei 72\u00b0 C<br><strong>Abmaischen:<\/strong> bei 78\u00b0 C<br><strong>Kochzeit W\u00fcrze:<\/strong>  90 Min.<br><strong>Hopfen:<\/strong> Hallertauer Tradition, 41 gr., 6,6 % Alphas\u00e4ure, 200 gr. Lakritze, alles 90 min., Hallerauer Tradition, 10 gr., 10 min.<br><strong>Speise:<\/strong> 1,8 Liter<br><strong>Stammw\u00fcrze:<\/strong>  14,6 %<br><strong>Hefe:<\/strong> Wyeast Irish Ale<br><strong>G\u00e4rtemperatur:<\/strong> 17 &#8211; 23\u00b0 C<br><strong>G\u00e4rdauer:<\/strong>  8 Tage<br><strong>Abgef\u00fcllte Menge:<\/strong>  20 Liter<br><\/p>\n\n\n\n<p><strong>Ergebnis\/Bewertung:<\/strong><br>Der <strong>LAKRITZATOR<\/strong> ist rabenschwarz und verstr\u00f6mt einen herrlichen Duft. Rund im Geschmack, aber nur wenn man wei\u00df, dass Lakritze enthalten ist, ahnt man dessen Aroma am Gaumen. Wie h\u00e4ufig bei unseren bisherigen Bieren ist der errechnete Alkoholgehalt deutlich niedriger als der &#8222;gef\u00fchlte&#8220;. Der Lakritzator steigt doch ganz sch\u00f6n zu Kopfe. Da ist es gut, dass er lange haltbar ist.<\/p>\n","protected":false},"excerpt":{"rendered":"<p>LAKRITZATORDatum: 30.11.2013Verfahren: aufsteigende InfusionBiersorte: english PorterHauptguss: 15 LiterNachguss: 16 LiterSch\u00fcttung: 4000 gr. Wiener Malz, 300 gr. Caramelmalz, 130 gr. Sauermalz Einmaischen: 70\u00b0 CEiweissrast: ohneMaltoserast: 75 Min. bei 67-68\u00b0 CVerzuckerungsrast: 20 Min. bei 72\u00b0 CAbmaischen: bei 78\u00b0 CKochzeit W\u00fcrze: 90 Min.Hopfen: Hallertauer Tradition, 41 gr., 6,6 % Alphas\u00e4ure, 200 gr. Lakritze, alles 90 min., Hallerauer Tradition, &hellip; <a href=\"https:\/\/www.braunavigatoren.de\/?page_id=81\" class=\"more-link\"><span class=\"screen-reader-text\">\u201eUnser &#8222;Lakritzator&#8220;\u201c <\/span>weiterlesen<\/a><\/p>\n","protected":false},"author":2,"featured_media":0,"parent":59,"menu_order":3,"comment_status":"closed","ping_status":"closed","template":"","meta":{"footnotes":""},"class_list":["post-81","page","type-page","status-publish","hentry"],"_links":{"self":[{"href":"https:\/\/www.braunavigatoren.de\/index.php?rest_route=\/wp\/v2\/pages\/81","targetHints":{"allow":["GET"]}}],"collection":[{"href":"https:\/\/www.braunavigatoren.de\/index.php?rest_route=\/wp\/v2\/pages"}],"about":[{"href":"https:\/\/www.braunavigatoren.de\/index.php?rest_route=\/wp\/v2\/types\/page"}],"author":[{"embeddable":true,"href":"https:\/\/www.braunavigatoren.de\/index.php?rest_route=\/wp\/v2\/users\/2"}],"replies":[{"embeddable":true,"href":"https:\/\/www.braunavigatoren.de\/index.php?rest_route=%2Fwp%2Fv2%2Fcomments&post=81"}],"version-history":[{"count":7,"href":"https:\/\/www.braunavigatoren.de\/index.php?rest_route=\/wp\/v2\/pages\/81\/revisions"}],"predecessor-version":[{"id":647,"href":"https:\/\/www.braunavigatoren.de\/index.php?rest_route=\/wp\/v2\/pages\/81\/revisions\/647"}],"up":[{"embeddable":true,"href":"https:\/\/www.braunavigatoren.de\/index.php?rest_route=\/wp\/v2\/pages\/59"}],"wp:attachment":[{"href":"https:\/\/www.braunavigatoren.de\/index.php?rest_route=%2Fwp%2Fv2%2Fmedia&parent=81"}],"curies":[{"name":"wp","href":"https:\/\/api.w.org\/{rel}","templated":true}]}}