{"id":794,"date":"2023-12-09T16:38:39","date_gmt":"2023-12-09T15:38:39","guid":{"rendered":"https:\/\/www.braunavigatoren.de\/?page_id=794"},"modified":"2023-12-09T16:49:11","modified_gmt":"2023-12-09T15:49:11","slug":"unser-schwarzer-kater","status":"publish","type":"page","link":"https:\/\/www.braunavigatoren.de\/?page_id=794","title":{"rendered":"Unser &#8222;Schwarzer Kater&#8220;"},"content":{"rendered":"\n<p id=\"block-0b43804e-717f-4021-b34f-9b8b0e2f1bb8\">Unabsichtlich, aber gleich erkannt, fiel unser Brautag auf einen Freitag, den 13. (Oktober). Da war das Bier schon getauft, bevor die Sch\u00fcttung gemahlen war. <br>Legendengem\u00e4\u00df ging es schon damit los, dass die Au\u00dfentemperatur im Garten 27\u00b0 Celsius betrug, was das Brauen im Freien energiesparend und gem\u00fctlich machte und auch die Leergutbeschaffung beschleunigt hat.<\/p>\n\n\n<div class=\"wp-block-image\">\n<figure class=\"aligncenter size-full is-resized\"><img loading=\"lazy\" decoding=\"async\" width=\"246\" height=\"308\" src=\"https:\/\/www.braunavigatoren.de\/wp-content\/uploads\/2023\/12\/image20.png\" alt=\"\" class=\"wp-image-795\" style=\"width:418px;height:auto\" srcset=\"https:\/\/www.braunavigatoren.de\/wp-content\/uploads\/2023\/12\/image20.png 246w, https:\/\/www.braunavigatoren.de\/wp-content\/uploads\/2023\/12\/image20-240x300.png 240w\" sizes=\"auto, (max-width: 246px) 85vw, 246px\" \/><figcaption class=\"wp-element-caption\">Hella hat dem &#8222;Schwarzer Kater&#8220; ein wundersch\u00f6nes Etikett gegeben!<\/figcaption><\/figure>\n<\/div>\n\n\n<p>Die Farbe vom &#8222;Schwarzer Kater&#8220; ist allerdings glatt gelogen. Er ist ein blondes Atlantik-Ale-Klon und mit  <strong>EBC 5,22 <\/strong>hat es unseren Helligkeitsrekord von &#8222;Birgits Helles&#8220;  (5,31) getoppt. Das uns das mal nicht zur Gewohnheit wird&#8230; <\/p>\n\n\n\n<p id=\"block-9d8ea975-2175-4853-8fff-30a6e9335e79\"><strong>Schwarzer Kater<\/strong><br><strong>Datum:<\/strong> Freitag, 13. Oktober 2023<br><strong>Verfahren:<\/strong> aufsteigende Infusion<br><strong>Biersorte:<\/strong> Atlantik Ale Klon<br><strong>Hauptguss:<\/strong> 16<br><strong>Nachguss:<\/strong> 12<br><strong>Sch\u00fcttung:<\/strong> 4000 gr. Pilsner Malz, 240 gr. CaraPils, 380 gr. Weizenmalz hell<br><strong>Einmaischen:<\/strong> 57\u00b0 C<br><strong>Eiweissrast:<\/strong> 5 Min. bei 57\u00b0 C<br><strong>Maltoserast<\/strong>: 30 Min. bei 62\u00b0 C<br>1. <strong>Verzuckerungsrast:<\/strong> 10 Min. bei 67\u00b0 <br>2. <strong>Verzuckerungsrast:<\/strong> 20 Min. bei 72\u00b0 C<br><strong>Abmaischen:<\/strong> bei 78\u00b0 C<br><strong>Kochzeit W\u00fcrze:<\/strong> 70 Min.<br><strong>Hopfen:<\/strong> 5,5 gr.  Perle 9%,  17 gr. Hallertauer Tradition 6,7 %,  14 gr. Citra 9% alle in die Vorderw\u00fcrze geben, dann: 9,3 gr. Amarillo 8,8%, 5,5 gr. Cascade 8,9% und 8,8 gr. Citra 14% f\u00fcr 5 Min., Gesamtdauer Hopfenkochen: 70 Min. <br><strong>Speise:<\/strong> 1,5 Liter<br><strong>Stammw\u00fcrze:<\/strong> 15,1 %<br><strong>Hefe:<\/strong> Safale S-04, oberg\u00e4rig, von Fermentis<br><strong>G\u00e4rtemperatur:<\/strong> 16\u00b0 C<br><strong>G\u00e4rdauer:<\/strong> 5 Tage<br><strong>Abgef\u00fcllte Menge:<\/strong> 21 Liter<br><\/p>\n\n\n\n<p id=\"block-4297f503-365a-484d-8bb7-99550da3f9f6\"><strong>Ergebnis\/Bewertung:<br><\/strong>Die ersten Flaschen wurden am 1. Advent 3.12.23 unter den \u00fcblichen Sicherheitsvorkehrungen beim BN-Videostammtisch ge\u00f6ffnet. Das &#8222;Schwarzer Kater&#8220; Atlantik Ale hat einen fruchtig, hopfigen Geruch und ist \u00e4usserst s\u00fcffig rund mit der n\u00f6tigen Bitteren auf der Zunge.  Zudem sch\u00e4umt es wie verr\u00fcckt und h\u00e4lt diesen Schaum auch erstaunlich lang. Kann man sicher nochmal machen, wenn auch nicht an einem Freitag, den 13.<\/p>\n\n\n\n<p><em>&#8222;Ich bin nicht abergl\u00e4ubisch, das bringt doch nur Ungl\u00fcck&#8220;  (Sir Peter Ustinov)<\/em><\/p>\n","protected":false},"excerpt":{"rendered":"<p>Unabsichtlich, aber gleich erkannt, fiel unser Brautag auf einen Freitag, den 13. (Oktober). Da war das Bier schon getauft, bevor die Sch\u00fcttung gemahlen war. Legendengem\u00e4\u00df ging es schon damit los, dass die Au\u00dfentemperatur im Garten 27\u00b0 Celsius betrug, was das Brauen im Freien energiesparend und gem\u00fctlich machte und auch die Leergutbeschaffung beschleunigt hat. Die Farbe &hellip; <a href=\"https:\/\/www.braunavigatoren.de\/?page_id=794\" class=\"more-link\"><span class=\"screen-reader-text\">\u201eUnser &#8222;Schwarzer Kater&#8220;\u201c <\/span>weiterlesen<\/a><\/p>\n","protected":false},"author":2,"featured_media":0,"parent":0,"menu_order":0,"comment_status":"closed","ping_status":"closed","template":"","meta":{"footnotes":""},"class_list":["post-794","page","type-page","status-publish","hentry"],"_links":{"self":[{"href":"https:\/\/www.braunavigatoren.de\/index.php?rest_route=\/wp\/v2\/pages\/794","targetHints":{"allow":["GET"]}}],"collection":[{"href":"https:\/\/www.braunavigatoren.de\/index.php?rest_route=\/wp\/v2\/pages"}],"about":[{"href":"https:\/\/www.braunavigatoren.de\/index.php?rest_route=\/wp\/v2\/types\/page"}],"author":[{"embeddable":true,"href":"https:\/\/www.braunavigatoren.de\/index.php?rest_route=\/wp\/v2\/users\/2"}],"replies":[{"embeddable":true,"href":"https:\/\/www.braunavigatoren.de\/index.php?rest_route=%2Fwp%2Fv2%2Fcomments&post=794"}],"version-history":[{"count":5,"href":"https:\/\/www.braunavigatoren.de\/index.php?rest_route=\/wp\/v2\/pages\/794\/revisions"}],"predecessor-version":[{"id":803,"href":"https:\/\/www.braunavigatoren.de\/index.php?rest_route=\/wp\/v2\/pages\/794\/revisions\/803"}],"wp:attachment":[{"href":"https:\/\/www.braunavigatoren.de\/index.php?rest_route=%2Fwp%2Fv2%2Fmedia&parent=794"}],"curies":[{"name":"wp","href":"https:\/\/api.w.org\/{rel}","templated":true}]}}