{"id":721,"date":"2022-11-10T11:26:44","date_gmt":"2022-11-10T10:26:44","guid":{"rendered":"https:\/\/www.braunavigatoren.de\/?page_id=721"},"modified":"2024-11-02T17:54:03","modified_gmt":"2024-11-02T16:54:03","slug":"schwarze-katharina","status":"publish","type":"page","link":"https:\/\/www.braunavigatoren.de\/?page_id=721","title":{"rendered":"Unser &#8222;Schwarze Katharina&#8220;"},"content":{"rendered":"\n<p>Katharina die Gro\u00dfe lie\u00df dieses Bier in England brauen. Es ist so stark, dass es lange lagerf\u00e4hig ist und so den Transport nach St. Petersburg \u00fcberstehen konnte. Die Biersorte &#8222;Russian Imperial Stout&#8220; haben wir in &#8222;Russian Anti-Imperial-Stout&#8220; umgeschrieben.<\/p>\n\n\n<div class=\"wp-block-image\">\n<figure class=\"aligncenter size-large is-resized\"><img loading=\"lazy\" decoding=\"async\" src=\"http:\/\/www.braunavigatoren.de\/wp-content\/uploads\/2022\/11\/Foto1-768x1024.png\" alt=\"\" class=\"wp-image-730\" width=\"284\" height=\"378\" srcset=\"https:\/\/www.braunavigatoren.de\/wp-content\/uploads\/2022\/11\/Foto1-768x1024.png 768w, https:\/\/www.braunavigatoren.de\/wp-content\/uploads\/2022\/11\/Foto1-225x300.png 225w, https:\/\/www.braunavigatoren.de\/wp-content\/uploads\/2022\/11\/Foto1-1152x1536.png 1152w, https:\/\/www.braunavigatoren.de\/wp-content\/uploads\/2022\/11\/Foto1-1536x2048.png 1536w, https:\/\/www.braunavigatoren.de\/wp-content\/uploads\/2022\/11\/Foto1-1200x1600.png 1200w\" sizes=\"auto, (max-width: 284px) 85vw, 284px\" \/><figcaption class=\"wp-element-caption\">Wir waren wieder mal zum Brauen in den schweizerischen Alpen<\/figcaption><\/figure>\n<\/div>\n\n\n<p><strong>Schwarze Katharina &#8211; Russian-Anti-Imperial-Stout<\/strong><br><strong>Datum:<\/strong> 21.10.2022<br><strong>Verfahren:<\/strong> aufsteigende Infusion<br><strong>Biersorte:<\/strong> Stout<br><strong>Hauptguss:<\/strong>  18 Liter<br><strong>Nachguss:<\/strong>  13 Liter<br><strong>Sch\u00fcttung:<\/strong> 5400 gr.  Maris Otter Pale Ale Malt, 500 gr. Cara Amber, 300 gr. Chocolate Malt, 300 gr. R\u00f6stgerste, 500 gr. Malzextrakt<br><strong>Einmaischen:<\/strong> 55 \u00b0 C<br><strong>Eiweissrast:<\/strong>  5 Min. bei 55 \u00b0 C<br><strong>Maltoserast<\/strong>: 75 Min. bei 66\u00b0 C<br><strong>Abmaischen:<\/strong> bei 78\u00b0 C<br><strong>Kochzeit W\u00fcrze:<\/strong>  20 Min. ohne Hopfen, 100 min. mit erster Hopfengabe, 15 min. mit 2. Hopfengabe und dem Malzextrakt<br><strong>Hopfen:<\/strong> 1. Hofpengabe: 74 gr. East Kent Golding 5%, 2, Hopfengabe: 74 gr. East Kent Golding 5%<br><strong>Speise:<\/strong>  1,5 Liter<br><strong>Stammw\u00fcrze:<\/strong>  20,8 % (dank der Zugabe von Malzextrakt)<br><strong>Hefe:<\/strong> Nothingham High Performance Ale Yeast von Lallemand (mit Vorderw\u00fcrze hergef\u00fchrt)<br><strong>G\u00e4rtemperatur:<\/strong> 15-17\u00b0 C<br><strong>G\u00e4rdauer:<\/strong>  7 Tage<br><strong>Abgef\u00fcllte Menge:<\/strong> 17,5  Liter<br><\/p>\n\n\n\n<figure class=\"wp-block-gallery has-nested-images columns-default is-cropped wp-block-gallery-1 is-layout-flex wp-block-gallery-is-layout-flex\">\n<figure class=\"wp-block-image size-large\"><img loading=\"lazy\" decoding=\"async\" width=\"768\" height=\"1024\" data-id=\"738\" src=\"https:\/\/www.braunavigatoren.de\/wp-content\/uploads\/2022\/12\/IMG_2877-768x1024.jpeg\" alt=\"\" class=\"wp-image-738\" srcset=\"https:\/\/www.braunavigatoren.de\/wp-content\/uploads\/2022\/12\/IMG_2877-768x1024.jpeg 768w, https:\/\/www.braunavigatoren.de\/wp-content\/uploads\/2022\/12\/IMG_2877-225x300.jpeg 225w, https:\/\/www.braunavigatoren.de\/wp-content\/uploads\/2022\/12\/IMG_2877-1152x1536.jpeg 1152w, https:\/\/www.braunavigatoren.de\/wp-content\/uploads\/2022\/12\/IMG_2877-1536x2048.jpeg 1536w, https:\/\/www.braunavigatoren.de\/wp-content\/uploads\/2022\/12\/IMG_2877-1200x1600.jpeg 1200w, https:\/\/www.braunavigatoren.de\/wp-content\/uploads\/2022\/12\/IMG_2877-scaled.jpeg 1920w\" sizes=\"auto, (max-width: 768px) 85vw, 768px\" \/><figcaption class=\"wp-element-caption\"><strong>Dieser Sud bringt es auf deutlich \u00fcber 20 % Stammw\u00fcrze<\/strong>&#8230;<\/figcaption><\/figure>\n\n\n\n<figure class=\"wp-block-image size-large\"><img loading=\"lazy\" decoding=\"async\" width=\"768\" height=\"1024\" data-id=\"739\" src=\"https:\/\/www.braunavigatoren.de\/wp-content\/uploads\/2022\/12\/IMG_2876-768x1024.jpeg\" alt=\"\" class=\"wp-image-739\" srcset=\"https:\/\/www.braunavigatoren.de\/wp-content\/uploads\/2022\/12\/IMG_2876-768x1024.jpeg 768w, https:\/\/www.braunavigatoren.de\/wp-content\/uploads\/2022\/12\/IMG_2876-225x300.jpeg 225w, https:\/\/www.braunavigatoren.de\/wp-content\/uploads\/2022\/12\/IMG_2876-1152x1536.jpeg 1152w, https:\/\/www.braunavigatoren.de\/wp-content\/uploads\/2022\/12\/IMG_2876-1536x2048.jpeg 1536w, https:\/\/www.braunavigatoren.de\/wp-content\/uploads\/2022\/12\/IMG_2876-1200x1600.jpeg 1200w, https:\/\/www.braunavigatoren.de\/wp-content\/uploads\/2022\/12\/IMG_2876-scaled.jpeg 1920w\" sizes=\"auto, (max-width: 768px) 85vw, 768px\" \/><figcaption class=\"wp-element-caption\">&#8230; was nat\u00fcrlich auch an der Zugabe des Malzextraktes liegt.<\/figcaption><\/figure>\n\n\n\n<figure class=\"wp-block-image size-large\"><img loading=\"lazy\" decoding=\"async\" width=\"768\" height=\"1024\" data-id=\"740\" src=\"https:\/\/www.braunavigatoren.de\/wp-content\/uploads\/2022\/12\/IMG_2875-768x1024.jpeg\" alt=\"\" class=\"wp-image-740\" srcset=\"https:\/\/www.braunavigatoren.de\/wp-content\/uploads\/2022\/12\/IMG_2875-768x1024.jpeg 768w, https:\/\/www.braunavigatoren.de\/wp-content\/uploads\/2022\/12\/IMG_2875-225x300.jpeg 225w, https:\/\/www.braunavigatoren.de\/wp-content\/uploads\/2022\/12\/IMG_2875-1152x1536.jpeg 1152w, https:\/\/www.braunavigatoren.de\/wp-content\/uploads\/2022\/12\/IMG_2875-1536x2048.jpeg 1536w, https:\/\/www.braunavigatoren.de\/wp-content\/uploads\/2022\/12\/IMG_2875-1200x1600.jpeg 1200w, https:\/\/www.braunavigatoren.de\/wp-content\/uploads\/2022\/12\/IMG_2875-scaled.jpeg 1920w\" sizes=\"auto, (max-width: 768px) 85vw, 768px\" \/><figcaption class=\"wp-element-caption\">Schon beim Ausschlagen pechschwarz<\/figcaption><\/figure>\n\n\n\n<figure class=\"wp-block-image size-large\"><img loading=\"lazy\" decoding=\"async\" width=\"768\" height=\"1024\" data-id=\"741\" src=\"https:\/\/www.braunavigatoren.de\/wp-content\/uploads\/2022\/12\/IMG_2873-768x1024.jpeg\" alt=\"\" class=\"wp-image-741\" srcset=\"https:\/\/www.braunavigatoren.de\/wp-content\/uploads\/2022\/12\/IMG_2873-768x1024.jpeg 768w, https:\/\/www.braunavigatoren.de\/wp-content\/uploads\/2022\/12\/IMG_2873-225x300.jpeg 225w, https:\/\/www.braunavigatoren.de\/wp-content\/uploads\/2022\/12\/IMG_2873-1152x1536.jpeg 1152w, https:\/\/www.braunavigatoren.de\/wp-content\/uploads\/2022\/12\/IMG_2873-1536x2048.jpeg 1536w, https:\/\/www.braunavigatoren.de\/wp-content\/uploads\/2022\/12\/IMG_2873-1200x1600.jpeg 1200w, https:\/\/www.braunavigatoren.de\/wp-content\/uploads\/2022\/12\/IMG_2873-scaled.jpeg 1920w\" sizes=\"auto, (max-width: 768px) 85vw, 768px\" \/><figcaption class=\"wp-element-caption\">Dennis hatte eine Spezialit\u00e4t aus der Turkey Creek Brewery f\u00fcr Hellas Geburtstag mitgebracht.<\/figcaption><\/figure>\n<\/figure>\n\n\n\n<div class=\"wp-block-group\"><div class=\"wp-block-group__inner-container is-layout-constrained wp-block-group-is-layout-constrained\">\n<figure class=\"wp-block-image size-full\"><img loading=\"lazy\" decoding=\"async\" width=\"2560\" height=\"1920\" src=\"https:\/\/www.braunavigatoren.de\/wp-content\/uploads\/2022\/12\/IMG_2880-scaled.jpeg\" alt=\"\" class=\"wp-image-736\" srcset=\"https:\/\/www.braunavigatoren.de\/wp-content\/uploads\/2022\/12\/IMG_2880-scaled.jpeg 2560w, https:\/\/www.braunavigatoren.de\/wp-content\/uploads\/2022\/12\/IMG_2880-300x225.jpeg 300w, https:\/\/www.braunavigatoren.de\/wp-content\/uploads\/2022\/12\/IMG_2880-1024x768.jpeg 1024w, https:\/\/www.braunavigatoren.de\/wp-content\/uploads\/2022\/12\/IMG_2880-768x576.jpeg 768w, https:\/\/www.braunavigatoren.de\/wp-content\/uploads\/2022\/12\/IMG_2880-1536x1152.jpeg 1536w, https:\/\/www.braunavigatoren.de\/wp-content\/uploads\/2022\/12\/IMG_2880-2048x1536.jpeg 2048w, https:\/\/www.braunavigatoren.de\/wp-content\/uploads\/2022\/12\/IMG_2880-1200x900.jpeg 1200w\" sizes=\"auto, (max-width: 709px) 85vw, (max-width: 909px) 67vw, (max-width: 1362px) 62vw, 840px\" \/><figcaption class=\"wp-element-caption\">Bei dieser Aussicht kann man auch mal ein schweizerisches Industriebier gutfinden, od\u00e4rrr? &#8230;<\/figcaption><\/figure>\n\n\n\n<figure class=\"wp-block-image size-large\"><img loading=\"lazy\" decoding=\"async\" width=\"1024\" height=\"768\" src=\"https:\/\/www.braunavigatoren.de\/wp-content\/uploads\/2022\/12\/IMG_2879-1024x768.jpeg\" alt=\"\" class=\"wp-image-737\" srcset=\"https:\/\/www.braunavigatoren.de\/wp-content\/uploads\/2022\/12\/IMG_2879-1024x768.jpeg 1024w, https:\/\/www.braunavigatoren.de\/wp-content\/uploads\/2022\/12\/IMG_2879-300x225.jpeg 300w, https:\/\/www.braunavigatoren.de\/wp-content\/uploads\/2022\/12\/IMG_2879-768x576.jpeg 768w, https:\/\/www.braunavigatoren.de\/wp-content\/uploads\/2022\/12\/IMG_2879-1536x1152.jpeg 1536w, https:\/\/www.braunavigatoren.de\/wp-content\/uploads\/2022\/12\/IMG_2879-2048x1536.jpeg 2048w, https:\/\/www.braunavigatoren.de\/wp-content\/uploads\/2022\/12\/IMG_2879-1200x900.jpeg 1200w\" sizes=\"auto, (max-width: 709px) 85vw, (max-width: 909px) 67vw, (max-width: 1362px) 62vw, 840px\" \/><figcaption class=\"wp-element-caption\">.. ein Schelm, wer B\u00f6ses dabei denkt.<\/figcaption><\/figure>\n<\/div><\/div>\n\n\n\n<p><strong>Ergebnis\/Bewertung:<br><\/strong>Die &#8222;Schwarze Katharina&#8220; wurde wie schon einige Vorg\u00e4nger im Wyssfluehuis im L\u00f6tschental gebraut. Die G\u00e4rung dauerte allerdings l\u00e4nger, so dass wir den gef\u00fcllten G\u00e4reimer ins Auto laden und erst zu Hause abf\u00fcllen konnten. Wir hoffen das unvermeidliche Sch\u00fctteln hat dem Bier nicht geschadet.  <\/p>\n\n\n\n<p>Am 1. Advent, So. 4.12.22 um 17.00 Uhr wurde dieses erstaunliche Bier per Videoschalte in Mannheim-Hamburg-Schriesheim angestochen. Sehr dicht, undurchsichtig schwarz und so stark, dass man der &#8222;Schwarzen Katharina&#8220; wohl besser in kleinen Schlucken und mit nur einem Glas voll die Ehre gibt.<br>Ein echtes BrauNaviagatoren-Bier.<\/p>\n","protected":false},"excerpt":{"rendered":"<p>Katharina die Gro\u00dfe lie\u00df dieses Bier in England brauen. Es ist so stark, dass es lange lagerf\u00e4hig ist und so den Transport nach St. Petersburg \u00fcberstehen konnte. Die Biersorte &#8222;Russian Imperial Stout&#8220; haben wir in &#8222;Russian Anti-Imperial-Stout&#8220; umgeschrieben. Schwarze Katharina &#8211; Russian-Anti-Imperial-StoutDatum: 21.10.2022Verfahren: aufsteigende InfusionBiersorte: StoutHauptguss: 18 LiterNachguss: 13 LiterSch\u00fcttung: 5400 gr. Maris Otter Pale &hellip; <a href=\"https:\/\/www.braunavigatoren.de\/?page_id=721\" class=\"more-link\"><span class=\"screen-reader-text\">\u201eUnser &#8222;Schwarze Katharina&#8220;\u201c <\/span>weiterlesen<\/a><\/p>\n","protected":false},"author":2,"featured_media":0,"parent":0,"menu_order":0,"comment_status":"closed","ping_status":"closed","template":"","meta":{"footnotes":""},"class_list":["post-721","page","type-page","status-publish","hentry"],"_links":{"self":[{"href":"https:\/\/www.braunavigatoren.de\/index.php?rest_route=\/wp\/v2\/pages\/721","targetHints":{"allow":["GET"]}}],"collection":[{"href":"https:\/\/www.braunavigatoren.de\/index.php?rest_route=\/wp\/v2\/pages"}],"about":[{"href":"https:\/\/www.braunavigatoren.de\/index.php?rest_route=\/wp\/v2\/types\/page"}],"author":[{"embeddable":true,"href":"https:\/\/www.braunavigatoren.de\/index.php?rest_route=\/wp\/v2\/users\/2"}],"replies":[{"embeddable":true,"href":"https:\/\/www.braunavigatoren.de\/index.php?rest_route=%2Fwp%2Fv2%2Fcomments&post=721"}],"version-history":[{"count":10,"href":"https:\/\/www.braunavigatoren.de\/index.php?rest_route=\/wp\/v2\/pages\/721\/revisions"}],"predecessor-version":[{"id":867,"href":"https:\/\/www.braunavigatoren.de\/index.php?rest_route=\/wp\/v2\/pages\/721\/revisions\/867"}],"wp:attachment":[{"href":"https:\/\/www.braunavigatoren.de\/index.php?rest_route=%2Fwp%2Fv2%2Fmedia&parent=721"}],"curies":[{"name":"wp","href":"https:\/\/api.w.org\/{rel}","templated":true}]}}