{"id":71,"date":"2019-05-02T10:46:00","date_gmt":"2019-05-02T08:46:00","guid":{"rendered":"https:\/\/www.braunavigatoren.de\/?page_id=71"},"modified":"2024-10-18T17:39:03","modified_gmt":"2024-10-18T15:39:03","slug":"die-naechsten-projekte","status":"publish","type":"page","link":"https:\/\/www.braunavigatoren.de\/?page_id=71","title":{"rendered":"Unser n\u00e4chster Sud&#8230;"},"content":{"rendered":"\n<p>ist f\u00fcr den 31.  M\u00e4rz 2025 geplant.<\/p>\n\n\n\n<p>Angepeilt ist ein Trappistenbier &#8211; Belgisch Triple: <\/p>\n\n\n\n<p>Wikipedia dazu: &#8222;Das <strong>Trappistenbier<\/strong> ist ein durch oder unter Aufsicht von <a href=\"https:\/\/de.wikipedia.org\/wiki\/Trappisten\">Trappistenm\u00f6nchen<\/a> gebrautes <a href=\"https:\/\/de.wikipedia.org\/wiki\/Bier\">Bier<\/a>. Das Bier muss in einem Trappistenkloster oder in dessen unmittelbarer Umgebung hergestellt werden. &#8230;. Eventuelle \u00dcbersch\u00fcsse aus umsichtiger Betriebsf\u00fchrung dienen wohlt\u00e4tigen oder sozialen Zwecken oder f\u00fcr die Bed\u00fcrfnisse anderer Trappistenkl\u00f6ster.&#8220;<br><br>Die \u00dcbersch\u00fcsse k\u00f6nnen wir sicher sozialen Zwecken (z.B. zur F\u00f6rderung der BrauNavigatoren) zuf\u00fchren.<\/p>\n\n\n\n<p>Aber woher nehmen wir den Trappistenm\u00f6nch der uns beaufsichtigt? Vielleicht findet sich bis dahin ja noch jemand&#8230;<\/p>\n\n\n\n<p><\/p>\n\n\n\n<p><\/p>\n\n\n\n<p><\/p>\n\n\n\n<p><\/p>\n\n\n\n<p><\/p>\n\n\n\n<p><\/p>\n\n\n\n<p><\/p>\n\n\n\n<p><\/p>\n\n\n\n<p><\/p>\n","protected":false},"excerpt":{"rendered":"<p>ist f\u00fcr den 31. M\u00e4rz 2025 geplant. Angepeilt ist ein Trappistenbier &#8211; Belgisch Triple: Wikipedia dazu: &#8222;Das Trappistenbier ist ein durch oder unter Aufsicht von Trappistenm\u00f6nchen gebrautes Bier. Das Bier muss in einem Trappistenkloster oder in dessen unmittelbarer Umgebung hergestellt werden. &#8230;. Eventuelle \u00dcbersch\u00fcsse aus umsichtiger Betriebsf\u00fchrung dienen wohlt\u00e4tigen oder sozialen Zwecken oder f\u00fcr die &hellip; <a href=\"https:\/\/www.braunavigatoren.de\/?page_id=71\" class=\"more-link\"><span class=\"screen-reader-text\">\u201eUnser n\u00e4chster Sud&#8230;\u201c <\/span>weiterlesen<\/a><\/p>\n","protected":false},"author":2,"featured_media":0,"parent":0,"menu_order":12,"comment_status":"closed","ping_status":"closed","template":"","meta":{"footnotes":""},"class_list":["post-71","page","type-page","status-publish","hentry"],"_links":{"self":[{"href":"https:\/\/www.braunavigatoren.de\/index.php?rest_route=\/wp\/v2\/pages\/71","targetHints":{"allow":["GET"]}}],"collection":[{"href":"https:\/\/www.braunavigatoren.de\/index.php?rest_route=\/wp\/v2\/pages"}],"about":[{"href":"https:\/\/www.braunavigatoren.de\/index.php?rest_route=\/wp\/v2\/types\/page"}],"author":[{"embeddable":true,"href":"https:\/\/www.braunavigatoren.de\/index.php?rest_route=\/wp\/v2\/users\/2"}],"replies":[{"embeddable":true,"href":"https:\/\/www.braunavigatoren.de\/index.php?rest_route=%2Fwp%2Fv2%2Fcomments&post=71"}],"version-history":[{"count":33,"href":"https:\/\/www.braunavigatoren.de\/index.php?rest_route=\/wp\/v2\/pages\/71\/revisions"}],"predecessor-version":[{"id":880,"href":"https:\/\/www.braunavigatoren.de\/index.php?rest_route=\/wp\/v2\/pages\/71\/revisions\/880"}],"wp:attachment":[{"href":"https:\/\/www.braunavigatoren.de\/index.php?rest_route=%2Fwp%2Fv2%2Fmedia&parent=71"}],"curies":[{"name":"wp","href":"https:\/\/api.w.org\/{rel}","templated":true}]}}