{"id":690,"date":"2022-04-17T10:29:18","date_gmt":"2022-04-17T08:29:18","guid":{"rendered":"https:\/\/www.braunavigatoren.de\/?page_id=690"},"modified":"2022-11-10T11:22:23","modified_gmt":"2022-11-10T10:22:23","slug":"unser-coconut-garden","status":"publish","type":"page","link":"https:\/\/www.braunavigatoren.de\/?page_id=690","title":{"rendered":"Unser &#8222;Coconut-Garden&#8220;"},"content":{"rendered":"\n<figure class=\"wp-block-image size-full\"><img loading=\"lazy\" decoding=\"async\" width=\"595\" height=\"419\" src=\"http:\/\/www.braunavigatoren.de\/wp-content\/uploads\/2022\/04\/coco.png\" alt=\"\" class=\"wp-image-698\" srcset=\"https:\/\/www.braunavigatoren.de\/wp-content\/uploads\/2022\/04\/coco.png 595w, https:\/\/www.braunavigatoren.de\/wp-content\/uploads\/2022\/04\/coco-300x211.png 300w\" sizes=\"auto, (max-width: 595px) 85vw, 595px\" \/><\/figure>\n\n\n\n<p><strong>Porter mit Kokosnuss-Aroma<\/strong><br><strong>Datum:<\/strong>  25.3.2022<br><strong>Verfahren:<\/strong> aufsteigende Infusion<br><strong>Biersorte:<\/strong> engl. Porter<br><strong>Hauptguss:<\/strong>  15 Liter<br><strong>Nachguss:<\/strong>  14 Liter<br><strong>Sch\u00fcttung:<\/strong> 4900 gr. Pale Ale Maris Otter, 250 gr. Chrystal Malt, 110 gr. Carafa II Spezial, 218 gr. Carafa II, 218 gr. Chocolate Malt <br><strong>Einmaischen:<\/strong> 67\u00b0 C<br><strong>Eiweissrast:<\/strong>  ohne<br><strong>Maltoserast<\/strong>:  67\u00b0 C, 50 Min.<br><strong>Verzuckerungsrast:<\/strong>  20 Min. bei 72\u00b0 C<br><strong>Abmaischen:<\/strong> bei 78\u00b0 C<br><strong>Kochzeit W\u00fcrze:<\/strong>  60 Min.<br><strong>Hopfen:<\/strong> 16 gr. Chinook 11,4% f\u00fcr 60 Min., 37 gr. Willamette 3,4% f\u00fcr 40 Min., 26 gr. Willamtte 3,4% f\u00fcr 20 Min.<br><strong>Speise:<\/strong>  1,5 Liter<br><strong>Stammw\u00fcrze:<\/strong>  15,8 %<br><strong>Hefe:<\/strong> US05 v. Fermentis<br><strong>G\u00e4rtemperatur:<\/strong> 16-17,5\u00b0 C<br><strong>G\u00e4rdauer:<\/strong>  6 Tage<\/p>\n\n\n\n<p><strong>Aromatisierung:<\/strong> Zusatz von 450 ger\u00f6stete Kokosflocken nach der Hauptg\u00e4rung f\u00fcr 7 Tage (bei 70 Grad im Backofen f\u00fcr 40 Min. r\u00f6sten, immer wieder wenden).<br><strong>Abgef\u00fcllte Menge:<\/strong>  19 Liter<br><\/p>\n\n\n\n<figure class=\"wp-block-gallery has-nested-images columns-default is-cropped wp-block-gallery-1 is-layout-flex wp-block-gallery-is-layout-flex\">\n<figure class=\"wp-block-image size-large\"><img loading=\"lazy\" decoding=\"async\" width=\"3024\" height=\"4032\" data-id=\"701\" src=\"http:\/\/www.braunavigatoren.de\/wp-content\/uploads\/2022\/04\/IMG_2636.png\" alt=\"\" class=\"wp-image-701\" srcset=\"https:\/\/www.braunavigatoren.de\/wp-content\/uploads\/2022\/04\/IMG_2636.png 3024w, https:\/\/www.braunavigatoren.de\/wp-content\/uploads\/2022\/04\/IMG_2636-225x300.png 225w, https:\/\/www.braunavigatoren.de\/wp-content\/uploads\/2022\/04\/IMG_2636-768x1024.png 768w, https:\/\/www.braunavigatoren.de\/wp-content\/uploads\/2022\/04\/IMG_2636-1152x1536.png 1152w, https:\/\/www.braunavigatoren.de\/wp-content\/uploads\/2022\/04\/IMG_2636-1536x2048.png 1536w, https:\/\/www.braunavigatoren.de\/wp-content\/uploads\/2022\/04\/IMG_2636-1200x1600.png 1200w\" sizes=\"auto, (max-width: 709px) 85vw, (max-width: 909px) 67vw, (max-width: 1362px) 62vw, 840px\" \/><figcaption class=\"wp-element-caption\">Mal wieder im Garten brauen,&#8230;<\/figcaption><\/figure>\n\n\n\n<figure class=\"wp-block-image size-large\"><img loading=\"lazy\" decoding=\"async\" width=\"4032\" height=\"3024\" data-id=\"700\" src=\"http:\/\/www.braunavigatoren.de\/wp-content\/uploads\/2022\/04\/IMG_2633.png\" alt=\"\" class=\"wp-image-700\" srcset=\"https:\/\/www.braunavigatoren.de\/wp-content\/uploads\/2022\/04\/IMG_2633.png 4032w, https:\/\/www.braunavigatoren.de\/wp-content\/uploads\/2022\/04\/IMG_2633-300x225.png 300w, https:\/\/www.braunavigatoren.de\/wp-content\/uploads\/2022\/04\/IMG_2633-1024x768.png 1024w, https:\/\/www.braunavigatoren.de\/wp-content\/uploads\/2022\/04\/IMG_2633-768x576.png 768w, https:\/\/www.braunavigatoren.de\/wp-content\/uploads\/2022\/04\/IMG_2633-1536x1152.png 1536w, https:\/\/www.braunavigatoren.de\/wp-content\/uploads\/2022\/04\/IMG_2633-2048x1536.png 2048w, https:\/\/www.braunavigatoren.de\/wp-content\/uploads\/2022\/04\/IMG_2633-1200x900.png 1200w\" sizes=\"auto, (max-width: 709px) 85vw, (max-width: 909px) 67vw, (max-width: 1362px) 62vw, 840px\" \/><figcaption class=\"wp-element-caption\">&#8230; und das &#8222;Sunnigs Wyssfluehuis&#8220; anstechen.<\/figcaption><\/figure>\n\n\n\n<figure class=\"wp-block-image size-large\"><img decoding=\"async\" data-id=\"699\" src=\"http:\/\/www.braunavigatoren.de\/wp-content\/uploads\/2022\/04\/IMG_2631-1.png\" alt=\"\" class=\"wp-image-699\"\/><figcaption class=\"wp-element-caption\">Bis die Sonne untergeht, fast subtropisch&#8230;<\/figcaption><\/figure>\n\n\n\n<figure class=\"wp-block-image size-large\"><img loading=\"lazy\" decoding=\"async\" width=\"3024\" height=\"4032\" data-id=\"702\" src=\"http:\/\/www.braunavigatoren.de\/wp-content\/uploads\/2022\/04\/IMG_2655.png\" alt=\"\" class=\"wp-image-702\" srcset=\"https:\/\/www.braunavigatoren.de\/wp-content\/uploads\/2022\/04\/IMG_2655.png 3024w, https:\/\/www.braunavigatoren.de\/wp-content\/uploads\/2022\/04\/IMG_2655-225x300.png 225w, https:\/\/www.braunavigatoren.de\/wp-content\/uploads\/2022\/04\/IMG_2655-768x1024.png 768w, https:\/\/www.braunavigatoren.de\/wp-content\/uploads\/2022\/04\/IMG_2655-1152x1536.png 1152w, https:\/\/www.braunavigatoren.de\/wp-content\/uploads\/2022\/04\/IMG_2655-1536x2048.png 1536w, https:\/\/www.braunavigatoren.de\/wp-content\/uploads\/2022\/04\/IMG_2655-1200x1600.png 1200w\" sizes=\"auto, (max-width: 709px) 85vw, (max-width: 909px) 67vw, (max-width: 1362px) 62vw, 840px\" \/><figcaption class=\"wp-element-caption\">.. mit den Kokosflocken, sieht das Bier wie verschimmelt aus.<\/figcaption><\/figure>\n\n\n\n<figure class=\"wp-block-image size-large\"><img loading=\"lazy\" decoding=\"async\" width=\"3024\" height=\"4032\" data-id=\"704\" src=\"http:\/\/www.braunavigatoren.de\/wp-content\/uploads\/2022\/04\/IMG_2658.png\" alt=\"\" class=\"wp-image-704\" srcset=\"https:\/\/www.braunavigatoren.de\/wp-content\/uploads\/2022\/04\/IMG_2658.png 3024w, https:\/\/www.braunavigatoren.de\/wp-content\/uploads\/2022\/04\/IMG_2658-225x300.png 225w, https:\/\/www.braunavigatoren.de\/wp-content\/uploads\/2022\/04\/IMG_2658-768x1024.png 768w, https:\/\/www.braunavigatoren.de\/wp-content\/uploads\/2022\/04\/IMG_2658-1152x1536.png 1152w, https:\/\/www.braunavigatoren.de\/wp-content\/uploads\/2022\/04\/IMG_2658-1536x2048.png 1536w, https:\/\/www.braunavigatoren.de\/wp-content\/uploads\/2022\/04\/IMG_2658-1200x1600.png 1200w\" sizes=\"auto, (max-width: 709px) 85vw, (max-width: 909px) 67vw, (max-width: 1362px) 62vw, 840px\" \/><figcaption class=\"wp-element-caption\">Vor dem Schlauchen m\u00fcssen die Flocken sauber rausgefiltert werden.<\/figcaption><\/figure>\n\n\n\n<figure class=\"wp-block-image size-large\"><img loading=\"lazy\" decoding=\"async\" width=\"3024\" height=\"4032\" data-id=\"703\" src=\"http:\/\/www.braunavigatoren.de\/wp-content\/uploads\/2022\/04\/IMG_2656.png\" alt=\"\" class=\"wp-image-703\" srcset=\"https:\/\/www.braunavigatoren.de\/wp-content\/uploads\/2022\/04\/IMG_2656.png 3024w, https:\/\/www.braunavigatoren.de\/wp-content\/uploads\/2022\/04\/IMG_2656-225x300.png 225w, https:\/\/www.braunavigatoren.de\/wp-content\/uploads\/2022\/04\/IMG_2656-768x1024.png 768w, https:\/\/www.braunavigatoren.de\/wp-content\/uploads\/2022\/04\/IMG_2656-1152x1536.png 1152w, https:\/\/www.braunavigatoren.de\/wp-content\/uploads\/2022\/04\/IMG_2656-1536x2048.png 1536w, https:\/\/www.braunavigatoren.de\/wp-content\/uploads\/2022\/04\/IMG_2656-1200x1600.png 1200w\" sizes=\"auto, (max-width: 709px) 85vw, (max-width: 909px) 67vw, (max-width: 1362px) 62vw, 840px\" \/><figcaption class=\"wp-element-caption\">Das Jungbier hat schon sehr deutliche Kokosaromen.<\/figcaption><\/figure>\n<\/figure>\n\n\n\n<p><strong>Ergebnis<\/strong>: Nachdem das Bier fast drei Wochen lang bis zum Abf\u00fcllen brauchte, waren zwei der drei Speise-Flaschen schon vergoren, deshalb wurde jeder Flasche eine Messerspitze Zucker hinzugef\u00fcgt. <br><br>Nach dem Anstich gab es verwunderte Gesichter. So richtig ein Bier ist es nicht, denn die Kokosn\u00fcsse gaben eine etwas samtige Note, eher wie ein Lik\u00f6r oder Cocktail. Den Kokosgeschmack konnte man wahrnehmen &#8211; vor allem wenn man ihn erwartet hat. <br>Gutes Experiment mit echt exotischem Ergebnis. Eine echte Spezialit\u00e4t, aber nicht unbedingt wiederholenswert.<\/p>\n","protected":false},"excerpt":{"rendered":"<p>Porter mit Kokosnuss-AromaDatum: 25.3.2022Verfahren: aufsteigende InfusionBiersorte: engl. PorterHauptguss: 15 LiterNachguss: 14 LiterSch\u00fcttung: 4900 gr. Pale Ale Maris Otter, 250 gr. Chrystal Malt, 110 gr. Carafa II Spezial, 218 gr. Carafa II, 218 gr. Chocolate Malt Einmaischen: 67\u00b0 CEiweissrast: ohneMaltoserast: 67\u00b0 C, 50 Min.Verzuckerungsrast: 20 Min. bei 72\u00b0 CAbmaischen: bei 78\u00b0 CKochzeit W\u00fcrze: 60 Min.Hopfen: 16 &hellip; <a href=\"https:\/\/www.braunavigatoren.de\/?page_id=690\" class=\"more-link\"><span class=\"screen-reader-text\">\u201eUnser &#8222;Coconut-Garden&#8220;\u201c <\/span>weiterlesen<\/a><\/p>\n","protected":false},"author":2,"featured_media":0,"parent":59,"menu_order":-1,"comment_status":"closed","ping_status":"closed","template":"","meta":{"footnotes":""},"class_list":["post-690","page","type-page","status-publish","hentry"],"_links":{"self":[{"href":"https:\/\/www.braunavigatoren.de\/index.php?rest_route=\/wp\/v2\/pages\/690","targetHints":{"allow":["GET"]}}],"collection":[{"href":"https:\/\/www.braunavigatoren.de\/index.php?rest_route=\/wp\/v2\/pages"}],"about":[{"href":"https:\/\/www.braunavigatoren.de\/index.php?rest_route=\/wp\/v2\/types\/page"}],"author":[{"embeddable":true,"href":"https:\/\/www.braunavigatoren.de\/index.php?rest_route=\/wp\/v2\/users\/2"}],"replies":[{"embeddable":true,"href":"https:\/\/www.braunavigatoren.de\/index.php?rest_route=%2Fwp%2Fv2%2Fcomments&post=690"}],"version-history":[{"count":9,"href":"https:\/\/www.braunavigatoren.de\/index.php?rest_route=\/wp\/v2\/pages\/690\/revisions"}],"predecessor-version":[{"id":718,"href":"https:\/\/www.braunavigatoren.de\/index.php?rest_route=\/wp\/v2\/pages\/690\/revisions\/718"}],"up":[{"embeddable":true,"href":"https:\/\/www.braunavigatoren.de\/index.php?rest_route=\/wp\/v2\/pages\/59"}],"wp:attachment":[{"href":"https:\/\/www.braunavigatoren.de\/index.php?rest_route=%2Fwp%2Fv2%2Fmedia&parent=690"}],"curies":[{"name":"wp","href":"https:\/\/api.w.org\/{rel}","templated":true}]}}