{"id":69,"date":"2019-05-02T10:43:35","date_gmt":"2019-05-02T08:43:35","guid":{"rendered":"https:\/\/www.braunavigatoren.de\/?page_id=69"},"modified":"2022-07-14T17:05:07","modified_gmt":"2022-07-14T15:05:07","slug":"bier","status":"publish","type":"page","link":"https:\/\/www.braunavigatoren.de\/?page_id=69","title":{"rendered":"Unser                            &#8222;Conquest of Paradise&#8220;"},"content":{"rendered":"\n<p>Am <strong>4.12.2011<\/strong> haben wir zum ersten mal zusammen Bier gebraut, nachdem wir bis dahin immer nur zusammen Bier getrunken hatten. So hat jeder seine Kenntnisse eingebracht und es hat gleich beim ersten Mal hervorragend geklappt.<\/p>\n\n\n\n<figure class=\"wp-block-image\"><img loading=\"lazy\" decoding=\"async\" width=\"360\" height=\"240\" src=\"https:\/\/www.braunavigatoren.de\/wp-content\/uploads\/2019\/05\/UNADJUSTEDNONRAW_thumb_575d.jpg\" alt=\"\" class=\"wp-image-199\" srcset=\"https:\/\/www.braunavigatoren.de\/wp-content\/uploads\/2019\/05\/UNADJUSTEDNONRAW_thumb_575d.jpg 360w, https:\/\/www.braunavigatoren.de\/wp-content\/uploads\/2019\/05\/UNADJUSTEDNONRAW_thumb_575d-300x200.jpg 300w\" sizes=\"auto, (max-width: 360px) 85vw, 360px\" \/><figcaption>Malz schroten<\/figcaption><\/figure>\n\n\n\n<figure class=\"wp-block-image\"><img loading=\"lazy\" decoding=\"async\" width=\"240\" height=\"360\" src=\"https:\/\/www.braunavigatoren.de\/wp-content\/uploads\/2019\/05\/UNADJUSTEDNONRAW_thumb_5765.jpg\" alt=\"\" class=\"wp-image-202\" srcset=\"https:\/\/www.braunavigatoren.de\/wp-content\/uploads\/2019\/05\/UNADJUSTEDNONRAW_thumb_5765.jpg 240w, https:\/\/www.braunavigatoren.de\/wp-content\/uploads\/2019\/05\/UNADJUSTEDNONRAW_thumb_5765-200x300.jpg 200w\" sizes=\"auto, (max-width: 240px) 85vw, 240px\" \/><figcaption>&#8230;eingemaischt<\/figcaption><\/figure>\n\n\n\n<figure class=\"wp-block-image\"><img loading=\"lazy\" decoding=\"async\" width=\"240\" height=\"360\" src=\"https:\/\/www.braunavigatoren.de\/wp-content\/uploads\/2019\/05\/UNADJUSTEDNONRAW_thumb_576f.jpg\" alt=\"\" class=\"wp-image-200\" srcset=\"https:\/\/www.braunavigatoren.de\/wp-content\/uploads\/2019\/05\/UNADJUSTEDNONRAW_thumb_576f.jpg 240w, https:\/\/www.braunavigatoren.de\/wp-content\/uploads\/2019\/05\/UNADJUSTEDNONRAW_thumb_576f-200x300.jpg 200w\" sizes=\"auto, (max-width: 240px) 85vw, 240px\" \/><figcaption>&#8230; und nix anbrennen lassen<\/figcaption><\/figure>\n\n\n\n<figure class=\"wp-block-image\"><img loading=\"lazy\" decoding=\"async\" width=\"360\" height=\"240\" src=\"https:\/\/www.braunavigatoren.de\/wp-content\/uploads\/2019\/05\/UNADJUSTEDNONRAW_thumb_5779.jpg\" alt=\"\" class=\"wp-image-204\" srcset=\"https:\/\/www.braunavigatoren.de\/wp-content\/uploads\/2019\/05\/UNADJUSTEDNONRAW_thumb_5779.jpg 360w, https:\/\/www.braunavigatoren.de\/wp-content\/uploads\/2019\/05\/UNADJUSTEDNONRAW_thumb_5779-300x200.jpg 300w\" sizes=\"auto, (max-width: 360px) 85vw, 360px\" \/><figcaption>Ausschlagen<\/figcaption><\/figure>\n\n\n\n<figure class=\"wp-block-image\"><img loading=\"lazy\" decoding=\"async\" width=\"240\" height=\"360\" src=\"https:\/\/www.braunavigatoren.de\/wp-content\/uploads\/2019\/05\/UNADJUSTEDNONRAW_thumb_5773.jpg\" alt=\"\" class=\"wp-image-203\" srcset=\"https:\/\/www.braunavigatoren.de\/wp-content\/uploads\/2019\/05\/UNADJUSTEDNONRAW_thumb_5773.jpg 240w, https:\/\/www.braunavigatoren.de\/wp-content\/uploads\/2019\/05\/UNADJUSTEDNONRAW_thumb_5773-200x300.jpg 200w\" sizes=\"auto, (max-width: 240px) 85vw, 240px\" \/><figcaption>Zwischendurch werden ein paar W\u00fcrste gemacht<\/figcaption><\/figure>\n\n\n\n<figure class=\"wp-block-image\"><img loading=\"lazy\" decoding=\"async\" width=\"240\" height=\"360\" src=\"https:\/\/www.braunavigatoren.de\/wp-content\/uploads\/2019\/05\/UNADJUSTEDNONRAW_thumb_578b.jpg\" alt=\"\" class=\"wp-image-201\" srcset=\"https:\/\/www.braunavigatoren.de\/wp-content\/uploads\/2019\/05\/UNADJUSTEDNONRAW_thumb_578b.jpg 240w, https:\/\/www.braunavigatoren.de\/wp-content\/uploads\/2019\/05\/UNADJUSTEDNONRAW_thumb_578b-200x300.jpg 200w\" sizes=\"auto, (max-width: 240px) 85vw, 240px\" \/><figcaption>Filtern w\u00e4hrend der G\u00e4rung am 9.12.2011<\/figcaption><\/figure>\n\n\n\n<figure class=\"wp-block-image size-large is-resized\"><img loading=\"lazy\" decoding=\"async\" src=\"https:\/\/www.braunavigatoren.de\/wp-content\/uploads\/2020\/02\/conquest-of-paradise-etikett-768x1024.png\" alt=\"\" class=\"wp-image-468\" width=\"384\" height=\"512\" srcset=\"https:\/\/www.braunavigatoren.de\/wp-content\/uploads\/2020\/02\/conquest-of-paradise-etikett-768x1024.png 768w, https:\/\/www.braunavigatoren.de\/wp-content\/uploads\/2020\/02\/conquest-of-paradise-etikett-225x300.png 225w, https:\/\/www.braunavigatoren.de\/wp-content\/uploads\/2020\/02\/conquest-of-paradise-etikett-1152x1536.png 1152w, https:\/\/www.braunavigatoren.de\/wp-content\/uploads\/2020\/02\/conquest-of-paradise-etikett-1536x2048.png 1536w, https:\/\/www.braunavigatoren.de\/wp-content\/uploads\/2020\/02\/conquest-of-paradise-etikett-1200x1600.png 1200w\" sizes=\"auto, (max-width: 384px) 85vw, 384px\" \/><figcaption>Etikett unseres ersten Sudes 2011<\/figcaption><\/figure>\n\n\n\n<p><strong>CCONQUEST  OF  PARADISE<\/strong><br><strong>Datum:<\/strong> 4.12.2011<br><strong>Verfahren:<\/strong> aufsteigende Infusion<br><strong>Biersorte:<\/strong> Weizenbock dunkel<br><strong>Hauptguss:<\/strong>  1 3,5Liter<br><strong>Nachguss:<\/strong>  15,5 Liter<br><strong>Sch\u00fcttung:<\/strong> 4000 gr. Weizenmalz, 2000 gr. Pilsner-Malz, 400 gr. Dinkel-R\u00f6stmalz, 4 gr. Braugips<br><strong>Einmaischen:<\/strong> 37 \u00b0 C<br><strong>Eiweissrast:<\/strong>  15 Min. bei 55\u00b0 C<br><strong>Maltoserast<\/strong>:  45 Min. bei 64\u00b0 C<br><strong>Verzuckerungsrast:<\/strong>  20 Min. bei 68\u00b0 C und 20 Min. bei 78\u00b0 C<br><strong>Abmaischen:<\/strong> bei 78\u00b0 C<br><strong>Kochzeit W\u00fcrze:<\/strong>  90 Min.<br><strong>Hopfen:<\/strong> Tettnanger 50 gr. f\u00fcr 90 min., Saphyr 26 gr. f\u00fcr 10 Min.<br><strong>Speise:<\/strong>  1,75 Liter<br><strong>Stammw\u00fcrze:<\/strong> 17,4 %<br><strong>Hefe:<\/strong> Wyeast Weihenstephan oberg\u00e4rig<br><strong>G\u00e4rtemperatur:<\/strong> 20-22\u00b0 C<br><strong>G\u00e4rdauer:<\/strong>  nicht notiert<br><strong>Abgef\u00fcllte Menge:<\/strong>  19 Liter<br><\/p>\n\n\n\n<p><strong>Ergebnis\/Bewertung:<\/strong><br>Der Weizenbock ist recht vollmundig und s\u00fcffig. Allerdings muss man den rauchigen Geschmack m\u00f6gen, das ist nicht jedermanns Sache. Wir vier waren aber rundum zufrieden mit unserem ersten gemeinsamen Bier. Es dr\u00e4ngte  spritzig aus der Flasche, etwas weniger Speise nehmen, wenn man keinen Springbrunnen beim \u00d6ffnen haben will.<\/p>\n","protected":false},"excerpt":{"rendered":"<p>Am 4.12.2011 haben wir zum ersten mal zusammen Bier gebraut, nachdem wir bis dahin immer nur zusammen Bier getrunken hatten. So hat jeder seine Kenntnisse eingebracht und es hat gleich beim ersten Mal hervorragend geklappt. CCONQUEST OF PARADISEDatum: 4.12.2011Verfahren: aufsteigende InfusionBiersorte: Weizenbock dunkelHauptguss: 1 3,5LiterNachguss: 15,5 LiterSch\u00fcttung: 4000 gr. Weizenmalz, 2000 gr. Pilsner-Malz, 400 gr. &hellip; <a href=\"https:\/\/www.braunavigatoren.de\/?page_id=69\" class=\"more-link\"><span class=\"screen-reader-text\">\u201eUnser                            &#8222;Conquest of Paradise&#8220;\u201c <\/span>weiterlesen<\/a><\/p>\n","protected":false},"author":2,"featured_media":0,"parent":59,"menu_order":1,"comment_status":"closed","ping_status":"closed","template":"","meta":{"footnotes":""},"class_list":["post-69","page","type-page","status-publish","hentry"],"_links":{"self":[{"href":"https:\/\/www.braunavigatoren.de\/index.php?rest_route=\/wp\/v2\/pages\/69","targetHints":{"allow":["GET"]}}],"collection":[{"href":"https:\/\/www.braunavigatoren.de\/index.php?rest_route=\/wp\/v2\/pages"}],"about":[{"href":"https:\/\/www.braunavigatoren.de\/index.php?rest_route=\/wp\/v2\/types\/page"}],"author":[{"embeddable":true,"href":"https:\/\/www.braunavigatoren.de\/index.php?rest_route=\/wp\/v2\/users\/2"}],"replies":[{"embeddable":true,"href":"https:\/\/www.braunavigatoren.de\/index.php?rest_route=%2Fwp%2Fv2%2Fcomments&post=69"}],"version-history":[{"count":10,"href":"https:\/\/www.braunavigatoren.de\/index.php?rest_route=\/wp\/v2\/pages\/69\/revisions"}],"predecessor-version":[{"id":716,"href":"https:\/\/www.braunavigatoren.de\/index.php?rest_route=\/wp\/v2\/pages\/69\/revisions\/716"}],"up":[{"embeddable":true,"href":"https:\/\/www.braunavigatoren.de\/index.php?rest_route=\/wp\/v2\/pages\/59"}],"wp:attachment":[{"href":"https:\/\/www.braunavigatoren.de\/index.php?rest_route=%2Fwp%2Fv2%2Fmedia&parent=69"}],"curies":[{"name":"wp","href":"https:\/\/api.w.org\/{rel}","templated":true}]}}