{"id":59,"date":"2019-04-19T19:57:25","date_gmt":"2019-04-19T17:57:25","guid":{"rendered":"https:\/\/www.braunavigatoren.de\/?page_id=59"},"modified":"2021-11-15T18:26:25","modified_gmt":"2021-11-15T17:26:25","slug":"die-qualitaetskontrolle","status":"publish","type":"page","link":"https:\/\/www.braunavigatoren.de\/","title":{"rendered":"Willkommen, liebe Bierfreunde"},"content":{"rendered":"\n<p>Vier begeisterte Heimbrauer*innen stellen sich hier vor. Neben der Freude am Bierbrauen ist unser Beruf der Ursprung  des Teamnamens: wir besch\u00e4ftigen uns alle mit der Orientierung im Allgemeinen und mit der Orientierung von blinden und sehbehinderten Menschen im Besonderen. <br><br>Es braucht schon Erfahrung und Weitsicht, damit die Orientierung beim Biergenuss nicht durcheinander ger\u00e4t. Brauen, Bier und Navigieren haben also mehr miteinander zu tun, als man zun\u00e4chst denkt.<br><br>Wir w\u00fcnschen den Besuchern dieser Seite viel Freude beim St\u00f6bern.<\/p>\n\n\n\n<div class=\"wp-block-image\"><figure class=\"aligncenter size-full\"><img loading=\"lazy\" decoding=\"async\" width=\"640\" height=\"480\" src=\"https:\/\/www.braunavigatoren.de\/wp-content\/uploads\/2021\/11\/IMG_2433.png\" alt=\"\" class=\"wp-image-565\" srcset=\"https:\/\/www.braunavigatoren.de\/wp-content\/uploads\/2021\/11\/IMG_2433.png 640w, https:\/\/www.braunavigatoren.de\/wp-content\/uploads\/2021\/11\/IMG_2433-300x225.png 300w\" sizes=\"auto, (max-width: 640px) 85vw, 640px\" \/><figcaption>Hella, Dennis, Birgit und Ottmar st\u00e4rken sich zur Leergutbeschaffung<br>    nach der Brauarbeit in Weissenried\/Wallis am 24. Oktober 2021<\/figcaption><\/figure><\/div>\n","protected":false},"excerpt":{"rendered":"<p>Vier begeisterte Heimbrauer*innen stellen sich hier vor. Neben der Freude am Bierbrauen ist unser Beruf der Ursprung des Teamnamens: wir besch\u00e4ftigen uns alle mit der Orientierung im Allgemeinen und mit der Orientierung von blinden und sehbehinderten Menschen im Besonderen. Es braucht schon Erfahrung und Weitsicht, damit die Orientierung beim Biergenuss nicht durcheinander ger\u00e4t. Brauen, Bier &hellip; <a href=\"https:\/\/www.braunavigatoren.de\/\" class=\"more-link\"><span class=\"screen-reader-text\">\u201eWillkommen, liebe Bierfreunde\u201c <\/span>weiterlesen<\/a><\/p>\n","protected":false},"author":3,"featured_media":0,"parent":0,"menu_order":0,"comment_status":"closed","ping_status":"closed","template":"","meta":{"footnotes":""},"class_list":["post-59","page","type-page","status-publish","hentry"],"_links":{"self":[{"href":"https:\/\/www.braunavigatoren.de\/index.php?rest_route=\/wp\/v2\/pages\/59","targetHints":{"allow":["GET"]}}],"collection":[{"href":"https:\/\/www.braunavigatoren.de\/index.php?rest_route=\/wp\/v2\/pages"}],"about":[{"href":"https:\/\/www.braunavigatoren.de\/index.php?rest_route=\/wp\/v2\/types\/page"}],"author":[{"embeddable":true,"href":"https:\/\/www.braunavigatoren.de\/index.php?rest_route=\/wp\/v2\/users\/3"}],"replies":[{"embeddable":true,"href":"https:\/\/www.braunavigatoren.de\/index.php?rest_route=%2Fwp%2Fv2%2Fcomments&post=59"}],"version-history":[{"count":10,"href":"https:\/\/www.braunavigatoren.de\/index.php?rest_route=\/wp\/v2\/pages\/59\/revisions"}],"predecessor-version":[{"id":569,"href":"https:\/\/www.braunavigatoren.de\/index.php?rest_route=\/wp\/v2\/pages\/59\/revisions\/569"}],"wp:attachment":[{"href":"https:\/\/www.braunavigatoren.de\/index.php?rest_route=%2Fwp%2Fv2%2Fmedia&parent=59"}],"curies":[{"name":"wp","href":"https:\/\/api.w.org\/{rel}","templated":true}]}}