{"id":575,"date":"2021-11-15T19:28:25","date_gmt":"2021-11-15T18:28:25","guid":{"rendered":"https:\/\/www.braunavigatoren.de\/?page_id=575"},"modified":"2024-03-12T09:37:54","modified_gmt":"2024-03-12T08:37:54","slug":"unser-sunnigs-wyssfluehuis","status":"publish","type":"page","link":"https:\/\/www.braunavigatoren.de\/?page_id=575","title":{"rendered":"Unser &#8222;Sunnig\u00b4s Wyssfluehuis&#8220;"},"content":{"rendered":"\n<p><\/p>\n\n\n\n<figure class=\"wp-block-image size-full is-resized\"><img loading=\"lazy\" decoding=\"async\" width=\"640\" height=\"480\" src=\"https:\/\/www.braunavigatoren.de\/wp-content\/uploads\/2021\/11\/IMG_2436.png\" alt=\"\" class=\"wp-image-567\" style=\"width:629px;height:471px\" srcset=\"https:\/\/www.braunavigatoren.de\/wp-content\/uploads\/2021\/11\/IMG_2436.png 640w, https:\/\/www.braunavigatoren.de\/wp-content\/uploads\/2021\/11\/IMG_2436-300x225.png 300w\" sizes=\"auto, (max-width: 640px) 85vw, 640px\" \/><figcaption class=\"wp-element-caption\">Die Brautage waren voller Sonne und W\u00e4rme&#8230;<\/figcaption><\/figure>\n\n\n\n<p><strong>SUNNIG\u00b4S  WYSSFLUEHUIS<\/strong><br><strong>Datum:<\/strong>\u00a024.10.2021<br><strong>Verfahren:<\/strong>\u00a0aufsteigende Infusion<br><strong>Biersorte:<\/strong>\u00a0Liquorice Porter<br><strong>Hauptguss:<\/strong>\u00a015 Liter<br><strong>Nachguss:<\/strong>\u00a016 Liter<br><strong>Sch\u00fcttung:<\/strong>\u00a04000 gr. Wiener Malz, 300 gr. Bohemian Karamelmalz, 130 gr. Sauermalz, 200 gr. R\u00f6stmalz, 150 gr. R\u00f6stmalz (erst nach der Maltoserast zugeben)<br><strong>Einmaischen:<\/strong>\u00a070\u00b0 C<br><strong>Eiweissrast:<\/strong>\u00a0<br><strong>Maltoserast<\/strong>: 75 Min. bei 65\u00b0 C<br><strong>Verzuckerungsrast:<\/strong>\u00a020 Min. bei 72\u00b0 C<br><strong>Abmaischen:<\/strong>\u00a0 bei 78\u00b0 C<br><strong>Kochzeit W\u00fcrze:<\/strong>\u00a090 Min.<br><strong>Hopfen:<\/strong>\u00a0Hallertauer Tradition 40 gr. &#8211; 90 min.<br>Hallertauer Tradition 10 gr. &#8211; Kochende<br>Lakritz 238 gr. &#8211; Kochende<br><strong>Speise:<\/strong>\u00a01,5 Liter<br><strong>Stammw\u00fcrze:<\/strong>\u00a015,0 %<br><strong>Hefe:<\/strong>\u00a0Nottingham<br>High Performance Ale Yeast von Lallemand mit Vorderw\u00fcrze hergef\u00fchrt<br><strong>G\u00e4rtemperatur:<\/strong>\u00a013\u00b0-16\u00b0 C<br><strong>G\u00e4rdauer:<\/strong>\u00a05 Tage<br><strong>Abgef\u00fcllte Menge:<\/strong>\u00a020 Liter<\/p>\n\n\n\n<div class=\"wp-block-columns are-vertically-aligned-center is-layout-flex wp-container-core-columns-is-layout-9d6595d7 wp-block-columns-is-layout-flex\">\n<div class=\"wp-block-column is-vertically-aligned-center is-layout-flow wp-block-column-is-layout-flow\" style=\"flex-basis:100%\">\n<div class=\"wp-block-group\"><div class=\"wp-block-group__inner-container is-layout-flow wp-block-group-is-layout-flow\">\n<div class=\"wp-block-group\"><div class=\"wp-block-group__inner-container is-layout-flow wp-block-group-is-layout-flow\">\n<figure class=\"wp-block-gallery has-nested-images columns-default is-cropped wp-block-gallery-1 is-layout-flex wp-block-gallery-is-layout-flex\">\n<figure class=\"wp-block-image size-large\"><img loading=\"lazy\" decoding=\"async\" width=\"1024\" height=\"461\" data-id=\"590\" src=\"https:\/\/www.braunavigatoren.de\/wp-content\/uploads\/2021\/11\/15-1024x461.png\" alt=\"\" class=\"wp-image-590\" srcset=\"https:\/\/www.braunavigatoren.de\/wp-content\/uploads\/2021\/11\/15-1024x461.png 1024w, https:\/\/www.braunavigatoren.de\/wp-content\/uploads\/2021\/11\/15-300x135.png 300w, https:\/\/www.braunavigatoren.de\/wp-content\/uploads\/2021\/11\/15-768x346.png 768w, https:\/\/www.braunavigatoren.de\/wp-content\/uploads\/2021\/11\/15-1536x692.png 1536w, https:\/\/www.braunavigatoren.de\/wp-content\/uploads\/2021\/11\/15-1200x540.png 1200w, https:\/\/www.braunavigatoren.de\/wp-content\/uploads\/2021\/11\/15.png 2048w\" sizes=\"auto, (max-width: 709px) 85vw, (max-width: 909px) 67vw, (max-width: 1362px) 62vw, 840px\" \/><figcaption class=\"wp-element-caption\"><img loading=\"lazy\" decoding=\"async\" width=\"200\" height=\"90\" class=\"wp-image-591\" style=\"width: 200px;\" src=\"https:\/\/www.braunavigatoren.de\/wp-content\/uploads\/2021\/11\/20.png\" alt=\"\" srcset=\"https:\/\/www.braunavigatoren.de\/wp-content\/uploads\/2021\/11\/20.png 2048w, https:\/\/www.braunavigatoren.de\/wp-content\/uploads\/2021\/11\/20-300x135.png 300w, https:\/\/www.braunavigatoren.de\/wp-content\/uploads\/2021\/11\/20-1024x461.png 1024w, https:\/\/www.braunavigatoren.de\/wp-content\/uploads\/2021\/11\/20-768x346.png 768w, https:\/\/www.braunavigatoren.de\/wp-content\/uploads\/2021\/11\/20-1536x692.png 1536w, https:\/\/www.braunavigatoren.de\/wp-content\/uploads\/2021\/11\/20-1200x540.png 1200w\" sizes=\"auto, (max-width: 200px) 85vw, 200px\" \/><br><br><br>Wenn die Sonne langsam \u00fcber den Bergen auftaucht&#8230;<\/figcaption><\/figure>\n\n\n\n<figure class=\"wp-block-image size-large\"><img loading=\"lazy\" decoding=\"async\" width=\"461\" height=\"1024\" data-id=\"595\" src=\"https:\/\/www.braunavigatoren.de\/wp-content\/uploads\/2021\/11\/27-461x1024.png\" alt=\"\" class=\"wp-image-595\" srcset=\"https:\/\/www.braunavigatoren.de\/wp-content\/uploads\/2021\/11\/27-461x1024.png 461w, https:\/\/www.braunavigatoren.de\/wp-content\/uploads\/2021\/11\/27-135x300.png 135w, https:\/\/www.braunavigatoren.de\/wp-content\/uploads\/2021\/11\/27-768x1706.png 768w, https:\/\/www.braunavigatoren.de\/wp-content\/uploads\/2021\/11\/27-692x1536.png 692w, https:\/\/www.braunavigatoren.de\/wp-content\/uploads\/2021\/11\/27.png 922w\" sizes=\"auto, (max-width: 461px) 85vw, 461px\" \/><figcaption class=\"wp-element-caption\">                                  <img loading=\"lazy\" decoding=\"async\" width=\"73\" height=\"162\" class=\"wp-image-593\" style=\"width: 73px;\" src=\"https:\/\/www.braunavigatoren.de\/wp-content\/uploads\/2021\/11\/25.png\" alt=\"\" srcset=\"https:\/\/www.braunavigatoren.de\/wp-content\/uploads\/2021\/11\/25.png 922w, https:\/\/www.braunavigatoren.de\/wp-content\/uploads\/2021\/11\/25-135x300.png 135w, https:\/\/www.braunavigatoren.de\/wp-content\/uploads\/2021\/11\/25-461x1024.png 461w, https:\/\/www.braunavigatoren.de\/wp-content\/uploads\/2021\/11\/25-768x1706.png 768w, https:\/\/www.braunavigatoren.de\/wp-content\/uploads\/2021\/11\/25-692x1536.png 692w\" sizes=\"auto, (max-width: 73px) 85vw, 73px\" \/><br>&#8230; wird das Gift gemischt, geschrotet&#8230;<img loading=\"lazy\" decoding=\"async\" width=\"200\" height=\"90\" class=\"wp-image-594\" style=\"width: 200px;\" src=\"https:\/\/www.braunavigatoren.de\/wp-content\/uploads\/2021\/11\/26.png\" alt=\"\" srcset=\"https:\/\/www.braunavigatoren.de\/wp-content\/uploads\/2021\/11\/26.png 2048w, https:\/\/www.braunavigatoren.de\/wp-content\/uploads\/2021\/11\/26-300x135.png 300w, https:\/\/www.braunavigatoren.de\/wp-content\/uploads\/2021\/11\/26-1024x461.png 1024w, https:\/\/www.braunavigatoren.de\/wp-content\/uploads\/2021\/11\/26-768x346.png 768w, https:\/\/www.braunavigatoren.de\/wp-content\/uploads\/2021\/11\/26-1536x692.png 1536w, https:\/\/www.braunavigatoren.de\/wp-content\/uploads\/2021\/11\/26-1200x540.png 1200w\" sizes=\"auto, (max-width: 200px) 85vw, 200px\" \/><\/figcaption><\/figure>\n\n\n\n<figure class=\"wp-block-image size-large\"><img loading=\"lazy\" decoding=\"async\" width=\"922\" height=\"2048\" data-id=\"592\" src=\"https:\/\/www.braunavigatoren.de\/wp-content\/uploads\/2021\/11\/24-461x1024.png\" alt=\"\" class=\"wp-image-592\" srcset=\"https:\/\/www.braunavigatoren.de\/wp-content\/uploads\/2021\/11\/24-461x1024.png 461w, https:\/\/www.braunavigatoren.de\/wp-content\/uploads\/2021\/11\/24-135x300.png 135w, https:\/\/www.braunavigatoren.de\/wp-content\/uploads\/2021\/11\/24-768x1706.png 768w, https:\/\/www.braunavigatoren.de\/wp-content\/uploads\/2021\/11\/24-692x1536.png 692w, https:\/\/www.braunavigatoren.de\/wp-content\/uploads\/2021\/11\/24.png 922w\" sizes=\"auto, (max-width: 709px) 85vw, (max-width: 909px) 67vw, (max-width: 1362px) 62vw, 840px\" \/><figcaption class=\"wp-element-caption\">&#8230; geschnippelt und angerichtet&#8230;<\/figcaption><\/figure>\n\n\n\n<figure class=\"wp-block-image size-large\"><img loading=\"lazy\" decoding=\"async\" width=\"461\" height=\"1024\" data-id=\"598\" src=\"https:\/\/www.braunavigatoren.de\/wp-content\/uploads\/2021\/11\/35-461x1024.png\" alt=\"\" class=\"wp-image-598\" srcset=\"https:\/\/www.braunavigatoren.de\/wp-content\/uploads\/2021\/11\/35-461x1024.png 461w, https:\/\/www.braunavigatoren.de\/wp-content\/uploads\/2021\/11\/35-135x300.png 135w, https:\/\/www.braunavigatoren.de\/wp-content\/uploads\/2021\/11\/35-768x1706.png 768w, https:\/\/www.braunavigatoren.de\/wp-content\/uploads\/2021\/11\/35-692x1536.png 692w, https:\/\/www.braunavigatoren.de\/wp-content\/uploads\/2021\/11\/35.png 922w\" sizes=\"auto, (max-width: 461px) 85vw, 461px\" \/><figcaption class=\"wp-element-caption\">&#8230; um dann alles hinaus zu tragen, denn &#8230;<\/figcaption><\/figure>\n\n\n\n<figure class=\"wp-block-image size-large\"><img loading=\"lazy\" decoding=\"async\" width=\"461\" height=\"1024\" data-id=\"596\" src=\"https:\/\/www.braunavigatoren.de\/wp-content\/uploads\/2021\/11\/30-461x1024.png\" alt=\"\" class=\"wp-image-596\" srcset=\"https:\/\/www.braunavigatoren.de\/wp-content\/uploads\/2021\/11\/30-461x1024.png 461w, https:\/\/www.braunavigatoren.de\/wp-content\/uploads\/2021\/11\/30-135x300.png 135w, https:\/\/www.braunavigatoren.de\/wp-content\/uploads\/2021\/11\/30-768x1706.png 768w, https:\/\/www.braunavigatoren.de\/wp-content\/uploads\/2021\/11\/30-692x1536.png 692w, https:\/\/www.braunavigatoren.de\/wp-content\/uploads\/2021\/11\/30.png 922w\" sizes=\"auto, (max-width: 461px) 85vw, 461px\" \/><figcaption class=\"wp-element-caption\">&#8230; es ist hier Ende Oktober so warm und sonnig,&#8230;<\/figcaption><\/figure>\n\n\n\n<figure class=\"wp-block-image size-large\"><img loading=\"lazy\" decoding=\"async\" width=\"461\" height=\"1024\" data-id=\"597\" src=\"https:\/\/www.braunavigatoren.de\/wp-content\/uploads\/2021\/11\/31-461x1024.png\" alt=\"\" class=\"wp-image-597\" srcset=\"https:\/\/www.braunavigatoren.de\/wp-content\/uploads\/2021\/11\/31-461x1024.png 461w, https:\/\/www.braunavigatoren.de\/wp-content\/uploads\/2021\/11\/31-135x300.png 135w, https:\/\/www.braunavigatoren.de\/wp-content\/uploads\/2021\/11\/31-768x1706.png 768w, https:\/\/www.braunavigatoren.de\/wp-content\/uploads\/2021\/11\/31-692x1536.png 692w, https:\/\/www.braunavigatoren.de\/wp-content\/uploads\/2021\/11\/31.png 922w\" sizes=\"auto, (max-width: 461px) 85vw, 461px\" \/><figcaption class=\"wp-element-caption\">&#8230; das wir im Freien brauen k\u00f6nnen.<\/figcaption><\/figure>\n\n\n\n<figure class=\"wp-block-image size-large\"><img loading=\"lazy\" decoding=\"async\" width=\"768\" height=\"1024\" data-id=\"589\" src=\"https:\/\/www.braunavigatoren.de\/wp-content\/uploads\/2021\/11\/13-768x1024.png\" alt=\"\" class=\"wp-image-589\" srcset=\"https:\/\/www.braunavigatoren.de\/wp-content\/uploads\/2021\/11\/13-768x1024.png 768w, https:\/\/www.braunavigatoren.de\/wp-content\/uploads\/2021\/11\/13-225x300.png 225w, https:\/\/www.braunavigatoren.de\/wp-content\/uploads\/2021\/11\/13-1152x1536.png 1152w, https:\/\/www.braunavigatoren.de\/wp-content\/uploads\/2021\/11\/13.png 1200w\" sizes=\"auto, (max-width: 768px) 85vw, 768px\" \/><figcaption class=\"wp-element-caption\">Die ungew\u00f6hnlichen Zutaten: Sonne und &#8230;<\/figcaption><\/figure>\n\n\n\n<figure class=\"wp-block-image size-large\"><img loading=\"lazy\" decoding=\"async\" width=\"768\" height=\"1024\" data-id=\"603\" src=\"https:\/\/www.braunavigatoren.de\/wp-content\/uploads\/2021\/11\/42-768x1024.png\" alt=\"\" class=\"wp-image-603\" srcset=\"https:\/\/www.braunavigatoren.de\/wp-content\/uploads\/2021\/11\/42-768x1024.png 768w, https:\/\/www.braunavigatoren.de\/wp-content\/uploads\/2021\/11\/42-225x300.png 225w, https:\/\/www.braunavigatoren.de\/wp-content\/uploads\/2021\/11\/42-1152x1536.png 1152w, https:\/\/www.braunavigatoren.de\/wp-content\/uploads\/2021\/11\/42.png 1200w\" sizes=\"auto, (max-width: 768px) 85vw, 768px\" \/><figcaption class=\"wp-element-caption\">.. Lakritze &#8230;<\/figcaption><\/figure>\n\n\n\n<figure class=\"wp-block-image size-large\"><img loading=\"lazy\" decoding=\"async\" width=\"461\" height=\"1024\" data-id=\"601\" src=\"https:\/\/www.braunavigatoren.de\/wp-content\/uploads\/2021\/11\/38-461x1024.png\" alt=\"\" class=\"wp-image-601\" srcset=\"https:\/\/www.braunavigatoren.de\/wp-content\/uploads\/2021\/11\/38-461x1024.png 461w, https:\/\/www.braunavigatoren.de\/wp-content\/uploads\/2021\/11\/38-135x300.png 135w, https:\/\/www.braunavigatoren.de\/wp-content\/uploads\/2021\/11\/38-768x1706.png 768w, https:\/\/www.braunavigatoren.de\/wp-content\/uploads\/2021\/11\/38-692x1536.png 692w, https:\/\/www.braunavigatoren.de\/wp-content\/uploads\/2021\/11\/38.png 922w\" sizes=\"auto, (max-width: 461px) 85vw, 461px\" \/><figcaption class=\"wp-element-caption\">&#8230; ergeben ein Bier das wie Alt\u00f6l aussieht.<\/figcaption><\/figure>\n\n\n\n<figure class=\"wp-block-image size-large\"><img loading=\"lazy\" decoding=\"async\" width=\"768\" height=\"1024\" data-id=\"600\" src=\"https:\/\/www.braunavigatoren.de\/wp-content\/uploads\/2021\/11\/37-768x1024.png\" alt=\"\" class=\"wp-image-600\" srcset=\"https:\/\/www.braunavigatoren.de\/wp-content\/uploads\/2021\/11\/37-768x1024.png 768w, https:\/\/www.braunavigatoren.de\/wp-content\/uploads\/2021\/11\/37-225x300.png 225w, https:\/\/www.braunavigatoren.de\/wp-content\/uploads\/2021\/11\/37-1152x1536.png 1152w, https:\/\/www.braunavigatoren.de\/wp-content\/uploads\/2021\/11\/37-1200x1600.png 1200w, https:\/\/www.braunavigatoren.de\/wp-content\/uploads\/2021\/11\/37.png 1536w\" sizes=\"auto, (max-width: 768px) 85vw, 768px\" \/><figcaption class=\"wp-element-caption\"><br><br><br><br>                                                                                                                                                     <img loading=\"lazy\" decoding=\"async\" width=\"150\" height=\"333\" class=\"wp-image-606\" style=\"width: 150px;\" src=\"https:\/\/www.braunavigatoren.de\/wp-content\/uploads\/2021\/11\/11.png\" alt=\"\" srcset=\"https:\/\/www.braunavigatoren.de\/wp-content\/uploads\/2021\/11\/11.png 922w, https:\/\/www.braunavigatoren.de\/wp-content\/uploads\/2021\/11\/11-135x300.png 135w, https:\/\/www.braunavigatoren.de\/wp-content\/uploads\/2021\/11\/11-461x1024.png 461w, https:\/\/www.braunavigatoren.de\/wp-content\/uploads\/2021\/11\/11-768x1706.png 768w, https:\/\/www.braunavigatoren.de\/wp-content\/uploads\/2021\/11\/11-692x1536.png 692w\" sizes=\"auto, (max-width: 150px) 85vw, 150px\" \/>        <br>Hoch \u00fcber\u00b4m Tal ein Bierchen in der Abendsonne, bevor im H\u00fcsli ein traditionelles &#8222;Walliser Raclette&#8220; den Brautag abrundet.<\/figcaption><\/figure>\n<\/figure>\n<\/div><\/div>\n<\/div><\/div>\n<\/div>\n<\/div>\n\n\n\n<p><strong>Ergebnis:<\/strong><br>Erst an unserem n\u00e4chsten Brautag, dem 25. M\u00e4rz 2022 werden wir diesen Porter \u00f6ffnen und sehen, ob es sich bew\u00e4hrt hat, das Lakritz erst am Kochende hineinzugeben. Beim Vorg\u00e4nger &#8222;Lakritzator&#8220; haben wir das schwarze Zeug \u00fcber die ganze Zeit des Hopfenkochens mitgekocht.<\/p>\n\n\n\n<p>F\u00fcr Luzi M\u00fcller sind zwei Flaschen im Wyssfluehuis geblieben und auch Chantal Moor vom eidg. Departement f\u00fcr Hopfen und Malz hat zwei Flaschen bekommen. Es wird schon noch genug f\u00fcr uns \u00fcbrigbleiben&#8230;<\/p>\n\n\n\n<figure class=\"wp-block-image size-large\"><img loading=\"lazy\" decoding=\"async\" width=\"460\" height=\"1024\" src=\"https:\/\/www.braunavigatoren.de\/wp-content\/uploads\/2021\/11\/Etikett21-460x1024.jpg\" alt=\"\" class=\"wp-image-640\" srcset=\"https:\/\/www.braunavigatoren.de\/wp-content\/uploads\/2021\/11\/Etikett21-460x1024.jpg 460w, https:\/\/www.braunavigatoren.de\/wp-content\/uploads\/2021\/11\/Etikett21-135x300.jpg 135w, https:\/\/www.braunavigatoren.de\/wp-content\/uploads\/2021\/11\/Etikett21-768x1708.jpg 768w, https:\/\/www.braunavigatoren.de\/wp-content\/uploads\/2021\/11\/Etikett21-691x1536.jpg 691w, https:\/\/www.braunavigatoren.de\/wp-content\/uploads\/2021\/11\/Etikett21.jpg 920w\" sizes=\"auto, (max-width: 460px) 85vw, 460px\" \/><\/figure>\n","protected":false},"excerpt":{"rendered":"<p>SUNNIG\u00b4S WYSSFLUEHUISDatum:\u00a024.10.2021Verfahren:\u00a0aufsteigende InfusionBiersorte:\u00a0Liquorice PorterHauptguss:\u00a015 LiterNachguss:\u00a016 LiterSch\u00fcttung:\u00a04000 gr. Wiener Malz, 300 gr. Bohemian Karamelmalz, 130 gr. Sauermalz, 200 gr. R\u00f6stmalz, 150 gr. R\u00f6stmalz (erst nach der Maltoserast zugeben)Einmaischen:\u00a070\u00b0 CEiweissrast:\u00a0Maltoserast: 75 Min. bei 65\u00b0 CVerzuckerungsrast:\u00a020 Min. bei 72\u00b0 CAbmaischen:\u00a0 bei 78\u00b0 CKochzeit W\u00fcrze:\u00a090 Min.Hopfen:\u00a0Hallertauer Tradition 40 gr. &#8211; 90 min.Hallertauer Tradition 10 gr. &#8211; KochendeLakritz 238 gr. &hellip; <a href=\"https:\/\/www.braunavigatoren.de\/?page_id=575\" class=\"more-link\"><span class=\"screen-reader-text\">\u201eUnser &#8222;Sunnig\u00b4s Wyssfluehuis&#8220;\u201c <\/span>weiterlesen<\/a><\/p>\n","protected":false},"author":2,"featured_media":0,"parent":0,"menu_order":0,"comment_status":"closed","ping_status":"closed","template":"","meta":{"footnotes":""},"class_list":["post-575","page","type-page","status-publish","hentry"],"_links":{"self":[{"href":"https:\/\/www.braunavigatoren.de\/index.php?rest_route=\/wp\/v2\/pages\/575","targetHints":{"allow":["GET"]}}],"collection":[{"href":"https:\/\/www.braunavigatoren.de\/index.php?rest_route=\/wp\/v2\/pages"}],"about":[{"href":"https:\/\/www.braunavigatoren.de\/index.php?rest_route=\/wp\/v2\/types\/page"}],"author":[{"embeddable":true,"href":"https:\/\/www.braunavigatoren.de\/index.php?rest_route=\/wp\/v2\/users\/2"}],"replies":[{"embeddable":true,"href":"https:\/\/www.braunavigatoren.de\/index.php?rest_route=%2Fwp%2Fv2%2Fcomments&post=575"}],"version-history":[{"count":21,"href":"https:\/\/www.braunavigatoren.de\/index.php?rest_route=\/wp\/v2\/pages\/575\/revisions"}],"predecessor-version":[{"id":856,"href":"https:\/\/www.braunavigatoren.de\/index.php?rest_route=\/wp\/v2\/pages\/575\/revisions\/856"}],"wp:attachment":[{"href":"https:\/\/www.braunavigatoren.de\/index.php?rest_route=%2Fwp%2Fv2%2Fmedia&parent=575"}],"curies":[{"name":"wp","href":"https:\/\/api.w.org\/{rel}","templated":true}]}}