{"id":526,"date":"2020-10-11T14:00:49","date_gmt":"2020-10-11T12:00:49","guid":{"rendered":"https:\/\/www.braunavigatoren.de\/?page_id=526"},"modified":"2020-11-29T18:20:06","modified_gmt":"2020-11-29T17:20:06","slug":"unser-huefttrost-weizenbock","status":"publish","type":"page","link":"https:\/\/www.braunavigatoren.de\/?page_id=526","title":{"rendered":"Unser &#8222;H\u00fcftentrost&#8220;"},"content":{"rendered":"\n<figure class=\"wp-block-image size-medium is-resized is-style-default\"><img loading=\"lazy\" decoding=\"async\" src=\"https:\/\/www.braunavigatoren.de\/wp-content\/uploads\/2020\/10\/9-225x300.png\" alt=\"\" class=\"wp-image-546\" width=\"410\" height=\"547\" srcset=\"https:\/\/www.braunavigatoren.de\/wp-content\/uploads\/2020\/10\/9-225x300.png 225w, https:\/\/www.braunavigatoren.de\/wp-content\/uploads\/2020\/10\/9-768x1024.png 768w, https:\/\/www.braunavigatoren.de\/wp-content\/uploads\/2020\/10\/9-1152x1536.png 1152w, https:\/\/www.braunavigatoren.de\/wp-content\/uploads\/2020\/10\/9-1536x2048.png 1536w, https:\/\/www.braunavigatoren.de\/wp-content\/uploads\/2020\/10\/9-1200x1600.png 1200w\" sizes=\"auto, (max-width: 410px) 85vw, 410px\" \/><\/figure>\n\n\n\n<p>Das gemeinsamen Brauen im geschlossenen Raum war uns in der Coronazeit zu riskant, deshalb trafen wir uns diesmal dazu im Garten, probierten den &#8222;Faulen Maharadscha&#8220; und waren trotz miesem Wetter guter Dinge. <br>Die n\u00f6tige Energie lieferten uns zwei Gasbrenner und zum W\u00e4rmen brannte den ganzen Tag das Feuer im Backofen. <br>Das Bier wird reif sein, wenn Birgit ihr neues H\u00fcftgelenk bekommen hat und deshalb war der Name des Weizenbocks schnell gefunden.<\/p>\n\n\n\n<p><strong>H\u00fcftentrost<\/strong><br><strong>Datum:<\/strong> 8.10.2020<br><strong>Verfahren:<\/strong> aufsteigende Infusion<br><strong>Biersorte:<\/strong> Weizenbock<br><strong>Hauptguss:<\/strong> 15 Liter<br><strong>Nachguss:<\/strong> 9 Liter<br><strong>Sch\u00fcttung:<\/strong> 2400 gr. Weizenmalz, 1200 gr. Pilsnermalz, 1000 gr. M\u00fcnchnermalz, 60 gr. Chocolate-Malz, 170 gr. Haferflocken (kurz aufgekocht)<br><strong>Einmaischen:<\/strong> 45\u00b0 C<br><strong>Eiweissrast:<\/strong> 10 Min. bei 55\u00b0 C<br><strong>Maltoserast<\/strong>: 40 Min. bei 63\u00b0 C<br><strong>Verzuckerungsrast:<\/strong> 25 Min. bei 72\u00b0 C<br><strong>Abmaischen:<\/strong> nach 20 Min. Rast bei 78\u00b0 C<br><strong>Kochzeit W\u00fcrze:<\/strong> 90 Min.<br><strong>Hopfen:<\/strong> Celeia, 54 gr\/2,5 % alpha<br><strong>Speise:<\/strong> 1,5 Liter<br><strong>Stammw\u00fcrze:<\/strong> 16,0 %<br><strong>Hefe:<\/strong> Bavarian Wheat v. Mongrove Jack aus Vorderw\u00fcrze<br><strong>G\u00e4rtemperatur:<\/strong> 14\u00b0-18\u00b0 C<br><strong>G\u00e4rdauer:<\/strong> 6 Tage<br><strong>Abgef\u00fcllte Menge:<\/strong> 15,5 Liter<\/p>\n\n\n\n<p><strong>Ergebnis:<\/strong><br>Am 22.11.2020 um 18 Uhr haben wir in einer Videokonferenz den &#8222;H\u00fcftentrost&#8220; angestochen &#8211; und schon fast ausgetrunken. F\u00fcr ein Weizenbier, das man im Herbst eigentlich nicht so gerne trinkt ist der &#8222;H\u00fcftentrost&#8220; angenehm s\u00fcffig geworden. Einzig die Schaumbildung l\u00e4sst doch sehr zu w\u00fcnschen \u00fcbrig. Ganz untypisch f\u00fcr ein Weizenbier f\u00e4llt der Schaum wie bei einem englischen Bier schnell ab. Das Vorab-Kochen von Haferflocken scheint sich nicht zu bew\u00e4hren. Da es unser erstes Freiluft-Garten-Bierprojekt war, sind wir aber sehr zufrieden. Das werden wir dort auf jeden Fall nochmal machen &#8211; vielleicht im M\u00e4rz\/April 2021, wenn Sche&#8230;-Corona es zul\u00e4sst.<\/p>\n\n\n\n<figure class=\"wp-block-gallery columns-3 is-cropped wp-block-gallery-1 is-layout-flex wp-block-gallery-is-layout-flex\"><ul class=\"blocks-gallery-grid\"><li class=\"blocks-gallery-item\"><figure><img loading=\"lazy\" decoding=\"async\" width=\"768\" height=\"1024\" src=\"https:\/\/www.braunavigatoren.de\/wp-content\/uploads\/2020\/10\/5-768x1024.png\" alt=\"\" data-id=\"542\" data-full-url=\"https:\/\/www.braunavigatoren.de\/wp-content\/uploads\/2020\/10\/5.png\" data-link=\"https:\/\/www.braunavigatoren.de\/?attachment_id=542\" class=\"wp-image-542\" srcset=\"https:\/\/www.braunavigatoren.de\/wp-content\/uploads\/2020\/10\/5-768x1024.png 768w, https:\/\/www.braunavigatoren.de\/wp-content\/uploads\/2020\/10\/5-225x300.png 225w, https:\/\/www.braunavigatoren.de\/wp-content\/uploads\/2020\/10\/5-1152x1536.png 1152w, https:\/\/www.braunavigatoren.de\/wp-content\/uploads\/2020\/10\/5-1536x2048.png 1536w, https:\/\/www.braunavigatoren.de\/wp-content\/uploads\/2020\/10\/5-1200x1600.png 1200w\" sizes=\"auto, (max-width: 768px) 85vw, 768px\" \/><figcaption class=\"blocks-gallery-item__caption\">Heizung vorn im Bild &#8211; Heizung hinten im Bild<\/figcaption><\/figure><\/li><li class=\"blocks-gallery-item\"><figure><img loading=\"lazy\" decoding=\"async\" width=\"689\" height=\"1024\" src=\"https:\/\/www.braunavigatoren.de\/wp-content\/uploads\/2020\/10\/2-689x1024.png\" alt=\"\" data-id=\"539\" data-full-url=\"https:\/\/www.braunavigatoren.de\/wp-content\/uploads\/2020\/10\/2.png\" data-link=\"https:\/\/www.braunavigatoren.de\/?attachment_id=539\" class=\"wp-image-539\" srcset=\"https:\/\/www.braunavigatoren.de\/wp-content\/uploads\/2020\/10\/2-689x1024.png 689w, https:\/\/www.braunavigatoren.de\/wp-content\/uploads\/2020\/10\/2-202x300.png 202w, https:\/\/www.braunavigatoren.de\/wp-content\/uploads\/2020\/10\/2-768x1142.png 768w, https:\/\/www.braunavigatoren.de\/wp-content\/uploads\/2020\/10\/2-1033x1536.png 1033w, https:\/\/www.braunavigatoren.de\/wp-content\/uploads\/2020\/10\/2.png 1075w\" sizes=\"auto, (max-width: 689px) 85vw, 689px\" \/><figcaption class=\"blocks-gallery-item__caption\">Gr\u00f6\u00dfter Fan des &#8222;Faulen Mahradschas&#8220;<\/figcaption><\/figure><\/li><li class=\"blocks-gallery-item\"><figure><img loading=\"lazy\" decoding=\"async\" width=\"768\" height=\"1024\" src=\"https:\/\/www.braunavigatoren.de\/wp-content\/uploads\/2020\/10\/6-768x1024.png\" alt=\"\" data-id=\"543\" data-full-url=\"https:\/\/www.braunavigatoren.de\/wp-content\/uploads\/2020\/10\/6.png\" data-link=\"https:\/\/www.braunavigatoren.de\/?attachment_id=543\" class=\"wp-image-543\" srcset=\"https:\/\/www.braunavigatoren.de\/wp-content\/uploads\/2020\/10\/6-768x1024.png 768w, https:\/\/www.braunavigatoren.de\/wp-content\/uploads\/2020\/10\/6-225x300.png 225w, https:\/\/www.braunavigatoren.de\/wp-content\/uploads\/2020\/10\/6-1152x1536.png 1152w, https:\/\/www.braunavigatoren.de\/wp-content\/uploads\/2020\/10\/6-1536x2048.png 1536w, https:\/\/www.braunavigatoren.de\/wp-content\/uploads\/2020\/10\/6-1200x1600.png 1200w\" sizes=\"auto, (max-width: 768px) 85vw, 768px\" \/><figcaption class=\"blocks-gallery-item__caption\">Schroten &#8211; wie immer per Hand, diesmal auch zum Aufw\u00e4rmen gut geeignet<\/figcaption><\/figure><\/li><li class=\"blocks-gallery-item\"><figure><img loading=\"lazy\" decoding=\"async\" width=\"4032\" height=\"3024\" src=\"https:\/\/www.braunavigatoren.de\/wp-content\/uploads\/2020\/10\/8-1024x768.png\" alt=\"\" data-id=\"545\" data-full-url=\"https:\/\/www.braunavigatoren.de\/wp-content\/uploads\/2020\/10\/8.png\" data-link=\"https:\/\/www.braunavigatoren.de\/?attachment_id=545\" class=\"wp-image-545\" srcset=\"https:\/\/www.braunavigatoren.de\/wp-content\/uploads\/2020\/10\/8-1024x768.png 1024w, https:\/\/www.braunavigatoren.de\/wp-content\/uploads\/2020\/10\/8-300x225.png 300w, https:\/\/www.braunavigatoren.de\/wp-content\/uploads\/2020\/10\/8-768x576.png 768w, https:\/\/www.braunavigatoren.de\/wp-content\/uploads\/2020\/10\/8-1536x1152.png 1536w, https:\/\/www.braunavigatoren.de\/wp-content\/uploads\/2020\/10\/8-2048x1536.png 2048w, https:\/\/www.braunavigatoren.de\/wp-content\/uploads\/2020\/10\/8-1200x900.png 1200w\" sizes=\"auto, (max-width: 709px) 85vw, (max-width: 909px) 67vw, (max-width: 1362px) 62vw, 840px\" \/><figcaption class=\"blocks-gallery-item__caption\">Die letzten &#8222;Faulen Mahradscha&#8220; und &#8222;Strong Leo&#8220; werden fachlich begutachtet<\/figcaption><\/figure><\/li><\/ul><\/figure>\n\n\n\n<figure class=\"wp-block-gallery columns-2 is-cropped wp-block-gallery-2 is-layout-flex wp-block-gallery-is-layout-flex\"><ul class=\"blocks-gallery-grid\"><li class=\"blocks-gallery-item\"><figure><img loading=\"lazy\" decoding=\"async\" width=\"768\" height=\"1024\" src=\"https:\/\/www.braunavigatoren.de\/wp-content\/uploads\/2020\/10\/7-768x1024.png\" alt=\"\" data-id=\"544\" data-full-url=\"https:\/\/www.braunavigatoren.de\/wp-content\/uploads\/2020\/10\/7.png\" data-link=\"https:\/\/www.braunavigatoren.de\/?attachment_id=544\" class=\"wp-image-544\" srcset=\"https:\/\/www.braunavigatoren.de\/wp-content\/uploads\/2020\/10\/7-768x1024.png 768w, https:\/\/www.braunavigatoren.de\/wp-content\/uploads\/2020\/10\/7-225x300.png 225w, https:\/\/www.braunavigatoren.de\/wp-content\/uploads\/2020\/10\/7-1152x1536.png 1152w, https:\/\/www.braunavigatoren.de\/wp-content\/uploads\/2020\/10\/7-1536x2048.png 1536w, https:\/\/www.braunavigatoren.de\/wp-content\/uploads\/2020\/10\/7-1200x1600.png 1200w\" sizes=\"auto, (max-width: 768px) 85vw, 768px\" \/><figcaption class=\"blocks-gallery-item__caption\">Freiluftmaischen und&#8230;<\/figcaption><\/figure><\/li><li class=\"blocks-gallery-item\"><figure><img loading=\"lazy\" decoding=\"async\" width=\"768\" height=\"1024\" src=\"https:\/\/www.braunavigatoren.de\/wp-content\/uploads\/2020\/10\/3-768x1024.png\" alt=\"\" data-id=\"540\" data-full-url=\"https:\/\/www.braunavigatoren.de\/wp-content\/uploads\/2020\/10\/3.png\" data-link=\"https:\/\/www.braunavigatoren.de\/?attachment_id=540\" class=\"wp-image-540\" srcset=\"https:\/\/www.braunavigatoren.de\/wp-content\/uploads\/2020\/10\/3-768x1024.png 768w, https:\/\/www.braunavigatoren.de\/wp-content\/uploads\/2020\/10\/3-225x300.png 225w, https:\/\/www.braunavigatoren.de\/wp-content\/uploads\/2020\/10\/3-1152x1536.png 1152w, https:\/\/www.braunavigatoren.de\/wp-content\/uploads\/2020\/10\/3.png 1200w\" sizes=\"auto, (max-width: 768px) 85vw, 768px\" \/><figcaption class=\"blocks-gallery-item__caption\">Freiluftl\u00e4utern<br><\/figcaption><\/figure><\/li><\/ul><\/figure>\n","protected":false},"excerpt":{"rendered":"<p>Das gemeinsamen Brauen im geschlossenen Raum war uns in der Coronazeit zu riskant, deshalb trafen wir uns diesmal dazu im Garten, probierten den &#8222;Faulen Maharadscha&#8220; und waren trotz miesem Wetter guter Dinge. Die n\u00f6tige Energie lieferten uns zwei Gasbrenner und zum W\u00e4rmen brannte den ganzen Tag das Feuer im Backofen. Das Bier wird reif sein, &hellip; <a href=\"https:\/\/www.braunavigatoren.de\/?page_id=526\" class=\"more-link\"><span class=\"screen-reader-text\">\u201eUnser &#8222;H\u00fcftentrost&#8220;\u201c <\/span>weiterlesen<\/a><\/p>\n","protected":false},"author":2,"featured_media":0,"parent":59,"menu_order":13,"comment_status":"closed","ping_status":"closed","template":"","meta":{"footnotes":""},"class_list":["post-526","page","type-page","status-publish","hentry"],"_links":{"self":[{"href":"https:\/\/www.braunavigatoren.de\/index.php?rest_route=\/wp\/v2\/pages\/526","targetHints":{"allow":["GET"]}}],"collection":[{"href":"https:\/\/www.braunavigatoren.de\/index.php?rest_route=\/wp\/v2\/pages"}],"about":[{"href":"https:\/\/www.braunavigatoren.de\/index.php?rest_route=\/wp\/v2\/types\/page"}],"author":[{"embeddable":true,"href":"https:\/\/www.braunavigatoren.de\/index.php?rest_route=\/wp\/v2\/users\/2"}],"replies":[{"embeddable":true,"href":"https:\/\/www.braunavigatoren.de\/index.php?rest_route=%2Fwp%2Fv2%2Fcomments&post=526"}],"version-history":[{"count":9,"href":"https:\/\/www.braunavigatoren.de\/index.php?rest_route=\/wp\/v2\/pages\/526\/revisions"}],"predecessor-version":[{"id":556,"href":"https:\/\/www.braunavigatoren.de\/index.php?rest_route=\/wp\/v2\/pages\/526\/revisions\/556"}],"up":[{"embeddable":true,"href":"https:\/\/www.braunavigatoren.de\/index.php?rest_route=\/wp\/v2\/pages\/59"}],"wp:attachment":[{"href":"https:\/\/www.braunavigatoren.de\/index.php?rest_route=%2Fwp%2Fv2%2Fmedia&parent=526"}],"curies":[{"name":"wp","href":"https:\/\/api.w.org\/{rel}","templated":true}]}}