{"id":326,"date":"2019-10-23T10:59:09","date_gmt":"2019-10-23T08:59:09","guid":{"rendered":"https:\/\/www.braunavigatoren.de\/?page_id=326"},"modified":"2021-12-11T19:06:10","modified_gmt":"2021-12-11T18:06:10","slug":"vorlage-fuer-neue-sude-wird-im-web-nicht-angezeigt-2","status":"publish","type":"page","link":"https:\/\/www.braunavigatoren.de\/?page_id=326","title":{"rendered":"Unser &#8222;4-Ch\u00f6rnli-Gebr\u00e4u&#8220;"},"content":{"rendered":"\n<div class=\"wp-block-image\"><figure class=\"alignleft is-resized\"><img loading=\"lazy\" decoding=\"async\" src=\"https:\/\/www.braunavigatoren.de\/wp-content\/uploads\/2019\/10\/4Ch\u00f6rnliGebr\u00e4u_Etikett-1-724x1024.png\" alt=\"\" class=\"wp-image-421\" width=\"362\" height=\"512\" srcset=\"https:\/\/www.braunavigatoren.de\/wp-content\/uploads\/2019\/10\/4Ch\u00f6rnliGebr\u00e4u_Etikett-1-724x1024.png 724w, https:\/\/www.braunavigatoren.de\/wp-content\/uploads\/2019\/10\/4Ch\u00f6rnliGebr\u00e4u_Etikett-1-212x300.png 212w, https:\/\/www.braunavigatoren.de\/wp-content\/uploads\/2019\/10\/4Ch\u00f6rnliGebr\u00e4u_Etikett-1-768x1086.png 768w, https:\/\/www.braunavigatoren.de\/wp-content\/uploads\/2019\/10\/4Ch\u00f6rnliGebr\u00e4u_Etikett-1.png 794w\" sizes=\"auto, (max-width: 362px) 85vw, 362px\" \/><figcaption>Ein Blick in den abgelaufenen Trubfilter lieferte den Hintergrund f\u00fcr das &#8222;4-Ch\u00f6rnli-Gebr\u00e4u&#8220;- Etikett<\/figcaption><\/figure><\/div>\n\n\n\n<div class=\"wp-block-cover has-background-dim\"><img loading=\"lazy\" decoding=\"async\" width=\"2690\" height=\"1058\" class=\"wp-block-cover__image-background wp-image-333\" alt=\"\" src=\"https:\/\/www.braunavigatoren.de\/wp-content\/uploads\/2019\/10\/321058_ffce8f69f96e4313a76e9ab46cb9897dmv2_d_2808_1872_s_2.jpg\" style=\"object-position:30% 43%\" data-object-fit=\"cover\" data-object-position=\"30% 43%\" srcset=\"https:\/\/www.braunavigatoren.de\/wp-content\/uploads\/2019\/10\/321058_ffce8f69f96e4313a76e9ab46cb9897dmv2_d_2808_1872_s_2.jpg 2690w, https:\/\/www.braunavigatoren.de\/wp-content\/uploads\/2019\/10\/321058_ffce8f69f96e4313a76e9ab46cb9897dmv2_d_2808_1872_s_2-300x118.jpg 300w, https:\/\/www.braunavigatoren.de\/wp-content\/uploads\/2019\/10\/321058_ffce8f69f96e4313a76e9ab46cb9897dmv2_d_2808_1872_s_2-768x302.jpg 768w, https:\/\/www.braunavigatoren.de\/wp-content\/uploads\/2019\/10\/321058_ffce8f69f96e4313a76e9ab46cb9897dmv2_d_2808_1872_s_2-1024x403.jpg 1024w, https:\/\/www.braunavigatoren.de\/wp-content\/uploads\/2019\/10\/321058_ffce8f69f96e4313a76e9ab46cb9897dmv2_d_2808_1872_s_2-1200x472.jpg 1200w\" sizes=\"auto, (max-width: 709px) 85vw, (max-width: 909px) 67vw, (max-width: 1362px) 62vw, 840px\" \/><div class=\"wp-block-cover__inner-container is-layout-flow wp-block-cover-is-layout-flow\">\n<p class=\"has-text-align-center has-yellow-color has-text-color\" style=\"font-size:24px\"><br><br><strong>Brautag am 21.10.2019 im Wyssfluehuis, Weissenried im L\u00f6tschental<\/strong><\/p>\n\n\n\n<p> <\/p>\n\n\n\n<p> <\/p>\n\n\n\n<p>i<\/p>\n<\/div><\/div>\n\n\n\n<p><strong>Name-Rezept<\/strong>: Dunkles 4-Korn-Bier<br><strong>Datum:<\/strong> 21.10.2019<br><strong>Verfahren:<\/strong> aufsteigende Infusion<br><strong>Biersorte:<\/strong> English Ale<br><strong>Hauptguss:<\/strong>  16 Liter<br><strong>Nachguss:<\/strong>  13 Liter<br><strong>Sch\u00fcttung:<\/strong> 1,5 kg Pilsner Malz, 0,45 kg Cara hell, 0,15 kg CaraAroma, <br>1 kg Weizenmalz, 1 kg Roggenmalz, 1 kg Dinkelmalz<br><strong>Einmaischen:<\/strong> 35\u00b0 C (nur das Roggenmalz)<br><strong>Roggenrast:<\/strong> 30 Minuten bei 40\u00b0 C<br><strong>Einmaischen<\/strong>:  des restlichen  Malzes<br><strong>Eiweissrast:<\/strong>  10 Min. bei 55\u00b0 C<br><strong>Maltoserast<\/strong>:  30 Min. bei  63\u00b0 C<br><strong>Verzuckerungsrast:<\/strong>  35 Min. bei  72\u00b0 C<br><strong>Abmaischen:<\/strong> bei 78\u00b0 C<br><strong>L\u00e4uterruhe:<\/strong> 20 Minuten (Den L\u00e4utersack 20 Min. auslaufen lassen, erst dann den Nachguss in den L\u00e4utersack geben. Dadurch l\u00e4uft der Nachguss sehr viel langsamer durch)<br><strong>Kochzeit W\u00fcrze:<\/strong>  75 Min. (In dieser H\u00f6he &#8211; 1700 m \u00fc.NN &#8211; kocht Wasser schon bei 94,3\u00b0 C)<br><strong>Hopfen:<\/strong> 15 g Chinook 11,4%, 30 g Hallertauer mittelfr\u00fch 3,4%<br><strong>Speise:<\/strong>  1,5 Liter<br><strong>Stammw\u00fcrze:<\/strong>  14,4%<br><strong>Hefe:<\/strong> Fermentis S 04, 11,5 g (engl. Ale)<br><strong>G\u00e4rtemperatur:<\/strong> 15\u00b0C &#8211; 18\u00b0 C<br><strong>G\u00e4rdauer:<\/strong>  5 Tage<br><strong>Abgef\u00fcllte Menge:<\/strong>  18,5 Liter<br><strong>Restextrakt vor dem Schlauchen:<\/strong> 6,2 %<\/p>\n\n\n\n<figure class=\"wp-block-gallery columns-3 is-cropped wp-block-gallery-1 is-layout-flex wp-block-gallery-is-layout-flex\"><ul class=\"blocks-gallery-grid\"><li class=\"blocks-gallery-item\"><figure><img loading=\"lazy\" decoding=\"async\" width=\"768\" height=\"1024\" src=\"https:\/\/www.braunavigatoren.de\/wp-content\/uploads\/2019\/10\/malzschroten-768x1024.png\" alt=\"\" data-id=\"441\" data-link=\"https:\/\/www.braunavigatoren.de\/?attachment_id=441\" class=\"wp-image-441\" srcset=\"https:\/\/www.braunavigatoren.de\/wp-content\/uploads\/2019\/10\/malzschroten.png 768w, https:\/\/www.braunavigatoren.de\/wp-content\/uploads\/2019\/10\/malzschroten-225x300.png 225w\" sizes=\"auto, (max-width: 768px) 85vw, 768px\" \/><figcaption class=\"blocks-gallery-item__caption\">Malzschroten unter&#8230;<\/figcaption><\/figure><\/li><li class=\"blocks-gallery-item\"><figure><img loading=\"lazy\" decoding=\"async\" width=\"576\" height=\"1024\" src=\"https:\/\/www.braunavigatoren.de\/wp-content\/uploads\/2019\/10\/Protokoll-576x1024.png\" alt=\"\" data-id=\"442\" data-link=\"https:\/\/www.braunavigatoren.de\/?attachment_id=442\" class=\"wp-image-442\" srcset=\"https:\/\/www.braunavigatoren.de\/wp-content\/uploads\/2019\/10\/Protokoll-576x1024.png 576w, https:\/\/www.braunavigatoren.de\/wp-content\/uploads\/2019\/10\/Protokoll-169x300.png 169w, https:\/\/www.braunavigatoren.de\/wp-content\/uploads\/2019\/10\/Protokoll.png 665w\" sizes=\"auto, (max-width: 576px) 85vw, 576px\" \/><figcaption class=\"blocks-gallery-item__caption\">.. Aufsicht der Brauprotokollantin.<\/figcaption><\/figure><\/li><li class=\"blocks-gallery-item\"><figure><img loading=\"lazy\" decoding=\"async\" width=\"768\" height=\"1024\" src=\"https:\/\/www.braunavigatoren.de\/wp-content\/uploads\/2019\/10\/Hauptsch\u00fcttung-768x1024.png\" alt=\"\" data-id=\"440\" data-link=\"https:\/\/www.braunavigatoren.de\/?attachment_id=440\" class=\"wp-image-440\" srcset=\"https:\/\/www.braunavigatoren.de\/wp-content\/uploads\/2019\/10\/Hauptsch\u00fcttung.png 768w, https:\/\/www.braunavigatoren.de\/wp-content\/uploads\/2019\/10\/Hauptsch\u00fcttung-225x300.png 225w\" sizes=\"auto, (max-width: 768px) 85vw, 768px\" \/><figcaption class=\"blocks-gallery-item__caption\">Hauptsch\u00fcttung nach der Roggenrast<\/figcaption><\/figure><\/li><li class=\"blocks-gallery-item\"><figure><img loading=\"lazy\" decoding=\"async\" width=\"768\" height=\"1024\" src=\"https:\/\/www.braunavigatoren.de\/wp-content\/uploads\/2019\/10\/Schneegipfel-768x1024.png\" alt=\"\" data-id=\"444\" data-link=\"https:\/\/www.braunavigatoren.de\/?attachment_id=444\" class=\"wp-image-444\" srcset=\"https:\/\/www.braunavigatoren.de\/wp-content\/uploads\/2019\/10\/Schneegipfel.png 768w, https:\/\/www.braunavigatoren.de\/wp-content\/uploads\/2019\/10\/Schneegipfel-225x300.png 225w\" sizes=\"auto, (max-width: 768px) 85vw, 768px\" \/><figcaption class=\"blocks-gallery-item__caption\">Leergutherstellung mit Schneegipfeln..<\/figcaption><\/figure><\/li><li class=\"blocks-gallery-item\"><figure><img loading=\"lazy\" decoding=\"async\" width=\"683\" height=\"1024\" src=\"https:\/\/www.braunavigatoren.de\/wp-content\/uploads\/2019\/10\/rot-683x1024.png\" alt=\"\" data-id=\"418\" data-link=\"https:\/\/www.braunavigatoren.de\/?attachment_id=418\" class=\"wp-image-418\" srcset=\"https:\/\/www.braunavigatoren.de\/wp-content\/uploads\/2019\/10\/rot-683x1024.png 683w, https:\/\/www.braunavigatoren.de\/wp-content\/uploads\/2019\/10\/rot-200x300.png 200w, https:\/\/www.braunavigatoren.de\/wp-content\/uploads\/2019\/10\/rot.png 724w\" sizes=\"auto, (max-width: 683px) 85vw, 683px\" \/><figcaption class=\"blocks-gallery-item__caption\">.. und Blick ins herbstliche Tal.<\/figcaption><\/figure><\/li><li class=\"blocks-gallery-item\"><figure><img loading=\"lazy\" decoding=\"async\" width=\"768\" height=\"1024\" src=\"https:\/\/www.braunavigatoren.de\/wp-content\/uploads\/2019\/10\/SpeisezumSpindeln-768x1024.png\" alt=\"\" data-id=\"445\" data-link=\"https:\/\/www.braunavigatoren.de\/?attachment_id=445\" class=\"wp-image-445\" srcset=\"https:\/\/www.braunavigatoren.de\/wp-content\/uploads\/2019\/10\/SpeisezumSpindeln.png 768w, https:\/\/www.braunavigatoren.de\/wp-content\/uploads\/2019\/10\/SpeisezumSpindeln-225x300.png 225w\" sizes=\"auto, (max-width: 768px) 85vw, 768px\" \/><figcaption class=\"blocks-gallery-item__caption\">Speise wird zum Spindeln entnommen &#8211; 14,4% Stammw\u00fcrze<\/figcaption><\/figure><\/li><li class=\"blocks-gallery-item\"><figure><img loading=\"lazy\" decoding=\"async\" width=\"768\" height=\"1024\" src=\"https:\/\/www.braunavigatoren.de\/wp-content\/uploads\/2019\/10\/Birgit-768x1024.jpg\" alt=\"\" data-id=\"439\" data-link=\"https:\/\/www.braunavigatoren.de\/?attachment_id=439\" class=\"wp-image-439\" srcset=\"https:\/\/www.braunavigatoren.de\/wp-content\/uploads\/2019\/10\/Birgit.jpg 768w, https:\/\/www.braunavigatoren.de\/wp-content\/uploads\/2019\/10\/Birgit-225x300.jpg 225w\" sizes=\"auto, (max-width: 768px) 85vw, 768px\" \/><figcaption class=\"blocks-gallery-item__caption\">Alles wieder s\u00e4ubern und zusammenpacken.<\/figcaption><\/figure><\/li><li class=\"blocks-gallery-item\"><figure><img loading=\"lazy\" decoding=\"async\" width=\"1024\" height=\"768\" src=\"https:\/\/www.braunavigatoren.de\/wp-content\/uploads\/2019\/10\/schlauchen-1024x768.png\" alt=\"\" data-id=\"443\" data-link=\"https:\/\/www.braunavigatoren.de\/?attachment_id=443\" class=\"wp-image-443\" srcset=\"https:\/\/www.braunavigatoren.de\/wp-content\/uploads\/2019\/10\/schlauchen.png 1024w, https:\/\/www.braunavigatoren.de\/wp-content\/uploads\/2019\/10\/schlauchen-300x225.png 300w, https:\/\/www.braunavigatoren.de\/wp-content\/uploads\/2019\/10\/schlauchen-768x576.png 768w\" sizes=\"auto, (max-width: 709px) 85vw, (max-width: 909px) 67vw, (max-width: 1362px) 62vw, 840px\" \/><figcaption class=\"blocks-gallery-item__caption\">18,5 Liter geschlaucht und bereit f\u00fcr den Heimtransport.<\/figcaption><\/figure><\/li><\/ul><\/figure>\n\n\n\n<p><strong>Ergebnis\/Bewertung:<br><\/strong>Dennis hatte schon im Fr\u00fchjahr ein Rezept mit vier Korn\/Malz-Sorten gefunden und uns alle \u00fcberzeugt, dass dies einen Versuch wert sei. Alle Zutaten hat er dann sofort besorgt und wir trafen uns zum zweiten Male im Wyssfluehuis &#8211; weil hier das Brauen noch einmal etwas ganz Besonderes ist.<br><\/p>\n\n\n\n<figure class=\"wp-block-image size-large is-resized\"><img loading=\"lazy\" decoding=\"async\" src=\"https:\/\/www.braunavigatoren.de\/wp-content\/uploads\/2019\/10\/Tellialp-768x1024.png\" alt=\"\" class=\"wp-image-446\" width=\"379\" height=\"505\" srcset=\"https:\/\/www.braunavigatoren.de\/wp-content\/uploads\/2019\/10\/Tellialp-768x1024.png 768w, https:\/\/www.braunavigatoren.de\/wp-content\/uploads\/2019\/10\/Tellialp-225x300.png 225w, https:\/\/www.braunavigatoren.de\/wp-content\/uploads\/2019\/10\/Tellialp.png 1200w\" sizes=\"auto, (max-width: 379px) 85vw, 379px\" \/><figcaption>Trotz miesem Wetter konnten wir nach dem Brautag drau\u00dfen auf der Tellialp noch ein &#8222;Industriebier&#8220; zwitschern. <\/figcaption><\/figure>\n","protected":false},"excerpt":{"rendered":"<p>Name-Rezept: Dunkles 4-Korn-BierDatum: 21.10.2019Verfahren: aufsteigende InfusionBiersorte: English AleHauptguss: 16 LiterNachguss: 13 LiterSch\u00fcttung: 1,5 kg Pilsner Malz, 0,45 kg Cara hell, 0,15 kg CaraAroma, 1 kg Weizenmalz, 1 kg Roggenmalz, 1 kg DinkelmalzEinmaischen: 35\u00b0 C (nur das Roggenmalz)Roggenrast: 30 Minuten bei 40\u00b0 CEinmaischen: des restlichen MalzesEiweissrast: 10 Min. bei 55\u00b0 CMaltoserast: 30 Min. bei 63\u00b0 CVerzuckerungsrast: &hellip; <a href=\"https:\/\/www.braunavigatoren.de\/?page_id=326\" class=\"more-link\"><span class=\"screen-reader-text\">\u201eUnser &#8222;4-Ch\u00f6rnli-Gebr\u00e4u&#8220;\u201c <\/span>weiterlesen<\/a><\/p>\n","protected":false},"author":2,"featured_media":0,"parent":59,"menu_order":13,"comment_status":"closed","ping_status":"closed","template":"","meta":{"footnotes":""},"class_list":["post-326","page","type-page","status-publish","hentry"],"_links":{"self":[{"href":"https:\/\/www.braunavigatoren.de\/index.php?rest_route=\/wp\/v2\/pages\/326","targetHints":{"allow":["GET"]}}],"collection":[{"href":"https:\/\/www.braunavigatoren.de\/index.php?rest_route=\/wp\/v2\/pages"}],"about":[{"href":"https:\/\/www.braunavigatoren.de\/index.php?rest_route=\/wp\/v2\/types\/page"}],"author":[{"embeddable":true,"href":"https:\/\/www.braunavigatoren.de\/index.php?rest_route=\/wp\/v2\/users\/2"}],"replies":[{"embeddable":true,"href":"https:\/\/www.braunavigatoren.de\/index.php?rest_route=%2Fwp%2Fv2%2Fcomments&post=326"}],"version-history":[{"count":31,"href":"https:\/\/www.braunavigatoren.de\/index.php?rest_route=\/wp\/v2\/pages\/326\/revisions"}],"predecessor-version":[{"id":675,"href":"https:\/\/www.braunavigatoren.de\/index.php?rest_route=\/wp\/v2\/pages\/326\/revisions\/675"}],"up":[{"embeddable":true,"href":"https:\/\/www.braunavigatoren.de\/index.php?rest_route=\/wp\/v2\/pages\/59"}],"wp:attachment":[{"href":"https:\/\/www.braunavigatoren.de\/index.php?rest_route=%2Fwp%2Fv2%2Fmedia&parent=326"}],"curies":[{"name":"wp","href":"https:\/\/api.w.org\/{rel}","templated":true}]}}