{"id":287,"date":"2019-06-10T15:08:06","date_gmt":"2019-06-10T13:08:06","guid":{"rendered":"https:\/\/www.braunavigatoren.de\/?page_id=287"},"modified":"2024-02-17T15:27:14","modified_gmt":"2024-02-17T14:27:14","slug":"fortbildungen","status":"publish","type":"page","link":"https:\/\/www.braunavigatoren.de\/?page_id=287","title":{"rendered":"Fortbildungen"},"content":{"rendered":"\n<p><\/p>\n\n\n\n<p><\/p>\n\n\n\n<p>Wir nutzen gerne jede sich bietende Gelegenheit erfahrenen Braumeister*innen \u00fcber die Schulter zu schauen oder in Gespr\u00e4chen mit anderen Heimbrauer*innen Neues zu erfahren, Tipps zu bekommen und Ideen f\u00fcr kommende Brauprojekte zu entwickeln.<\/p>\n\n\n\n<figure class=\"wp-block-image\"><img loading=\"lazy\" decoding=\"async\" width=\"640\" height=\"480\" src=\"https:\/\/www.braunavigatoren.de\/wp-content\/uploads\/2019\/06\/IMG_4204.png\" alt=\"\" class=\"wp-image-293\" srcset=\"https:\/\/www.braunavigatoren.de\/wp-content\/uploads\/2019\/06\/IMG_4204.png 640w, https:\/\/www.braunavigatoren.de\/wp-content\/uploads\/2019\/06\/IMG_4204-300x225.png 300w\" sizes=\"auto, (max-width: 640px) 85vw, 640px\" \/><figcaption class=\"wp-element-caption\">Firmenfahrzeug der CIRCLE 8 BREWERY im Hamburger Stadteile Alsterdorf<\/figcaption><\/figure>\n\n\n\n<p><\/p>\n\n\n\n<p><strong>Circle-8-Brewery in Alsterdorf\/Hamburg<\/strong><\/p>\n\n\n\n<p><strong>Leider gibt es diese Brauerei seit Juli 2023 dort nicht mehr<\/strong><\/p>\n\n\n\n<p>In Hamburg Alsterdorf &#8211; bei Dennis um die Ecke &#8211; hat vor einigen Jahren Nikhil Jani den Sprung vom Heimbrauer zum Craft Beer Profi gewagt, eine kleine Brauerei mit Taproom aufgebaut und damit einen ganzen Stadtteil neu belebt. Am 5. Juni 2019 bot sich f\u00fcr Ottmar die Gelegenheit, Dennis\u00b4 Lieblingsbrauerei zu besuchen. &#8222;Dark side of the moon&#8220; und &#8222;Brown Ale&#8220; waren &#8211; wenn wundert\u00b4s &#8211; Ottmars Favoriten.<br><br>Neben sehr gutem Bier gab es aber auch sofort Kontakt zu Braumeister und G\u00e4sten.  Anhand diverser Tipps wurde gleich klar, dass neben vielen Craft-Beer-Fans etliche mit eigener Brauerfahrung zu den Stammkunden geh\u00f6ren.<br><a href=\"http:\/\/circle8brewery.de\">http:\/\/circle8brewery.de <\/a><\/p>\n\n\n\n<p>Wer sich in Hamburg aufh\u00e4lt, sollte also Nik\u00b4s  CIRCEL8BREWERY  auf keinen Fall auslassen.<\/p>\n\n\n\n<p><strong>Am\u00f6nauer-Hofbrauerei<\/strong><\/p>\n\n\n\n<p>Birgit\u00b4s Bruder Boris wohnt auf einem ehemaligen Bauernhof in Oberhessen. Als er den Hof \u00fcbernahm fand sich neben allen m\u00f6glichen anderen Dingen auch ein alter, holzbeheizter Wurst- und Waschkessel. Darin wurde am Karfreitag &#8211; 7.4.2023 &#8211; eine gr\u00f6\u00dfere Menge Pils gebraut. (das dann aber wohl eher ein Maibock werden d\u00fcrfte)<br>Alles fand unter dem Vordach der Scheune bei Regen und 6\u00b0 Celsius statt. Wir waren sehr erstaunt, wie wenig Holz\/Energie der gesamte Sud brauchte. Auch wenn wir Haupt- und Nachguss aus vorgeheizter Quelle nahmen, waren nur wenige Holzscheite n\u00f6tig, um die ca. 115 Liter (ca. 70 Liter Bier) auf die n\u00f6tigen Temperaturen zu bringen und auch das Hopfenkochen zu erledigen. Diese alten Wurstkessel sind offenbar enorm effektiv und supergut nach aussen isoliert. Wenn eine Temperatur erreicht war, haben wir mit einer kleinen Schaufel  die Glut aus dem Ofen geholt und konnten so die richtige W\u00e4rme einstellen.<\/p>\n\n\n\n<figure class=\"wp-block-gallery has-nested-images columns-default is-cropped wp-block-gallery-1 is-layout-flex wp-block-gallery-is-layout-flex\">\n<figure class=\"wp-block-image size-large\"><img loading=\"lazy\" decoding=\"async\" width=\"768\" height=\"1024\" data-id=\"785\" src=\"https:\/\/www.braunavigatoren.de\/wp-content\/uploads\/2023\/04\/IMG_3127-768x1024.png\" alt=\"\" class=\"wp-image-785\" srcset=\"https:\/\/www.braunavigatoren.de\/wp-content\/uploads\/2023\/04\/IMG_3127-768x1024.png 768w, https:\/\/www.braunavigatoren.de\/wp-content\/uploads\/2023\/04\/IMG_3127-225x300.png 225w, https:\/\/www.braunavigatoren.de\/wp-content\/uploads\/2023\/04\/IMG_3127-1152x1536.png 1152w, https:\/\/www.braunavigatoren.de\/wp-content\/uploads\/2023\/04\/IMG_3127-1536x2048.png 1536w, https:\/\/www.braunavigatoren.de\/wp-content\/uploads\/2023\/04\/IMG_3127-1200x1600.png 1200w\" sizes=\"auto, (max-width: 768px) 85vw, 768px\" \/><figcaption class=\"wp-element-caption\">Sudpfanne und L\u00e4uterbeh\u00e4lter<\/figcaption><\/figure>\n\n\n\n<figure class=\"wp-block-image size-large\"><img loading=\"lazy\" decoding=\"async\" width=\"768\" height=\"1024\" data-id=\"787\" src=\"https:\/\/www.braunavigatoren.de\/wp-content\/uploads\/2023\/04\/IMG_3129-768x1024.png\" alt=\"\" class=\"wp-image-787\" srcset=\"https:\/\/www.braunavigatoren.de\/wp-content\/uploads\/2023\/04\/IMG_3129-768x1024.png 768w, https:\/\/www.braunavigatoren.de\/wp-content\/uploads\/2023\/04\/IMG_3129-225x300.png 225w, https:\/\/www.braunavigatoren.de\/wp-content\/uploads\/2023\/04\/IMG_3129-1152x1536.png 1152w, https:\/\/www.braunavigatoren.de\/wp-content\/uploads\/2023\/04\/IMG_3129-1536x2048.png 1536w, https:\/\/www.braunavigatoren.de\/wp-content\/uploads\/2023\/04\/IMG_3129-1200x1600.png 1200w\" sizes=\"auto, (max-width: 768px) 85vw, 768px\" \/><figcaption class=\"wp-element-caption\">Freilicht-Brauanlage &#8222;Wurstkessel&#8220;<\/figcaption><\/figure>\n\n\n\n<figure class=\"wp-block-image size-large\"><img loading=\"lazy\" decoding=\"async\" width=\"768\" height=\"1024\" data-id=\"786\" src=\"https:\/\/www.braunavigatoren.de\/wp-content\/uploads\/2023\/04\/IMG_3130-768x1024.png\" alt=\"\" class=\"wp-image-786\" srcset=\"https:\/\/www.braunavigatoren.de\/wp-content\/uploads\/2023\/04\/IMG_3130-768x1024.png 768w, https:\/\/www.braunavigatoren.de\/wp-content\/uploads\/2023\/04\/IMG_3130-225x300.png 225w, https:\/\/www.braunavigatoren.de\/wp-content\/uploads\/2023\/04\/IMG_3130-1152x1536.png 1152w, https:\/\/www.braunavigatoren.de\/wp-content\/uploads\/2023\/04\/IMG_3130-1536x2048.png 1536w, https:\/\/www.braunavigatoren.de\/wp-content\/uploads\/2023\/04\/IMG_3130-1200x1600.png 1200w\" sizes=\"auto, (max-width: 768px) 85vw, 768px\" \/><figcaption class=\"wp-element-caption\">holzbeheizter Wurst-und Braukessel von &#8222;Arnold&#8220;<\/figcaption><\/figure>\n\n\n\n<figure class=\"wp-block-image size-large\"><img loading=\"lazy\" decoding=\"async\" width=\"768\" height=\"1024\" data-id=\"784\" src=\"https:\/\/www.braunavigatoren.de\/wp-content\/uploads\/2023\/04\/IMG_3131-768x1024.png\" alt=\"\" class=\"wp-image-784\" srcset=\"https:\/\/www.braunavigatoren.de\/wp-content\/uploads\/2023\/04\/IMG_3131-768x1024.png 768w, https:\/\/www.braunavigatoren.de\/wp-content\/uploads\/2023\/04\/IMG_3131-225x300.png 225w, https:\/\/www.braunavigatoren.de\/wp-content\/uploads\/2023\/04\/IMG_3131-1152x1536.png 1152w, https:\/\/www.braunavigatoren.de\/wp-content\/uploads\/2023\/04\/IMG_3131-1536x2048.png 1536w, https:\/\/www.braunavigatoren.de\/wp-content\/uploads\/2023\/04\/IMG_3131-1200x1600.png 1200w\" sizes=\"auto, (max-width: 768px) 85vw, 768px\" \/><figcaption class=\"wp-element-caption\">Deckel drauf..<\/figcaption><\/figure>\n\n\n\n<figure class=\"wp-block-image size-large\"><img loading=\"lazy\" decoding=\"async\" width=\"768\" height=\"1024\" data-id=\"782\" src=\"https:\/\/www.braunavigatoren.de\/wp-content\/uploads\/2023\/04\/IMG_3133-768x1024.png\" alt=\"\" class=\"wp-image-782\" srcset=\"https:\/\/www.braunavigatoren.de\/wp-content\/uploads\/2023\/04\/IMG_3133-768x1024.png 768w, https:\/\/www.braunavigatoren.de\/wp-content\/uploads\/2023\/04\/IMG_3133-225x300.png 225w, https:\/\/www.braunavigatoren.de\/wp-content\/uploads\/2023\/04\/IMG_3133-1152x1536.png 1152w, https:\/\/www.braunavigatoren.de\/wp-content\/uploads\/2023\/04\/IMG_3133-1536x2048.png 1536w, https:\/\/www.braunavigatoren.de\/wp-content\/uploads\/2023\/04\/IMG_3133-1200x1600.png 1200w\" sizes=\"auto, (max-width: 768px) 85vw, 768px\" \/><figcaption class=\"wp-element-caption\">.. dann kann man schnell einmaischen<\/figcaption><\/figure>\n\n\n\n<figure class=\"wp-block-image size-large\"><img loading=\"lazy\" decoding=\"async\" width=\"768\" height=\"1024\" data-id=\"783\" src=\"https:\/\/www.braunavigatoren.de\/wp-content\/uploads\/2023\/04\/IMG_3136-768x1024.png\" alt=\"\" class=\"wp-image-783\" srcset=\"https:\/\/www.braunavigatoren.de\/wp-content\/uploads\/2023\/04\/IMG_3136-768x1024.png 768w, https:\/\/www.braunavigatoren.de\/wp-content\/uploads\/2023\/04\/IMG_3136-225x300.png 225w, https:\/\/www.braunavigatoren.de\/wp-content\/uploads\/2023\/04\/IMG_3136-1152x1536.png 1152w, https:\/\/www.braunavigatoren.de\/wp-content\/uploads\/2023\/04\/IMG_3136-1536x2048.png 1536w, https:\/\/www.braunavigatoren.de\/wp-content\/uploads\/2023\/04\/IMG_3136-1200x1600.png 1200w\" sizes=\"auto, (max-width: 768px) 85vw, 768px\" \/><figcaption class=\"wp-element-caption\">Hopfengabe mit unserem Wildhopfen &#8222;Humulus lupulus schriesdomus&#8220;<\/figcaption><\/figure>\n<\/figure>\n","protected":false},"excerpt":{"rendered":"<p>Wir nutzen gerne jede sich bietende Gelegenheit erfahrenen Braumeister*innen \u00fcber die Schulter zu schauen oder in Gespr\u00e4chen mit anderen Heimbrauer*innen Neues zu erfahren, Tipps zu bekommen und Ideen f\u00fcr kommende Brauprojekte zu entwickeln. Circle-8-Brewery in Alsterdorf\/Hamburg Leider gibt es diese Brauerei seit Juli 2023 dort nicht mehr In Hamburg Alsterdorf &#8211; bei Dennis um die &hellip; <a href=\"https:\/\/www.braunavigatoren.de\/?page_id=287\" class=\"more-link\"><span class=\"screen-reader-text\">\u201eFortbildungen\u201c <\/span>weiterlesen<\/a><\/p>\n","protected":false},"author":2,"featured_media":0,"parent":0,"menu_order":0,"comment_status":"closed","ping_status":"closed","template":"","meta":{"footnotes":""},"class_list":["post-287","page","type-page","status-publish","hentry"],"_links":{"self":[{"href":"https:\/\/www.braunavigatoren.de\/index.php?rest_route=\/wp\/v2\/pages\/287","targetHints":{"allow":["GET"]}}],"collection":[{"href":"https:\/\/www.braunavigatoren.de\/index.php?rest_route=\/wp\/v2\/pages"}],"about":[{"href":"https:\/\/www.braunavigatoren.de\/index.php?rest_route=\/wp\/v2\/types\/page"}],"author":[{"embeddable":true,"href":"https:\/\/www.braunavigatoren.de\/index.php?rest_route=\/wp\/v2\/users\/2"}],"replies":[{"embeddable":true,"href":"https:\/\/www.braunavigatoren.de\/index.php?rest_route=%2Fwp%2Fv2%2Fcomments&post=287"}],"version-history":[{"count":6,"href":"https:\/\/www.braunavigatoren.de\/index.php?rest_route=\/wp\/v2\/pages\/287\/revisions"}],"predecessor-version":[{"id":810,"href":"https:\/\/www.braunavigatoren.de\/index.php?rest_route=\/wp\/v2\/pages\/287\/revisions\/810"}],"wp:attachment":[{"href":"https:\/\/www.braunavigatoren.de\/index.php?rest_route=%2Fwp%2Fv2%2Fmedia&parent=287"}],"curies":[{"name":"wp","href":"https:\/\/api.w.org\/{rel}","templated":true}]}}