{"id":20,"date":"2019-04-19T08:10:01","date_gmt":"2019-04-19T06:10:01","guid":{"rendered":"https:\/\/www.braunavigatoren.de\/?page_id=20"},"modified":"2021-12-11T18:51:29","modified_gmt":"2021-12-11T17:51:29","slug":"der-jubilator","status":"publish","type":"page","link":"https:\/\/www.braunavigatoren.de\/?page_id=20","title":{"rendered":"Unser &#8222;Jubilator&#8220;"},"content":{"rendered":"\n<p>gebraut am 1. Februar 2019<br>ein Belgisch Dubbel, das gut gelungen ist. Allerdings mussten wir die vorgesehene Hefeart \u00e4ndern, weil die Wyeast-Hefe nicht reagierte. Freundlicherweise hat uns die Lobdengau-Brauerei aus Ladenburg Hefe \u00fcberlassen und damit den Sud gerettet.<\/p>\n\n\n\n<figure class=\"wp-block-image is-resized\"><img loading=\"lazy\" decoding=\"async\" src=\"https:\/\/www.braunavigatoren.de\/wp-content\/uploads\/2019\/04\/Jubilator.png\" alt=\"\" class=\"wp-image-19\" width=\"272\" height=\"365\" srcset=\"https:\/\/www.braunavigatoren.de\/wp-content\/uploads\/2019\/04\/Jubilator.png 543w, https:\/\/www.braunavigatoren.de\/wp-content\/uploads\/2019\/04\/Jubilator-223x300.png 223w\" sizes=\"auto, (max-width: 272px) 85vw, 272px\" \/><figcaption>Etikett des &#8222;Jubilators&#8220;<\/figcaption><\/figure>\n\n\n\n<figure class=\"wp-block-image\"><img decoding=\"async\" src=\"blob:https:\/\/www.braunavigatoren.de\/e3fd3c1a-2ab1-4019-8fe3-82c86dea313d\" alt=\"\"\/><\/figure>\n\n\n\n<p><strong>JUBILATOR<\/strong><br><strong>Datum:<\/strong> 1.2.2019<br><strong>Maischeverfahren:<\/strong> <br>Sch\u00fcttung in 9 Liter Wasser bei 44\u00b0 C, 10 Min. Rast<br>1,4 Liter Wasser mit 100\u00b0 C zugeben, 30 Min. Rast<br>4,7 Liter Wasser mit 100\u00b0 C zugeben, 40 Min. Rast<br>5 Liter Wasser mit 100\u00b0 C zugeben, 30 Min. Rast<br>7,3 Liter Wasser mit 100\u00b0 zugeben, 15 Min. Rast<br><strong>Biersorte:<\/strong> Belgisches Dubbel<br><strong>Sch\u00fcttung:<\/strong> 5000 gr. Pilsner Malz, 150 gr. R\u00f6stmalz, 600 gr. Zucker, 4 gr. Irish Moss<br><strong>Abmaischen:<\/strong> bei 78\u00b0 C, wenn jodnormal<br><strong>Kochzeit W\u00fcrze:<\/strong>  90 Min.<br><strong>Hopfen:<\/strong> 28 gr. Saazer, 3,5 % f\u00fcr 90 min., 24 gr. Tettnanger 3,7 % f\u00fcr 60 min.<br><strong>Speise:<\/strong>  1,5 Liter<br><strong>Stammw\u00fcrze:<\/strong>  16,2 %<br><strong>Hefe:<\/strong> Saflager S-189 von Fermentis, ( Rezept verlangte eigentlich Wyeast Belgian Ale)<br><strong>G\u00e4rtemperatur:<\/strong> 11\u00b0 C<br><strong>G\u00e4rdauer:<\/strong>  7 Tage<br><strong>Abgef\u00fcllte Menge:<\/strong>  18 Liter<br><\/p>\n\n\n\n<p><strong>Ergebnis\/Bewertung:<\/strong><br>Die Wyeast Fl\u00fcssighefe hatte nicht reagiert. Deren Beschaffung ist sowieso sehr aufwendig, so dass wir zuk\u00fcnftig mit Trockenhefen arbeiten werden.<br>Das f\u00fcr uns neue Maischeverfahren ergab ein sehr gut gelungenes, aber recht starkes Belgisch Dubbel &#8211; so wie es sein soll. Sollten wir bei Gelegenheit nochmals brauen.<\/p>\n","protected":false},"excerpt":{"rendered":"<p>gebraut am 1. Februar 2019ein Belgisch Dubbel, das gut gelungen ist. Allerdings mussten wir die vorgesehene Hefeart \u00e4ndern, weil die Wyeast-Hefe nicht reagierte. Freundlicherweise hat uns die Lobdengau-Brauerei aus Ladenburg Hefe \u00fcberlassen und damit den Sud gerettet. JUBILATORDatum: 1.2.2019Maischeverfahren: Sch\u00fcttung in 9 Liter Wasser bei 44\u00b0 C, 10 Min. Rast1,4 Liter Wasser mit 100\u00b0 C &hellip; <a href=\"https:\/\/www.braunavigatoren.de\/?page_id=20\" class=\"more-link\"><span class=\"screen-reader-text\">\u201eUnser &#8222;Jubilator&#8220;\u201c <\/span>weiterlesen<\/a><\/p>\n","protected":false},"author":2,"featured_media":0,"parent":59,"menu_order":10,"comment_status":"closed","ping_status":"closed","template":"","meta":{"footnotes":""},"class_list":["post-20","page","type-page","status-publish","hentry"],"_links":{"self":[{"href":"https:\/\/www.braunavigatoren.de\/index.php?rest_route=\/wp\/v2\/pages\/20","targetHints":{"allow":["GET"]}}],"collection":[{"href":"https:\/\/www.braunavigatoren.de\/index.php?rest_route=\/wp\/v2\/pages"}],"about":[{"href":"https:\/\/www.braunavigatoren.de\/index.php?rest_route=\/wp\/v2\/types\/page"}],"author":[{"embeddable":true,"href":"https:\/\/www.braunavigatoren.de\/index.php?rest_route=\/wp\/v2\/users\/2"}],"replies":[{"embeddable":true,"href":"https:\/\/www.braunavigatoren.de\/index.php?rest_route=%2Fwp%2Fv2%2Fcomments&post=20"}],"version-history":[{"count":13,"href":"https:\/\/www.braunavigatoren.de\/index.php?rest_route=\/wp\/v2\/pages\/20\/revisions"}],"predecessor-version":[{"id":673,"href":"https:\/\/www.braunavigatoren.de\/index.php?rest_route=\/wp\/v2\/pages\/20\/revisions\/673"}],"up":[{"embeddable":true,"href":"https:\/\/www.braunavigatoren.de\/index.php?rest_route=\/wp\/v2\/pages\/59"}],"wp:attachment":[{"href":"https:\/\/www.braunavigatoren.de\/index.php?rest_route=%2Fwp%2Fv2%2Fmedia&parent=20"}],"curies":[{"name":"wp","href":"https:\/\/api.w.org\/{rel}","templated":true}]}}