{"id":101,"date":"2019-05-02T11:20:41","date_gmt":"2019-05-02T09:20:41","guid":{"rendered":"https:\/\/www.braunavigatoren.de\/?page_id=101"},"modified":"2019-10-29T19:34:09","modified_gmt":"2019-10-29T18:34:09","slug":"no-10","status":"publish","type":"page","link":"https:\/\/www.braunavigatoren.de\/?page_id=101","title":{"rendered":"Unser &#8222;Alpenbock&#8220;"},"content":{"rendered":"\n<figure class=\"wp-block-image is-resized\"><img loading=\"lazy\" decoding=\"async\" src=\"https:\/\/www.braunavigatoren.de\/wp-content\/uploads\/2019\/05\/IMG_3874-1024x768.jpg\" alt=\"\" class=\"wp-image-177\" width=\"512\" height=\"384\" srcset=\"https:\/\/www.braunavigatoren.de\/wp-content\/uploads\/2019\/05\/IMG_3874-1024x768.jpg 1024w, https:\/\/www.braunavigatoren.de\/wp-content\/uploads\/2019\/05\/IMG_3874-300x225.jpg 300w, https:\/\/www.braunavigatoren.de\/wp-content\/uploads\/2019\/05\/IMG_3874-768x576.jpg 768w, https:\/\/www.braunavigatoren.de\/wp-content\/uploads\/2019\/05\/IMG_3874-1200x900.jpg 1200w\" sizes=\"auto, (max-width: 512px) 85vw, 512px\" \/><figcaption>               <strong>Direkt gegen\u00fcber: Das fast 4000 Meter hohe Bietschorn<\/strong> im Abendlicht<\/figcaption><\/figure>\n\n\n\n<p style=\"text-align:center\">Schon immer wollten wir mal ein Bier in den Alpen brauen. Das Wyssfluehuis im Weiler Weissenried\/Wyssried ist daf\u00fcr hervorragend geeignet. Das H\u00fcsli steht am S\u00fcdhang des L\u00f6tschentals (CH) auf 1.700 Metern H\u00f6he  mit einer grandiosen Aussicht auf das Bietschhorn, die L\u00f6tschenl\u00fccke und viele umliegende hohe Gipfel. Es war urspr\u00fcnglich eine Stallscheune und wurde von Dominik M\u00fcller mit viel Geschmack und Liebe zum Detail umgebaut und so vor dem Verfall gerettet. <\/p>\n\n\n\n<div class=\"wp-block-image\"><figure class=\"alignright is-resized\"><img loading=\"lazy\" decoding=\"async\" src=\"https:\/\/www.braunavigatoren.de\/wp-content\/uploads\/2019\/05\/20181020_113647-1024x768.jpg\" alt=\"\" class=\"wp-image-150\" width=\"512\" height=\"384\" srcset=\"https:\/\/www.braunavigatoren.de\/wp-content\/uploads\/2019\/05\/20181020_113647-1024x768.jpg 1024w, https:\/\/www.braunavigatoren.de\/wp-content\/uploads\/2019\/05\/20181020_113647-300x225.jpg 300w, https:\/\/www.braunavigatoren.de\/wp-content\/uploads\/2019\/05\/20181020_113647-768x576.jpg 768w, https:\/\/www.braunavigatoren.de\/wp-content\/uploads\/2019\/05\/20181020_113647-1568x1176.jpg 1568w\" sizes=\"auto, (max-width: 512px) 85vw, 512px\" \/><figcaption>                                                <strong>Das &#8222;Wyssfluehuis&#8220; in Weissenried\/Wallis<\/strong><\/figcaption><\/figure><\/div>\n\n\n\n<p style=\"text-align:center\">Bei soviel &#8222;wyss&#8220; und &#8222;weiss&#8220; lag es nahe ein Weizenbierrezept auszuw\u00e4hlen, zumal fr\u00fcher &#8211; als in Weissenried noch ganzj\u00e4hrig \u00fcber 50 Bewohner lebten &#8211; die sonnigen Terrassen zum Anbau von Getreide genutzt wurden. Wer weiss, ob hier damals nicht auch schon Bier gebraut wurde? Heute wohnt niemand mehr ganzj\u00e4hrig hier oben, es ist sehr ruhig, nur einige Ferieng\u00e4ste und Wanderer sind ab und an zu sehen.<br> <br>Diesmal wurde unser Team verst\u00e4rkt durch <strong>Christel<\/strong>, die im Hintergrund das Brauteam kulinarisch bediente und best\u00e4ndig f\u00fcr Sauberkeit sorgte. <br>Zum Flaschensp\u00fclen und Abf\u00fcllen war dann sp\u00e4ter unsere liebe Kollegin <strong>Chantal<\/strong> aus Zofingen\/CH dabei.<\/p>\n\n\n\n<div class=\"wp-block-image\"><figure class=\"aligncenter is-resized\"><img loading=\"lazy\" decoding=\"async\" src=\"https:\/\/www.braunavigatoren.de\/wp-content\/uploads\/2019\/05\/Etikett-724x1024.png\" alt=\"\" class=\"wp-image-170\" width=\"362\" height=\"512\" srcset=\"https:\/\/www.braunavigatoren.de\/wp-content\/uploads\/2019\/05\/Etikett-724x1024.png 724w, https:\/\/www.braunavigatoren.de\/wp-content\/uploads\/2019\/05\/Etikett-212x300.png 212w, https:\/\/www.braunavigatoren.de\/wp-content\/uploads\/2019\/05\/Etikett-768x1086.png 768w, https:\/\/www.braunavigatoren.de\/wp-content\/uploads\/2019\/05\/Etikett.png 794w\" sizes=\"auto, (max-width: 362px) 85vw, 362px\" \/><figcaption>          <strong>Das &#8222;Alpenbock&#8220; &#8211; Etikett zeigt den sch\u00f6nen Namensgeber, der in den Alpen heimisch ist.<\/strong><\/figcaption><\/figure><\/div>\n\n\n\n<p style=\"text-align:left\" class=\"has-text-color has-dark-gray-color\"><strong>Alpenbock-Rezept<\/strong><br><br><strong>Datum:<\/strong> 20.10.2018<br><strong>Verfahren:<\/strong> aufsteigende Infusion<br><strong>Biersorte:<\/strong> Weizen-Bock<br><strong>Hauptguss:<\/strong> 16,5 Liter<br><strong>Nachguss:<\/strong> 12,5 Liter<br><strong>Sch\u00fcttung:<\/strong><br>&#8211; 270o gr. Weizenmalz hell<br>&#8211; 2500 gr. M\u00fcnchner Malz<br>&#8211; 250 gr. Caradunkel \u00ae <br>&#8211; 100 gr. Farbmalz<br>250 gr. Schokomalz (erst in der Verzuckerungsrast zugeben)<br><strong>Einmaischen:<\/strong> 43\u00b0 C<br><strong>Eiweissrast:<\/strong> 20 Min. bei 43\u00b0 C<br><strong>Maltoserast:<\/strong> 30 Min. bei 62\u00b0 C<br><strong>Verzuckerungsrast:<\/strong> 30 Min. bei 71\u00b0 C<br>nach 15 Min. Schokomalz zugeben<br><strong>Abmaischen:<\/strong> bei 78\u00b0 C<br><strong>Kochzeit W\u00fcrze:<\/strong> 90 Min.<br><strong>Hopfen:<\/strong> <br>&#8211; 100 gr. Hallertauer Hersbrucker, 1,8 % alpha<br>&#8211; 10 gr. Hallertauer Perle, 10,3 % alpha <br><strong>Speise:<\/strong> 1,5 Liter<br><strong>Stammw\u00fcrze:<\/strong> 17,6 %<br><strong>Hefe:<\/strong> Wyeast-Weizen<br><strong>G\u00e4rtemperatur:<\/strong> ca. 20\u00b0 C<br><strong>G\u00e4rdauer:<\/strong> 6 Tage<br><strong>Abgef\u00fcllte Menge:<\/strong> 18,5 Liter<br><\/p>\n\n\n\n<ul class=\"wp-block-gallery columns-4 is-cropped wp-block-gallery-1 is-layout-flex wp-block-gallery-is-layout-flex\"><li class=\"blocks-gallery-item\"><figure><img loading=\"lazy\" decoding=\"async\" width=\"768\" height=\"1024\" src=\"https:\/\/www.braunavigatoren.de\/wp-content\/uploads\/2019\/10\/IMG-20181020-WA0008-768x1024.png\" alt=\"\" data-id=\"392\" data-link=\"https:\/\/www.braunavigatoren.de\/?attachment_id=392\" class=\"wp-image-392\" srcset=\"https:\/\/www.braunavigatoren.de\/wp-content\/uploads\/2019\/10\/IMG-20181020-WA0008-768x1024.png 768w, https:\/\/www.braunavigatoren.de\/wp-content\/uploads\/2019\/10\/IMG-20181020-WA0008-225x300.png 225w, https:\/\/www.braunavigatoren.de\/wp-content\/uploads\/2019\/10\/IMG-20181020-WA0008.png 1200w\" sizes=\"auto, (max-width: 768px) 85vw, 768px\" \/><figcaption>Es geht los&#8230;<\/figcaption><\/figure><\/li><li class=\"blocks-gallery-item\"><figure><img loading=\"lazy\" decoding=\"async\" width=\"1024\" height=\"768\" src=\"https:\/\/www.braunavigatoren.de\/wp-content\/uploads\/2019\/05\/IMG_3794-1024x768.jpg\" alt=\"\" data-id=\"175\" data-link=\"https:\/\/www.braunavigatoren.de\/?attachment_id=175\" class=\"wp-image-175\" srcset=\"https:\/\/www.braunavigatoren.de\/wp-content\/uploads\/2019\/05\/IMG_3794-1024x768.jpg 1024w, https:\/\/www.braunavigatoren.de\/wp-content\/uploads\/2019\/05\/IMG_3794-300x225.jpg 300w, https:\/\/www.braunavigatoren.de\/wp-content\/uploads\/2019\/05\/IMG_3794-768x576.jpg 768w, https:\/\/www.braunavigatoren.de\/wp-content\/uploads\/2019\/05\/IMG_3794-1200x900.jpg 1200w\" sizes=\"auto, (max-width: 709px) 85vw, (max-width: 909px) 67vw, (max-width: 1362px) 62vw, 840px\" \/><figcaption>&#8230; mit h\u00e4ndischem<br> Malzschroten.<\/figcaption><\/figure><\/li><li class=\"blocks-gallery-item\"><figure><img loading=\"lazy\" decoding=\"async\" width=\"576\" height=\"1024\" src=\"https:\/\/www.braunavigatoren.de\/wp-content\/uploads\/2019\/10\/20181019_165720-576x1024.png\" alt=\"\" data-id=\"389\" data-link=\"https:\/\/www.braunavigatoren.de\/?attachment_id=389\" class=\"wp-image-389\" srcset=\"https:\/\/www.braunavigatoren.de\/wp-content\/uploads\/2019\/10\/20181019_165720-576x1024.png 576w, https:\/\/www.braunavigatoren.de\/wp-content\/uploads\/2019\/10\/20181019_165720-169x300.png 169w, https:\/\/www.braunavigatoren.de\/wp-content\/uploads\/2019\/10\/20181019_165720-768x1365.png 768w, https:\/\/www.braunavigatoren.de\/wp-content\/uploads\/2019\/10\/20181019_165720-1200x2133.png 1200w\" sizes=\"auto, (max-width: 576px) 85vw, 576px\" \/><figcaption>Maltoserast in der Sonne&#8230;<\/figcaption><\/figure><\/li><li class=\"blocks-gallery-item\"><figure><img loading=\"lazy\" decoding=\"async\" width=\"576\" height=\"1024\" src=\"https:\/\/www.braunavigatoren.de\/wp-content\/uploads\/2019\/10\/20181020_172433-576x1024.png\" alt=\"\" data-id=\"390\" data-link=\"https:\/\/www.braunavigatoren.de\/?attachment_id=390\" class=\"wp-image-390\" srcset=\"https:\/\/www.braunavigatoren.de\/wp-content\/uploads\/2019\/10\/20181020_172433-576x1024.png 576w, https:\/\/www.braunavigatoren.de\/wp-content\/uploads\/2019\/10\/20181020_172433-169x300.png 169w, https:\/\/www.braunavigatoren.de\/wp-content\/uploads\/2019\/10\/20181020_172433-768x1365.png 768w, https:\/\/www.braunavigatoren.de\/wp-content\/uploads\/2019\/10\/20181020_172433-1200x2133.png 1200w\" sizes=\"auto, (max-width: 576px) 85vw, 576px\" \/><figcaption>&#8230; mit grandiosem Ausblick &#8230;<\/figcaption><\/figure><\/li><li class=\"blocks-gallery-item\"><figure><img loading=\"lazy\" decoding=\"async\" width=\"576\" height=\"1024\" src=\"https:\/\/www.braunavigatoren.de\/wp-content\/uploads\/2019\/10\/Bild3-1-576x1024.png\" alt=\"\" data-id=\"380\" data-link=\"https:\/\/www.braunavigatoren.de\/?attachment_id=380\" class=\"wp-image-380\" srcset=\"https:\/\/www.braunavigatoren.de\/wp-content\/uploads\/2019\/10\/Bild3-1-576x1024.png 576w, https:\/\/www.braunavigatoren.de\/wp-content\/uploads\/2019\/10\/Bild3-1-169x300.png 169w, https:\/\/www.braunavigatoren.de\/wp-content\/uploads\/2019\/10\/Bild3-1-768x1365.png 768w, https:\/\/www.braunavigatoren.de\/wp-content\/uploads\/2019\/10\/Bild3-1.png 900w\" sizes=\"auto, (max-width: 576px) 85vw, 576px\" \/><figcaption>&#8230; und kr\u00e4ftigem Essen.<\/figcaption><\/figure><\/li><li class=\"blocks-gallery-item\"><figure><img loading=\"lazy\" decoding=\"async\" width=\"768\" height=\"1024\" src=\"https:\/\/www.braunavigatoren.de\/wp-content\/uploads\/2019\/10\/IMG-20181020-WA0024-768x1024.png\" alt=\"\" data-id=\"394\" data-link=\"https:\/\/www.braunavigatoren.de\/?attachment_id=394\" class=\"wp-image-394\" srcset=\"https:\/\/www.braunavigatoren.de\/wp-content\/uploads\/2019\/10\/IMG-20181020-WA0024-768x1024.png 768w, https:\/\/www.braunavigatoren.de\/wp-content\/uploads\/2019\/10\/IMG-20181020-WA0024-225x300.png 225w, https:\/\/www.braunavigatoren.de\/wp-content\/uploads\/2019\/10\/IMG-20181020-WA0024.png 1200w\" sizes=\"auto, (max-width: 768px) 85vw, 768px\" \/><figcaption>L\u00e4utern<\/figcaption><\/figure><\/li><li class=\"blocks-gallery-item\"><figure><img loading=\"lazy\" decoding=\"async\" width=\"768\" height=\"1024\" src=\"https:\/\/www.braunavigatoren.de\/wp-content\/uploads\/2019\/10\/IMG-20181020-WA0020-768x1024.png\" alt=\"\" data-id=\"393\" data-link=\"https:\/\/www.braunavigatoren.de\/?attachment_id=393\" class=\"wp-image-393\" srcset=\"https:\/\/www.braunavigatoren.de\/wp-content\/uploads\/2019\/10\/IMG-20181020-WA0020-768x1024.png 768w, https:\/\/www.braunavigatoren.de\/wp-content\/uploads\/2019\/10\/IMG-20181020-WA0020-225x300.png 225w, https:\/\/www.braunavigatoren.de\/wp-content\/uploads\/2019\/10\/IMG-20181020-WA0020.png 1200w\" sizes=\"auto, (max-width: 768px) 85vw, 768px\" \/><figcaption>schwerer Treber<\/figcaption><\/figure><\/li><li class=\"blocks-gallery-item\"><figure><img loading=\"lazy\" decoding=\"async\" width=\"1024\" height=\"768\" src=\"https:\/\/www.braunavigatoren.de\/wp-content\/uploads\/2019\/10\/IMG-20181020-WA0033-1024x768.png\" alt=\"\" data-id=\"395\" data-link=\"https:\/\/www.braunavigatoren.de\/?attachment_id=395\" class=\"wp-image-395\" srcset=\"https:\/\/www.braunavigatoren.de\/wp-content\/uploads\/2019\/10\/IMG-20181020-WA0033-1024x768.png 1024w, https:\/\/www.braunavigatoren.de\/wp-content\/uploads\/2019\/10\/IMG-20181020-WA0033-300x225.png 300w, https:\/\/www.braunavigatoren.de\/wp-content\/uploads\/2019\/10\/IMG-20181020-WA0033-768x576.png 768w, https:\/\/www.braunavigatoren.de\/wp-content\/uploads\/2019\/10\/IMG-20181020-WA0033-1200x900.png 1200w, https:\/\/www.braunavigatoren.de\/wp-content\/uploads\/2019\/10\/IMG-20181020-WA0033.png 1600w\" sizes=\"auto, (max-width: 709px) 85vw, (max-width: 909px) 67vw, (max-width: 1362px) 62vw, 840px\" \/><figcaption>Team-T-Shirts<\/figcaption><\/figure><\/li><li class=\"blocks-gallery-item\"><figure><img loading=\"lazy\" decoding=\"async\" width=\"768\" height=\"1024\" src=\"https:\/\/www.braunavigatoren.de\/wp-content\/uploads\/2019\/10\/IMG-20181021-WA0001-768x1024.png\" alt=\"\" data-id=\"396\" data-link=\"https:\/\/www.braunavigatoren.de\/?attachment_id=396\" class=\"wp-image-396\" srcset=\"https:\/\/www.braunavigatoren.de\/wp-content\/uploads\/2019\/10\/IMG-20181021-WA0001-768x1024.png 768w, https:\/\/www.braunavigatoren.de\/wp-content\/uploads\/2019\/10\/IMG-20181021-WA0001-225x300.png 225w, https:\/\/www.braunavigatoren.de\/wp-content\/uploads\/2019\/10\/IMG-20181021-WA0001.png 1200w\" sizes=\"auto, (max-width: 768px) 85vw, 768px\" \/><figcaption>Das wird ein Bockbier<\/figcaption><\/figure><\/li><li class=\"blocks-gallery-item\"><figure><img loading=\"lazy\" decoding=\"async\" width=\"1024\" height=\"768\" src=\"https:\/\/www.braunavigatoren.de\/wp-content\/uploads\/2019\/10\/IMG-20181020-WA0001-1024x768.png\" alt=\"\" data-id=\"397\" data-link=\"https:\/\/www.braunavigatoren.de\/?attachment_id=397\" class=\"wp-image-397\" srcset=\"https:\/\/www.braunavigatoren.de\/wp-content\/uploads\/2019\/10\/IMG-20181020-WA0001-1024x768.png 1024w, https:\/\/www.braunavigatoren.de\/wp-content\/uploads\/2019\/10\/IMG-20181020-WA0001-300x225.png 300w, https:\/\/www.braunavigatoren.de\/wp-content\/uploads\/2019\/10\/IMG-20181020-WA0001-768x576.png 768w, https:\/\/www.braunavigatoren.de\/wp-content\/uploads\/2019\/10\/IMG-20181020-WA0001-1200x900.png 1200w, https:\/\/www.braunavigatoren.de\/wp-content\/uploads\/2019\/10\/IMG-20181020-WA0001.png 1600w\" sizes=\"auto, (max-width: 709px) 85vw, (max-width: 909px) 67vw, (max-width: 1362px) 62vw, 840px\" \/><figcaption>Nach getaner Arbeit ein Bierchen in der Sonne bis zum&#8230;<\/figcaption><\/figure><\/li><li class=\"blocks-gallery-item\"><figure><img loading=\"lazy\" decoding=\"async\" width=\"768\" height=\"1024\" src=\"https:\/\/www.braunavigatoren.de\/wp-content\/uploads\/2019\/10\/End-of-Day-1-768x1024.png\" alt=\"\" data-id=\"391\" data-link=\"https:\/\/www.braunavigatoren.de\/?attachment_id=391\" class=\"wp-image-391\" srcset=\"https:\/\/www.braunavigatoren.de\/wp-content\/uploads\/2019\/10\/End-of-Day-1-768x1024.png 768w, https:\/\/www.braunavigatoren.de\/wp-content\/uploads\/2019\/10\/End-of-Day-1-225x300.png 225w, https:\/\/www.braunavigatoren.de\/wp-content\/uploads\/2019\/10\/End-of-Day-1.png 1200w\" sizes=\"auto, (max-width: 768px) 85vw, 768px\" \/><figcaption>&#8230; Abendrot<\/figcaption><\/figure><\/li><\/ul>\n\n\n\n<p style=\"text-align:center\"><br><strong>Ergebnis\/Beurteilung: <\/strong><br>An Heiligabend 2018 punkt 18:00 Uhr wurde in einer Live-Telefonschaltung gemeinsam in Hamburg, Mannheim und Schriesheim angestochen. Die Erwartungen waren hoch, aber der erste Schluck dann recht entt\u00e4uschend. Der Alpenbock war zwar gut verg\u00e4rt, spritzig und sch\u00e4umte gut. Auch kam er wie erwartet sehr kr\u00e4ftig daher, aber er hatte einen recht eigenartigen, etwas ranzigen Geruch und schmeckte &#8222;nach Schafstall&#8220; (Birgit).<br> Mit l\u00e4ngerer Lagerzeit wurde er besser, aber die Stallnote war noch immer zu schmecken.<br>Es ist immer schwer herauszubekommen, welche Ursache so ein Fehler hat. Deshalb begeben wir uns hier in die Welt der Ger\u00fcchte, Vermutungen und Fabeln: Vielleicht h\u00e4tten wir das Bier nicht draussen ausschlagen und k\u00fchlen sollen, wo eine Herde Schafe den Braubeh\u00e4lter eine zeitlang umkreiste. <br><strong>\ud83d\udc11<\/strong><br><\/p>\n\n\n\n<p><\/p>\n\n\n\n<ul class=\"wp-block-gallery columns-2 is-cropped wp-block-gallery-2 is-layout-flex wp-block-gallery-is-layout-flex\"><li class=\"blocks-gallery-item\"><figure><img loading=\"lazy\" decoding=\"async\" width=\"768\" height=\"1024\" src=\"https:\/\/www.braunavigatoren.de\/wp-content\/uploads\/2019\/10\/IMG-20181021-WA0006-1-768x1024.png\" alt=\"\" data-id=\"405\" data-link=\"https:\/\/www.braunavigatoren.de\/?attachment_id=405\" class=\"wp-image-405\" srcset=\"https:\/\/www.braunavigatoren.de\/wp-content\/uploads\/2019\/10\/IMG-20181021-WA0006-1-768x1024.png 768w, https:\/\/www.braunavigatoren.de\/wp-content\/uploads\/2019\/10\/IMG-20181021-WA0006-1-225x300.png 225w, https:\/\/www.braunavigatoren.de\/wp-content\/uploads\/2019\/10\/IMG-20181021-WA0006-1.png 1200w\" sizes=\"auto, (max-width: 768px) 85vw, 768px\" \/><figcaption>Wegen der besseren K\u00fchlung wurde draussen ausgeschlagen &#8211; ein Fehler?<\/figcaption><\/figure><\/li><li class=\"blocks-gallery-item\"><figure><img loading=\"lazy\" decoding=\"async\" width=\"768\" height=\"1024\" src=\"https:\/\/www.braunavigatoren.de\/wp-content\/uploads\/2019\/05\/IMG_3900-e1557572812672-768x1024.jpg\" alt=\"\" data-id=\"173\" data-link=\"https:\/\/www.braunavigatoren.de\/?attachment_id=173\" class=\"wp-image-173\" srcset=\"https:\/\/www.braunavigatoren.de\/wp-content\/uploads\/2019\/05\/IMG_3900-e1557572812672-768x1024.jpg 768w, https:\/\/www.braunavigatoren.de\/wp-content\/uploads\/2019\/05\/IMG_3900-e1557572812672-225x300.jpg 225w, https:\/\/www.braunavigatoren.de\/wp-content\/uploads\/2019\/05\/IMG_3900-e1557572812672-1200x1600.jpg 1200w\" sizes=\"auto, (max-width: 768px) 85vw, 768px\" \/><figcaption>An der Sauberkeit der Flaschen kann es nicht gelegen haben. Diese wurden von \ud83c\udde8\ud83c\uddedChantal Moor (eidg. Departement f\u00fcr Hopfen und Malz)\ud83c\udde8\ud83c\udded akribisch gepr\u00fcft.<\/figcaption><\/figure><\/li><\/ul>\n","protected":false},"excerpt":{"rendered":"<p>Schon immer wollten wir mal ein Bier in den Alpen brauen. Das Wyssfluehuis im Weiler Weissenried\/Wyssried ist daf\u00fcr hervorragend geeignet. Das H\u00fcsli steht am S\u00fcdhang des L\u00f6tschentals (CH) auf 1.700 Metern H\u00f6he mit einer grandiosen Aussicht auf das Bietschhorn, die L\u00f6tschenl\u00fccke und viele umliegende hohe Gipfel. Es war urspr\u00fcnglich eine Stallscheune und wurde von Dominik &hellip; <a href=\"https:\/\/www.braunavigatoren.de\/?page_id=101\" class=\"more-link\"><span class=\"screen-reader-text\">\u201eUnser &#8222;Alpenbock&#8220;\u201c <\/span>weiterlesen<\/a><\/p>\n","protected":false},"author":2,"featured_media":0,"parent":59,"menu_order":9,"comment_status":"closed","ping_status":"closed","template":"","meta":{"footnotes":""},"class_list":["post-101","page","type-page","status-publish","hentry"],"_links":{"self":[{"href":"https:\/\/www.braunavigatoren.de\/index.php?rest_route=\/wp\/v2\/pages\/101","targetHints":{"allow":["GET"]}}],"collection":[{"href":"https:\/\/www.braunavigatoren.de\/index.php?rest_route=\/wp\/v2\/pages"}],"about":[{"href":"https:\/\/www.braunavigatoren.de\/index.php?rest_route=\/wp\/v2\/types\/page"}],"author":[{"embeddable":true,"href":"https:\/\/www.braunavigatoren.de\/index.php?rest_route=\/wp\/v2\/users\/2"}],"replies":[{"embeddable":true,"href":"https:\/\/www.braunavigatoren.de\/index.php?rest_route=%2Fwp%2Fv2%2Fcomments&post=101"}],"version-history":[{"count":29,"href":"https:\/\/www.braunavigatoren.de\/index.php?rest_route=\/wp\/v2\/pages\/101\/revisions"}],"predecessor-version":[{"id":459,"href":"https:\/\/www.braunavigatoren.de\/index.php?rest_route=\/wp\/v2\/pages\/101\/revisions\/459"}],"up":[{"embeddable":true,"href":"https:\/\/www.braunavigatoren.de\/index.php?rest_route=\/wp\/v2\/pages\/59"}],"wp:attachment":[{"href":"https:\/\/www.braunavigatoren.de\/index.php?rest_route=%2Fwp%2Fv2%2Fmedia&parent=101"}],"curies":[{"name":"wp","href":"https:\/\/api.w.org\/{rel}","templated":true}]}}